{"id":939,"date":"2017-09-06T11:53:17","date_gmt":"2017-09-06T11:53:17","guid":{"rendered":"https:\/\/adoa.es\/?post_type=product&#038;p=939"},"modified":"2022-02-11T09:43:55","modified_gmt":"2022-02-11T08:43:55","slug":"malla-antihierbas","status":"publish","type":"product","link":"https:\/\/adoa.es\/gl\/producto\/malla-antihierbas\/","title":{"rendered":"Malla antihierbas"},"content":{"rendered":"<p>Malla antihierbas Geotex NORTENE. Ideal para instalar con plantas ornamentales debio a que su color marr\u00f3n es semejante a la tierra y se camufla muy f\u00e1cil con la corteza de pino. Medidas:1,60 x 10 metros. Color: Marr\u00f3n<\/p>\n","protected":false},"excerpt":{"rendered":"<p>Malla antihierbas Geotex Nortene<\/p>\n","protected":false},"featured_media":940,"template":"","meta":[],"product_brand":[],"product_cat":[51],"product_tag":[],"class_list":{"0":"post-939","1":"product","2":"type-product","3":"status-publish","4":"has-post-thumbnail","6":"product_cat-complementos-de-jardin","8":"first","9":"instock","10":"taxable","11":"shipping-taxable","12":"purchasable","13":"product-type-simple"},"yoast_head":"<!-- This site is optimized with the Yoast SEO plugin v25.8 - https:\/\/yoast.com\/wordpress\/plugins\/seo\/ -->\n<title>Malla antihierbas - Adoa<\/title>\n<meta name=\"robots\" content=\"index, follow, max-snippet:-1, max-image-preview:large, max-video-preview:-1\" \/>\n<link rel=\"canonical\" href=\"https:\/\/adoa.es\/producto\/malla-antihierbas\/\" \/>\n<script type=\"application\/ld+json\" class=\"yoast-schema-graph\">{\"@context\":\"https:\/\/schema.org\",\"@graph\":[{\"@type\":\"WebPage\",\"@id\":\"https:\/\/adoa.es\/producto\/malla-antihierbas\/\",\"url\":\"https:\/\/adoa.es\/producto\/malla-antihierbas\/\",\"name\":\"Malla antihierbas - Adoa\",\"isPartOf\":{\"@id\":\"https:\/\/adoa.es\/gl\/#website\"},\"primaryImageOfPage\":{\"@id\":\"https:\/\/adoa.es\/producto\/malla-antihierbas\/#primaryimage\"},\"image\":{\"@id\":\"https:\/\/adoa.es\/producto\/malla-antihierbas\/#primaryimage\"},\"thumbnailUrl\":\"https:\/\/adoa.es\/wp-content\/uploads\/2017\/09\/malla-antihierbas-Geotex.jpg\",\"datePublished\":\"2017-09-06T11:53:17+00:00\",\"dateModified\":\"2022-02-11T08:43:55+00:00\",\"breadcrumb\":{\"@id\":\"https:\/\/adoa.es\/producto\/malla-antihierbas\/#breadcrumb\"},\"inLanguage\":\"gl-ES\",\"potentialAction\":[{\"@type\":\"ReadAction\",\"target\":[\"https:\/\/adoa.es\/producto\/malla-antihierbas\/\"]}]},{\"@type\":\"ImageObject\",\"inLanguage\":\"gl-ES\",\"@id\":\"https:\/\/adoa.es\/producto\/malla-antihierbas\/#primaryimage\",\"url\":\"https:\/\/adoa.es\/wp-content\/uploads\/2017\/09\/malla-antihierbas-Geotex.jpg\",\"contentUrl\":\"https:\/\/adoa.es\/wp-content\/uploads\/2017\/09\/malla-antihierbas-Geotex.jpg\",\"width\":800,\"height\":800},{\"@type\":\"BreadcrumbList\",\"@id\":\"https:\/\/adoa.es\/producto\/malla-antihierbas\/#breadcrumb\",\"itemListElement\":[{\"@type\":\"ListItem\",\"position\":1,\"name\":\"Portada\",\"item\":\"https:\/\/adoa.es\/gl\/\"},{\"@type\":\"ListItem\",\"position\":2,\"name\":\"Tienda\",\"item\":\"https:\/\/adoa.es\/tienda\/\"},{\"@type\":\"ListItem\",\"position\":3,\"name\":\"Malla antihierbas\"}]},{\"@type\":\"WebSite\",\"@id\":\"https:\/\/adoa.es\/gl\/#website\",\"url\":\"https:\/\/adoa.es\/gl\/\",\"name\":\"Adoa\",\"description\":\"Centros de Xardiner\u00eda\",\"potentialAction\":[{\"@type\":\"SearchAction\",\"target\":{\"@type\":\"EntryPoint\",\"urlTemplate\":\"https:\/\/adoa.es\/gl\/?s={search_term_string}\"},\"query-input\":{\"@type\":\"PropertyValueSpecification\",\"valueRequired\":true,\"valueName\":\"search_term_string\"}}],\"inLanguage\":\"gl-ES\"}]}<\/script>\n<!-- \/ Yoast SEO plugin. -->","yoast_head_json":{"title":"Malla antihierbas - Adoa","robots":{"index":"index","follow":"follow","max-snippet":"max-snippet:-1","max-image-preview":"max-image-preview:large","max-video-preview":"max-video-preview:-1"},"canonical":"https:\/\/adoa.es\/producto\/malla-antihierbas\/","schema":{"@context":"https:\/\/schema.org","@graph":[{"@type":"WebPage","@id":"https:\/\/adoa.es\/producto\/malla-antihierbas\/","url":"https:\/\/adoa.es\/producto\/malla-antihierbas\/","name":"Malla antihierbas - Adoa","isPartOf":{"@id":"https:\/\/adoa.es\/gl\/#website"},"primaryImageOfPage":{"@id":"https:\/\/adoa.es\/producto\/malla-antihierbas\/#primaryimage"},"image":{"@id":"https:\/\/adoa.es\/producto\/malla-antihierbas\/#primaryimage"},"thumbnailUrl":"https:\/\/adoa.es\/wp-content\/uploads\/2017\/09\/malla-antihierbas-Geotex.jpg","datePublished":"2017-09-06T11:53:17+00:00","dateModified":"2022-02-11T08:43:55+00:00","breadcrumb":{"@id":"https:\/\/adoa.es\/producto\/malla-antihierbas\/#breadcrumb"},"inLanguage":"gl-ES","potentialAction":[{"@type":"ReadAction","target":["https:\/\/adoa.es\/producto\/malla-antihierbas\/"]}]},{"@type":"ImageObject","inLanguage":"gl-ES","@id":"https:\/\/adoa.es\/producto\/malla-antihierbas\/#primaryimage","url":"https:\/\/adoa.es\/wp-content\/uploads\/2017\/09\/malla-antihierbas-Geotex.jpg","contentUrl":"https:\/\/adoa.es\/wp-content\/uploads\/2017\/09\/malla-antihierbas-Geotex.jpg","width":800,"height":800},{"@type":"BreadcrumbList","@id":"https:\/\/adoa.es\/producto\/malla-antihierbas\/#breadcrumb","itemListElement":[{"@type":"ListItem","position":1,"name":"Portada","item":"https:\/\/adoa.es\/gl\/"},{"@type":"ListItem","position":2,"name":"Tienda","item":"https:\/\/adoa.es\/tienda\/"},{"@type":"ListItem","position":3,"name":"Malla antihierbas"}]},{"@type":"WebSite","@id":"https:\/\/adoa.es\/gl\/#website","url":"https:\/\/adoa.es\/gl\/","name":"Adoa","description":"Centros de Xardiner\u00eda","potentialAction":[{"@type":"SearchAction","target":{"@type":"EntryPoint","urlTemplate":"https:\/\/adoa.es\/gl\/?s={search_term_string}"},"query-input":{"@type":"PropertyValueSpecification","valueRequired":true,"valueName":"search_term_string"}}],"inLanguage":"gl-ES"}]}},"_links":{"self":[{"href":"https:\/\/adoa.es\/gl\/wp-json\/wp\/v2\/product\/939","targetHints":{"allow":["GET"]}}],"collection":[{"href":"https:\/\/adoa.es\/gl\/wp-json\/wp\/v2\/product"}],"about":[{"href":"https:\/\/adoa.es\/gl\/wp-json\/wp\/v2\/types\/product"}],"wp:featuredmedia":[{"embeddable":true,"href":"https:\/\/adoa.es\/gl\/wp-json\/wp\/v2\/media\/940"}],"wp:attachment":[{"href":"https:\/\/adoa.es\/gl\/wp-json\/wp\/v2\/media?parent=939"}],"wp:term":[{"taxonomy":"product_brand","embeddable":true,"href":"https:\/\/adoa.es\/gl\/wp-json\/wp\/v2\/product_brand?post=939"},{"taxonomy":"product_cat","embeddable":true,"href":"https:\/\/adoa.es\/gl\/wp-json\/wp\/v2\/product_cat?post=939"},{"taxonomy":"product_tag","embeddable":true,"href":"https:\/\/adoa.es\/gl\/wp-json\/wp\/v2\/product_tag?post=939"}],"curies":[{"name":"wp","href":"https:\/\/api.w.org\/{rel}","templated":true}]}}