{"id":920,"date":"2017-09-06T11:36:38","date_gmt":"2017-09-06T11:36:38","guid":{"rendered":"https:\/\/adoa.es\/?post_type=product&#038;p=920"},"modified":"2022-02-11T09:50:19","modified_gmt":"2022-02-11T08:50:19","slug":"aireador-jardin-norten","status":"publish","type":"product","link":"https:\/\/adoa.es\/gl\/producto\/aireador-jardin-norten\/","title":{"rendered":"Aireador de jard\u00edn  Nortene"},"content":{"rendered":"<p>Aireador para el c\u00e9sped, id\u00f3neo para pinchar sin da\u00f1ar el c\u00e9sped mientras disfrutamos de nuestro jard\u00edn.<\/p>\n","protected":false},"excerpt":{"rendered":"<p>Aireador, patines de aireado con clavos<\/p>\n","protected":false},"featured_media":921,"template":"","meta":[],"product_brand":[],"product_cat":[51],"product_tag":[],"class_list":{"0":"post-920","1":"product","2":"type-product","3":"status-publish","4":"has-post-thumbnail","6":"product_cat-complementos-de-jardin","8":"first","9":"instock","10":"taxable","11":"shipping-taxable","12":"purchasable","13":"product-type-simple"},"yoast_head":"<!-- This site is optimized with the Yoast SEO plugin v25.8 - https:\/\/yoast.com\/wordpress\/plugins\/seo\/ -->\n<title>Aireador de jard\u00edn Nortene - Adoa<\/title>\n<meta name=\"robots\" content=\"index, follow, max-snippet:-1, max-image-preview:large, max-video-preview:-1\" \/>\n<link rel=\"canonical\" href=\"https:\/\/adoa.es\/producto\/aireador-jardin-norten\/\" \/>\n<script type=\"application\/ld+json\" class=\"yoast-schema-graph\">{\"@context\":\"https:\/\/schema.org\",\"@graph\":[{\"@type\":\"WebPage\",\"@id\":\"https:\/\/adoa.es\/producto\/aireador-jardin-norten\/\",\"url\":\"https:\/\/adoa.es\/producto\/aireador-jardin-norten\/\",\"name\":\"Aireador de jard\u00edn Nortene - Adoa\",\"isPartOf\":{\"@id\":\"https:\/\/adoa.es\/gl\/#website\"},\"primaryImageOfPage\":{\"@id\":\"https:\/\/adoa.es\/producto\/aireador-jardin-norten\/#primaryimage\"},\"image\":{\"@id\":\"https:\/\/adoa.es\/producto\/aireador-jardin-norten\/#primaryimage\"},\"thumbnailUrl\":\"https:\/\/adoa.es\/wp-content\/uploads\/2017\/09\/Patin-Aireador.jpg\",\"datePublished\":\"2017-09-06T11:36:38+00:00\",\"dateModified\":\"2022-02-11T08:50:19+00:00\",\"breadcrumb\":{\"@id\":\"https:\/\/adoa.es\/producto\/aireador-jardin-norten\/#breadcrumb\"},\"inLanguage\":\"gl-ES\",\"potentialAction\":[{\"@type\":\"ReadAction\",\"target\":[\"https:\/\/adoa.es\/producto\/aireador-jardin-norten\/\"]}]},{\"@type\":\"ImageObject\",\"inLanguage\":\"gl-ES\",\"@id\":\"https:\/\/adoa.es\/producto\/aireador-jardin-norten\/#primaryimage\",\"url\":\"https:\/\/adoa.es\/wp-content\/uploads\/2017\/09\/Patin-Aireador.jpg\",\"contentUrl\":\"https:\/\/adoa.es\/wp-content\/uploads\/2017\/09\/Patin-Aireador.jpg\",\"width\":800,\"height\":800},{\"@type\":\"BreadcrumbList\",\"@id\":\"https:\/\/adoa.es\/producto\/aireador-jardin-norten\/#breadcrumb\",\"itemListElement\":[{\"@type\":\"ListItem\",\"position\":1,\"name\":\"Portada\",\"item\":\"https:\/\/adoa.es\/gl\/\"},{\"@type\":\"ListItem\",\"position\":2,\"name\":\"Tienda\",\"item\":\"https:\/\/adoa.es\/tienda\/\"},{\"@type\":\"ListItem\",\"position\":3,\"name\":\"Aireador de jard\u00edn Nortene\"}]},{\"@type\":\"WebSite\",\"@id\":\"https:\/\/adoa.es\/gl\/#website\",\"url\":\"https:\/\/adoa.es\/gl\/\",\"name\":\"Adoa\",\"description\":\"Centros de Xardiner\u00eda\",\"potentialAction\":[{\"@type\":\"SearchAction\",\"target\":{\"@type\":\"EntryPoint\",\"urlTemplate\":\"https:\/\/adoa.es\/gl\/?s={search_term_string}\"},\"query-input\":{\"@type\":\"PropertyValueSpecification\",\"valueRequired\":true,\"valueName\":\"search_term_string\"}}],\"inLanguage\":\"gl-ES\"}]}<\/script>\n<!-- \/ Yoast SEO plugin. -->","yoast_head_json":{"title":"Aireador de jard\u00edn Nortene - Adoa","robots":{"index":"index","follow":"follow","max-snippet":"max-snippet:-1","max-image-preview":"max-image-preview:large","max-video-preview":"max-video-preview:-1"},"canonical":"https:\/\/adoa.es\/producto\/aireador-jardin-norten\/","schema":{"@context":"https:\/\/schema.org","@graph":[{"@type":"WebPage","@id":"https:\/\/adoa.es\/producto\/aireador-jardin-norten\/","url":"https:\/\/adoa.es\/producto\/aireador-jardin-norten\/","name":"Aireador de jard\u00edn Nortene - Adoa","isPartOf":{"@id":"https:\/\/adoa.es\/gl\/#website"},"primaryImageOfPage":{"@id":"https:\/\/adoa.es\/producto\/aireador-jardin-norten\/#primaryimage"},"image":{"@id":"https:\/\/adoa.es\/producto\/aireador-jardin-norten\/#primaryimage"},"thumbnailUrl":"https:\/\/adoa.es\/wp-content\/uploads\/2017\/09\/Patin-Aireador.jpg","datePublished":"2017-09-06T11:36:38+00:00","dateModified":"2022-02-11T08:50:19+00:00","breadcrumb":{"@id":"https:\/\/adoa.es\/producto\/aireador-jardin-norten\/#breadcrumb"},"inLanguage":"gl-ES","potentialAction":[{"@type":"ReadAction","target":["https:\/\/adoa.es\/producto\/aireador-jardin-norten\/"]}]},{"@type":"ImageObject","inLanguage":"gl-ES","@id":"https:\/\/adoa.es\/producto\/aireador-jardin-norten\/#primaryimage","url":"https:\/\/adoa.es\/wp-content\/uploads\/2017\/09\/Patin-Aireador.jpg","contentUrl":"https:\/\/adoa.es\/wp-content\/uploads\/2017\/09\/Patin-Aireador.jpg","width":800,"height":800},{"@type":"BreadcrumbList","@id":"https:\/\/adoa.es\/producto\/aireador-jardin-norten\/#breadcrumb","itemListElement":[{"@type":"ListItem","position":1,"name":"Portada","item":"https:\/\/adoa.es\/gl\/"},{"@type":"ListItem","position":2,"name":"Tienda","item":"https:\/\/adoa.es\/tienda\/"},{"@type":"ListItem","position":3,"name":"Aireador de jard\u00edn Nortene"}]},{"@type":"WebSite","@id":"https:\/\/adoa.es\/gl\/#website","url":"https:\/\/adoa.es\/gl\/","name":"Adoa","description":"Centros de Xardiner\u00eda","potentialAction":[{"@type":"SearchAction","target":{"@type":"EntryPoint","urlTemplate":"https:\/\/adoa.es\/gl\/?s={search_term_string}"},"query-input":{"@type":"PropertyValueSpecification","valueRequired":true,"valueName":"search_term_string"}}],"inLanguage":"gl-ES"}]}},"_links":{"self":[{"href":"https:\/\/adoa.es\/gl\/wp-json\/wp\/v2\/product\/920","targetHints":{"allow":["GET"]}}],"collection":[{"href":"https:\/\/adoa.es\/gl\/wp-json\/wp\/v2\/product"}],"about":[{"href":"https:\/\/adoa.es\/gl\/wp-json\/wp\/v2\/types\/product"}],"wp:featuredmedia":[{"embeddable":true,"href":"https:\/\/adoa.es\/gl\/wp-json\/wp\/v2\/media\/921"}],"wp:attachment":[{"href":"https:\/\/adoa.es\/gl\/wp-json\/wp\/v2\/media?parent=920"}],"wp:term":[{"taxonomy":"product_brand","embeddable":true,"href":"https:\/\/adoa.es\/gl\/wp-json\/wp\/v2\/product_brand?post=920"},{"taxonomy":"product_cat","embeddable":true,"href":"https:\/\/adoa.es\/gl\/wp-json\/wp\/v2\/product_cat?post=920"},{"taxonomy":"product_tag","embeddable":true,"href":"https:\/\/adoa.es\/gl\/wp-json\/wp\/v2\/product_tag?post=920"}],"curies":[{"name":"wp","href":"https:\/\/api.w.org\/{rel}","templated":true}]}}