{"id":722,"date":"2017-09-04T12:57:33","date_gmt":"2017-09-04T12:57:33","guid":{"rendered":"https:\/\/adoa.es\/?post_type=product&#038;p=722"},"modified":"2022-02-11T10:10:10","modified_gmt":"2022-02-11T09:10:10","slug":"gl-center-abono-cesped-larga-duracion","status":"publish","type":"product","link":"https:\/\/adoa.es\/gl\/producto\/gl-center-abono-cesped-larga-duracion\/","title":{"rendered":"GL Center Abono c\u00e9sped larga duraci\u00f3n"},"content":{"rendered":"<p>Abono en forma de mini-gr\u00e1nulos, aporta al c\u00e9sped los nutrientes necesarios para favorecer el crecimiento lento y equilibrado del c\u00e9sped. Proporciona una correcta nutrici\u00f3n durante todas las fases del crecimiento activo: primavera y oto\u00f1o. Los gr\u00e1nulos finos, permiten una mejor distribuci\u00f3n y un efecto inmediato.<\/p>\n","protected":false},"excerpt":{"rendered":"<p>GL Center Abono c\u00e9sped larga duraci\u00f3n 4 meses ornamental, deportivo y \u00e1reas verdes<\/p>\n","protected":false},"featured_media":723,"template":"","meta":[],"product_brand":[],"product_cat":[49],"product_tag":[],"class_list":{"0":"post-722","1":"product","2":"type-product","3":"status-publish","4":"has-post-thumbnail","6":"product_cat-abonos-solidos","8":"first","9":"instock","10":"taxable","11":"shipping-taxable","12":"purchasable","13":"product-type-simple"},"yoast_head":"<!-- This site is optimized with the Yoast SEO plugin v25.8 - https:\/\/yoast.com\/wordpress\/plugins\/seo\/ -->\n<title>GL Center Abono c\u00e9sped larga duraci\u00f3n - Adoa<\/title>\n<meta name=\"robots\" content=\"index, follow, max-snippet:-1, max-image-preview:large, max-video-preview:-1\" \/>\n<link rel=\"canonical\" href=\"https:\/\/adoa.es\/producto\/gl-center-abono-cesped-larga-duracion\/\" \/>\n<script type=\"application\/ld+json\" class=\"yoast-schema-graph\">{\"@context\":\"https:\/\/schema.org\",\"@graph\":[{\"@type\":\"WebPage\",\"@id\":\"https:\/\/adoa.es\/producto\/gl-center-abono-cesped-larga-duracion\/\",\"url\":\"https:\/\/adoa.es\/producto\/gl-center-abono-cesped-larga-duracion\/\",\"name\":\"GL Center Abono c\u00e9sped larga duraci\u00f3n - Adoa\",\"isPartOf\":{\"@id\":\"https:\/\/adoa.es\/gl\/#website\"},\"primaryImageOfPage\":{\"@id\":\"https:\/\/adoa.es\/producto\/gl-center-abono-cesped-larga-duracion\/#primaryimage\"},\"image\":{\"@id\":\"https:\/\/adoa.es\/producto\/gl-center-abono-cesped-larga-duracion\/#primaryimage\"},\"thumbnailUrl\":\"https:\/\/adoa.es\/wp-content\/uploads\/2017\/09\/abono-cesped-mantenimiento.jpg\",\"datePublished\":\"2017-09-04T12:57:33+00:00\",\"dateModified\":\"2022-02-11T09:10:10+00:00\",\"breadcrumb\":{\"@id\":\"https:\/\/adoa.es\/producto\/gl-center-abono-cesped-larga-duracion\/#breadcrumb\"},\"inLanguage\":\"gl-ES\",\"potentialAction\":[{\"@type\":\"ReadAction\",\"target\":[\"https:\/\/adoa.es\/producto\/gl-center-abono-cesped-larga-duracion\/\"]}]},{\"@type\":\"ImageObject\",\"inLanguage\":\"gl-ES\",\"@id\":\"https:\/\/adoa.es\/producto\/gl-center-abono-cesped-larga-duracion\/#primaryimage\",\"url\":\"https:\/\/adoa.es\/wp-content\/uploads\/2017\/09\/abono-cesped-mantenimiento.jpg\",\"contentUrl\":\"https:\/\/adoa.es\/wp-content\/uploads\/2017\/09\/abono-cesped-mantenimiento.jpg\",\"width\":800,\"height\":800},{\"@type\":\"BreadcrumbList\",\"@id\":\"https:\/\/adoa.es\/producto\/gl-center-abono-cesped-larga-duracion\/#breadcrumb\",\"itemListElement\":[{\"@type\":\"ListItem\",\"position\":1,\"name\":\"Portada\",\"item\":\"https:\/\/adoa.es\/gl\/\"},{\"@type\":\"ListItem\",\"position\":2,\"name\":\"Tienda\",\"item\":\"https:\/\/adoa.es\/tienda\/\"},{\"@type\":\"ListItem\",\"position\":3,\"name\":\"GL Center Abono c\u00e9sped larga duraci\u00f3n\"}]},{\"@type\":\"WebSite\",\"@id\":\"https:\/\/adoa.es\/gl\/#website\",\"url\":\"https:\/\/adoa.es\/gl\/\",\"name\":\"Adoa\",\"description\":\"Centros de Xardiner\u00eda\",\"potentialAction\":[{\"@type\":\"SearchAction\",\"target\":{\"@type\":\"EntryPoint\",\"urlTemplate\":\"https:\/\/adoa.es\/gl\/?s={search_term_string}\"},\"query-input\":{\"@type\":\"PropertyValueSpecification\",\"valueRequired\":true,\"valueName\":\"search_term_string\"}}],\"inLanguage\":\"gl-ES\"}]}<\/script>\n<!-- \/ Yoast SEO plugin. -->","yoast_head_json":{"title":"GL Center Abono c\u00e9sped larga duraci\u00f3n - Adoa","robots":{"index":"index","follow":"follow","max-snippet":"max-snippet:-1","max-image-preview":"max-image-preview:large","max-video-preview":"max-video-preview:-1"},"canonical":"https:\/\/adoa.es\/producto\/gl-center-abono-cesped-larga-duracion\/","schema":{"@context":"https:\/\/schema.org","@graph":[{"@type":"WebPage","@id":"https:\/\/adoa.es\/producto\/gl-center-abono-cesped-larga-duracion\/","url":"https:\/\/adoa.es\/producto\/gl-center-abono-cesped-larga-duracion\/","name":"GL Center Abono c\u00e9sped larga duraci\u00f3n - Adoa","isPartOf":{"@id":"https:\/\/adoa.es\/gl\/#website"},"primaryImageOfPage":{"@id":"https:\/\/adoa.es\/producto\/gl-center-abono-cesped-larga-duracion\/#primaryimage"},"image":{"@id":"https:\/\/adoa.es\/producto\/gl-center-abono-cesped-larga-duracion\/#primaryimage"},"thumbnailUrl":"https:\/\/adoa.es\/wp-content\/uploads\/2017\/09\/abono-cesped-mantenimiento.jpg","datePublished":"2017-09-04T12:57:33+00:00","dateModified":"2022-02-11T09:10:10+00:00","breadcrumb":{"@id":"https:\/\/adoa.es\/producto\/gl-center-abono-cesped-larga-duracion\/#breadcrumb"},"inLanguage":"gl-ES","potentialAction":[{"@type":"ReadAction","target":["https:\/\/adoa.es\/producto\/gl-center-abono-cesped-larga-duracion\/"]}]},{"@type":"ImageObject","inLanguage":"gl-ES","@id":"https:\/\/adoa.es\/producto\/gl-center-abono-cesped-larga-duracion\/#primaryimage","url":"https:\/\/adoa.es\/wp-content\/uploads\/2017\/09\/abono-cesped-mantenimiento.jpg","contentUrl":"https:\/\/adoa.es\/wp-content\/uploads\/2017\/09\/abono-cesped-mantenimiento.jpg","width":800,"height":800},{"@type":"BreadcrumbList","@id":"https:\/\/adoa.es\/producto\/gl-center-abono-cesped-larga-duracion\/#breadcrumb","itemListElement":[{"@type":"ListItem","position":1,"name":"Portada","item":"https:\/\/adoa.es\/gl\/"},{"@type":"ListItem","position":2,"name":"Tienda","item":"https:\/\/adoa.es\/tienda\/"},{"@type":"ListItem","position":3,"name":"GL Center Abono c\u00e9sped larga duraci\u00f3n"}]},{"@type":"WebSite","@id":"https:\/\/adoa.es\/gl\/#website","url":"https:\/\/adoa.es\/gl\/","name":"Adoa","description":"Centros de Xardiner\u00eda","potentialAction":[{"@type":"SearchAction","target":{"@type":"EntryPoint","urlTemplate":"https:\/\/adoa.es\/gl\/?s={search_term_string}"},"query-input":{"@type":"PropertyValueSpecification","valueRequired":true,"valueName":"search_term_string"}}],"inLanguage":"gl-ES"}]}},"_links":{"self":[{"href":"https:\/\/adoa.es\/gl\/wp-json\/wp\/v2\/product\/722","targetHints":{"allow":["GET"]}}],"collection":[{"href":"https:\/\/adoa.es\/gl\/wp-json\/wp\/v2\/product"}],"about":[{"href":"https:\/\/adoa.es\/gl\/wp-json\/wp\/v2\/types\/product"}],"wp:featuredmedia":[{"embeddable":true,"href":"https:\/\/adoa.es\/gl\/wp-json\/wp\/v2\/media\/723"}],"wp:attachment":[{"href":"https:\/\/adoa.es\/gl\/wp-json\/wp\/v2\/media?parent=722"}],"wp:term":[{"taxonomy":"product_brand","embeddable":true,"href":"https:\/\/adoa.es\/gl\/wp-json\/wp\/v2\/product_brand?post=722"},{"taxonomy":"product_cat","embeddable":true,"href":"https:\/\/adoa.es\/gl\/wp-json\/wp\/v2\/product_cat?post=722"},{"taxonomy":"product_tag","embeddable":true,"href":"https:\/\/adoa.es\/gl\/wp-json\/wp\/v2\/product_tag?post=722"}],"curies":[{"name":"wp","href":"https:\/\/api.w.org\/{rel}","templated":true}]}}