{"id":3784,"date":"2021-11-30T12:20:43","date_gmt":"2021-11-30T11:20:43","guid":{"rendered":"https:\/\/adoa.es\/?post_type=product&#038;p=3784"},"modified":"2022-02-10T16:10:39","modified_gmt":"2022-02-10T15:10:39","slug":"capturador-de-abejas-en-spray-300ml","status":"publish","type":"product","link":"https:\/\/adoa.es\/gl\/producto\/capturador-de-abejas-en-spray-300ml\/","title":{"rendered":"Capturador de abejas en spray 300ml"},"content":{"rendered":"<p>Capturador de abejas Abejar en spray de 300ml.\u00a0 refuerza la se\u00f1al olfativa de la abeja, de forma que pueda encontrar las colmenas.<\/p>\n<p>D\u00f3sis: 300ml\u00a0 para impregnar 15 colmenas.<\/p>\n<p>Modo de empleo: Colocar n\u00facleos vac\u00edos, o colmenas viejas, rotas o en desuso con alg\u00fan panal de cera usada y sana en su interior.<\/p>\n<p>Situarla en una ubicaci\u00f3n estrat\u00e9gica de paso de enjambres ( soleada, orientaci\u00f3n sur a unos 20-25 cm del suelo).<\/p>\n","protected":false},"excerpt":{"rendered":"<p>Capturador de abejas Abejar en spray de 300ml<\/p>\n","protected":false},"featured_media":3785,"template":"","meta":[],"product_brand":[],"product_cat":[205],"product_tag":[],"class_list":{"0":"post-3784","1":"product","2":"type-product","3":"status-publish","4":"has-post-thumbnail","6":"product_cat-apicultura","8":"first","9":"instock","10":"taxable","11":"shipping-taxable","12":"purchasable","13":"product-type-simple"},"yoast_head":"<!-- This site is optimized with the Yoast SEO plugin v25.8 - https:\/\/yoast.com\/wordpress\/plugins\/seo\/ -->\n<title>Capturador de abejas en spray 300ml - Adoa<\/title>\n<meta name=\"robots\" content=\"index, follow, max-snippet:-1, max-image-preview:large, max-video-preview:-1\" \/>\n<link rel=\"canonical\" href=\"https:\/\/adoa.es\/producto\/capturador-de-abejas-en-spray-300ml\/\" \/>\n<meta name=\"twitter:label1\" content=\"Tempo de lectura\" \/>\n\t<meta name=\"twitter:data1\" content=\"1 minuto\" \/>\n<script type=\"application\/ld+json\" class=\"yoast-schema-graph\">{\"@context\":\"https:\/\/schema.org\",\"@graph\":[{\"@type\":\"WebPage\",\"@id\":\"https:\/\/adoa.es\/producto\/capturador-de-abejas-en-spray-300ml\/\",\"url\":\"https:\/\/adoa.es\/producto\/capturador-de-abejas-en-spray-300ml\/\",\"name\":\"Capturador de abejas en spray 300ml - Adoa\",\"isPartOf\":{\"@id\":\"https:\/\/adoa.es\/gl\/#website\"},\"primaryImageOfPage\":{\"@id\":\"https:\/\/adoa.es\/producto\/capturador-de-abejas-en-spray-300ml\/#primaryimage\"},\"image\":{\"@id\":\"https:\/\/adoa.es\/producto\/capturador-de-abejas-en-spray-300ml\/#primaryimage\"},\"thumbnailUrl\":\"https:\/\/adoa.es\/wp-content\/uploads\/2021\/11\/abejar-enjambres.jpg\",\"datePublished\":\"2021-11-30T11:20:43+00:00\",\"dateModified\":\"2022-02-10T15:10:39+00:00\",\"breadcrumb\":{\"@id\":\"https:\/\/adoa.es\/producto\/capturador-de-abejas-en-spray-300ml\/#breadcrumb\"},\"inLanguage\":\"gl-ES\",\"potentialAction\":[{\"@type\":\"ReadAction\",\"target\":[\"https:\/\/adoa.es\/producto\/capturador-de-abejas-en-spray-300ml\/\"]}]},{\"@type\":\"ImageObject\",\"inLanguage\":\"gl-ES\",\"@id\":\"https:\/\/adoa.es\/producto\/capturador-de-abejas-en-spray-300ml\/#primaryimage\",\"url\":\"https:\/\/adoa.es\/wp-content\/uploads\/2021\/11\/abejar-enjambres.jpg\",\"contentUrl\":\"https:\/\/adoa.es\/wp-content\/uploads\/2021\/11\/abejar-enjambres.jpg\",\"width\":800,\"height\":800},{\"@type\":\"BreadcrumbList\",\"@id\":\"https:\/\/adoa.es\/producto\/capturador-de-abejas-en-spray-300ml\/#breadcrumb\",\"itemListElement\":[{\"@type\":\"ListItem\",\"position\":1,\"name\":\"Portada\",\"item\":\"https:\/\/adoa.es\/gl\/\"},{\"@type\":\"ListItem\",\"position\":2,\"name\":\"Tienda\",\"item\":\"https:\/\/adoa.es\/tienda\/\"},{\"@type\":\"ListItem\",\"position\":3,\"name\":\"Capturador de abejas en spray 300ml\"}]},{\"@type\":\"WebSite\",\"@id\":\"https:\/\/adoa.es\/gl\/#website\",\"url\":\"https:\/\/adoa.es\/gl\/\",\"name\":\"Adoa\",\"description\":\"Centros de Xardiner\u00eda\",\"potentialAction\":[{\"@type\":\"SearchAction\",\"target\":{\"@type\":\"EntryPoint\",\"urlTemplate\":\"https:\/\/adoa.es\/gl\/?s={search_term_string}\"},\"query-input\":{\"@type\":\"PropertyValueSpecification\",\"valueRequired\":true,\"valueName\":\"search_term_string\"}}],\"inLanguage\":\"gl-ES\"}]}<\/script>\n<!-- \/ Yoast SEO plugin. -->","yoast_head_json":{"title":"Capturador de abejas en spray 300ml - Adoa","robots":{"index":"index","follow":"follow","max-snippet":"max-snippet:-1","max-image-preview":"max-image-preview:large","max-video-preview":"max-video-preview:-1"},"canonical":"https:\/\/adoa.es\/producto\/capturador-de-abejas-en-spray-300ml\/","twitter_misc":{"Tempo de lectura":"1 minuto"},"schema":{"@context":"https:\/\/schema.org","@graph":[{"@type":"WebPage","@id":"https:\/\/adoa.es\/producto\/capturador-de-abejas-en-spray-300ml\/","url":"https:\/\/adoa.es\/producto\/capturador-de-abejas-en-spray-300ml\/","name":"Capturador de abejas en spray 300ml - Adoa","isPartOf":{"@id":"https:\/\/adoa.es\/gl\/#website"},"primaryImageOfPage":{"@id":"https:\/\/adoa.es\/producto\/capturador-de-abejas-en-spray-300ml\/#primaryimage"},"image":{"@id":"https:\/\/adoa.es\/producto\/capturador-de-abejas-en-spray-300ml\/#primaryimage"},"thumbnailUrl":"https:\/\/adoa.es\/wp-content\/uploads\/2021\/11\/abejar-enjambres.jpg","datePublished":"2021-11-30T11:20:43+00:00","dateModified":"2022-02-10T15:10:39+00:00","breadcrumb":{"@id":"https:\/\/adoa.es\/producto\/capturador-de-abejas-en-spray-300ml\/#breadcrumb"},"inLanguage":"gl-ES","potentialAction":[{"@type":"ReadAction","target":["https:\/\/adoa.es\/producto\/capturador-de-abejas-en-spray-300ml\/"]}]},{"@type":"ImageObject","inLanguage":"gl-ES","@id":"https:\/\/adoa.es\/producto\/capturador-de-abejas-en-spray-300ml\/#primaryimage","url":"https:\/\/adoa.es\/wp-content\/uploads\/2021\/11\/abejar-enjambres.jpg","contentUrl":"https:\/\/adoa.es\/wp-content\/uploads\/2021\/11\/abejar-enjambres.jpg","width":800,"height":800},{"@type":"BreadcrumbList","@id":"https:\/\/adoa.es\/producto\/capturador-de-abejas-en-spray-300ml\/#breadcrumb","itemListElement":[{"@type":"ListItem","position":1,"name":"Portada","item":"https:\/\/adoa.es\/gl\/"},{"@type":"ListItem","position":2,"name":"Tienda","item":"https:\/\/adoa.es\/tienda\/"},{"@type":"ListItem","position":3,"name":"Capturador de abejas en spray 300ml"}]},{"@type":"WebSite","@id":"https:\/\/adoa.es\/gl\/#website","url":"https:\/\/adoa.es\/gl\/","name":"Adoa","description":"Centros de Xardiner\u00eda","potentialAction":[{"@type":"SearchAction","target":{"@type":"EntryPoint","urlTemplate":"https:\/\/adoa.es\/gl\/?s={search_term_string}"},"query-input":{"@type":"PropertyValueSpecification","valueRequired":true,"valueName":"search_term_string"}}],"inLanguage":"gl-ES"}]}},"_links":{"self":[{"href":"https:\/\/adoa.es\/gl\/wp-json\/wp\/v2\/product\/3784","targetHints":{"allow":["GET"]}}],"collection":[{"href":"https:\/\/adoa.es\/gl\/wp-json\/wp\/v2\/product"}],"about":[{"href":"https:\/\/adoa.es\/gl\/wp-json\/wp\/v2\/types\/product"}],"wp:featuredmedia":[{"embeddable":true,"href":"https:\/\/adoa.es\/gl\/wp-json\/wp\/v2\/media\/3785"}],"wp:attachment":[{"href":"https:\/\/adoa.es\/gl\/wp-json\/wp\/v2\/media?parent=3784"}],"wp:term":[{"taxonomy":"product_brand","embeddable":true,"href":"https:\/\/adoa.es\/gl\/wp-json\/wp\/v2\/product_brand?post=3784"},{"taxonomy":"product_cat","embeddable":true,"href":"https:\/\/adoa.es\/gl\/wp-json\/wp\/v2\/product_cat?post=3784"},{"taxonomy":"product_tag","embeddable":true,"href":"https:\/\/adoa.es\/gl\/wp-json\/wp\/v2\/product_tag?post=3784"}],"curies":[{"name":"wp","href":"https:\/\/api.w.org\/{rel}","templated":true}]}}