{"id":3775,"date":"2021-11-22T18:13:17","date_gmt":"2021-11-22T17:13:17","guid":{"rendered":"https:\/\/adoa.es\/?post_type=product&#038;p=3775"},"modified":"2022-02-10T16:11:57","modified_gmt":"2022-02-10T15:11:57","slug":"escape-de-ocho-salidas","status":"publish","type":"product","link":"https:\/\/adoa.es\/gl\/producto\/escape-de-ocho-salidas\/","title":{"rendered":"Escape de ocho salidas"},"content":{"rendered":"<p>Escape de ocho salidas fabricado en pl\u00e1stico, con un di\u00e1metro de 26cm, este escape es ideal para desabejar en \u00e9poca de cosecha, se coloca entre el alza y la c\u00e1mara de cr\u00eda \u00a0sobre la entretapa, se consigue que toda la abeja se agrupe en la parte baja\u00a0 de la colmena.<\/p>\n","protected":false},"excerpt":{"rendered":"<p>Escape de ocho salidas de pl\u00e1stico<\/p>\n","protected":false},"featured_media":0,"template":"","meta":[],"product_brand":[],"product_cat":[205],"product_tag":[],"class_list":{"0":"post-3775","1":"product","2":"type-product","3":"status-publish","5":"product_cat-apicultura","7":"first","8":"instock","9":"taxable","10":"shipping-taxable","11":"purchasable","12":"product-type-simple"},"yoast_head":"<!-- This site is optimized with the Yoast SEO plugin v25.8 - https:\/\/yoast.com\/wordpress\/plugins\/seo\/ -->\n<title>Escape de ocho salidas - Adoa<\/title>\n<meta name=\"robots\" content=\"index, follow, max-snippet:-1, max-image-preview:large, max-video-preview:-1\" \/>\n<link rel=\"canonical\" href=\"https:\/\/adoa.es\/producto\/escape-de-ocho-salidas\/\" \/>\n<script type=\"application\/ld+json\" class=\"yoast-schema-graph\">{\"@context\":\"https:\/\/schema.org\",\"@graph\":[{\"@type\":\"WebPage\",\"@id\":\"https:\/\/adoa.es\/producto\/escape-de-ocho-salidas\/\",\"url\":\"https:\/\/adoa.es\/producto\/escape-de-ocho-salidas\/\",\"name\":\"Escape de ocho salidas - Adoa\",\"isPartOf\":{\"@id\":\"https:\/\/adoa.es\/gl\/#website\"},\"datePublished\":\"2021-11-22T17:13:17+00:00\",\"dateModified\":\"2022-02-10T15:11:57+00:00\",\"breadcrumb\":{\"@id\":\"https:\/\/adoa.es\/producto\/escape-de-ocho-salidas\/#breadcrumb\"},\"inLanguage\":\"gl-ES\",\"potentialAction\":[{\"@type\":\"ReadAction\",\"target\":[\"https:\/\/adoa.es\/producto\/escape-de-ocho-salidas\/\"]}]},{\"@type\":\"BreadcrumbList\",\"@id\":\"https:\/\/adoa.es\/producto\/escape-de-ocho-salidas\/#breadcrumb\",\"itemListElement\":[{\"@type\":\"ListItem\",\"position\":1,\"name\":\"Portada\",\"item\":\"https:\/\/adoa.es\/gl\/\"},{\"@type\":\"ListItem\",\"position\":2,\"name\":\"Tienda\",\"item\":\"https:\/\/adoa.es\/tienda\/\"},{\"@type\":\"ListItem\",\"position\":3,\"name\":\"Escape de ocho salidas\"}]},{\"@type\":\"WebSite\",\"@id\":\"https:\/\/adoa.es\/gl\/#website\",\"url\":\"https:\/\/adoa.es\/gl\/\",\"name\":\"Adoa\",\"description\":\"Centros de Xardiner\u00eda\",\"potentialAction\":[{\"@type\":\"SearchAction\",\"target\":{\"@type\":\"EntryPoint\",\"urlTemplate\":\"https:\/\/adoa.es\/gl\/?s={search_term_string}\"},\"query-input\":{\"@type\":\"PropertyValueSpecification\",\"valueRequired\":true,\"valueName\":\"search_term_string\"}}],\"inLanguage\":\"gl-ES\"}]}<\/script>\n<!-- \/ Yoast SEO plugin. -->","yoast_head_json":{"title":"Escape de ocho salidas - Adoa","robots":{"index":"index","follow":"follow","max-snippet":"max-snippet:-1","max-image-preview":"max-image-preview:large","max-video-preview":"max-video-preview:-1"},"canonical":"https:\/\/adoa.es\/producto\/escape-de-ocho-salidas\/","schema":{"@context":"https:\/\/schema.org","@graph":[{"@type":"WebPage","@id":"https:\/\/adoa.es\/producto\/escape-de-ocho-salidas\/","url":"https:\/\/adoa.es\/producto\/escape-de-ocho-salidas\/","name":"Escape de ocho salidas - Adoa","isPartOf":{"@id":"https:\/\/adoa.es\/gl\/#website"},"datePublished":"2021-11-22T17:13:17+00:00","dateModified":"2022-02-10T15:11:57+00:00","breadcrumb":{"@id":"https:\/\/adoa.es\/producto\/escape-de-ocho-salidas\/#breadcrumb"},"inLanguage":"gl-ES","potentialAction":[{"@type":"ReadAction","target":["https:\/\/adoa.es\/producto\/escape-de-ocho-salidas\/"]}]},{"@type":"BreadcrumbList","@id":"https:\/\/adoa.es\/producto\/escape-de-ocho-salidas\/#breadcrumb","itemListElement":[{"@type":"ListItem","position":1,"name":"Portada","item":"https:\/\/adoa.es\/gl\/"},{"@type":"ListItem","position":2,"name":"Tienda","item":"https:\/\/adoa.es\/tienda\/"},{"@type":"ListItem","position":3,"name":"Escape de ocho salidas"}]},{"@type":"WebSite","@id":"https:\/\/adoa.es\/gl\/#website","url":"https:\/\/adoa.es\/gl\/","name":"Adoa","description":"Centros de Xardiner\u00eda","potentialAction":[{"@type":"SearchAction","target":{"@type":"EntryPoint","urlTemplate":"https:\/\/adoa.es\/gl\/?s={search_term_string}"},"query-input":{"@type":"PropertyValueSpecification","valueRequired":true,"valueName":"search_term_string"}}],"inLanguage":"gl-ES"}]}},"_links":{"self":[{"href":"https:\/\/adoa.es\/gl\/wp-json\/wp\/v2\/product\/3775","targetHints":{"allow":["GET"]}}],"collection":[{"href":"https:\/\/adoa.es\/gl\/wp-json\/wp\/v2\/product"}],"about":[{"href":"https:\/\/adoa.es\/gl\/wp-json\/wp\/v2\/types\/product"}],"wp:attachment":[{"href":"https:\/\/adoa.es\/gl\/wp-json\/wp\/v2\/media?parent=3775"}],"wp:term":[{"taxonomy":"product_brand","embeddable":true,"href":"https:\/\/adoa.es\/gl\/wp-json\/wp\/v2\/product_brand?post=3775"},{"taxonomy":"product_cat","embeddable":true,"href":"https:\/\/adoa.es\/gl\/wp-json\/wp\/v2\/product_cat?post=3775"},{"taxonomy":"product_tag","embeddable":true,"href":"https:\/\/adoa.es\/gl\/wp-json\/wp\/v2\/product_tag?post=3775"}],"curies":[{"name":"wp","href":"https:\/\/api.w.org\/{rel}","templated":true}]}}