{"id":3231,"date":"2021-11-09T11:56:18","date_gmt":"2021-11-09T10:56:18","guid":{"rendered":"https:\/\/adoa.es\/?post_type=product&#038;p=3231"},"modified":"2022-02-12T16:07:11","modified_gmt":"2022-02-12T15:07:11","slug":"abono-granulado-para-cactus-y-suculentas","status":"publish","type":"product","link":"https:\/\/adoa.es\/gl\/producto\/abono-granulado-para-cactus-y-suculentas\/","title":{"rendered":"Abono granulado para cactus y suculentas"},"content":{"rendered":"<p>Abono granulado Boskot, ideal para cactus, suculentas y crasas, su formulaci\u00f3n equilibrada y de liberaci\u00f3n controlada nos permite mantener nuestras plantas bien nutridas durante aproximadamente 7-8meses. Su composici\u00f3n 11-11-11+ micros es ideal para mantener un buen desarrollo\u00a0 de la planta.<\/p>\n<p>Se comercializa en envases de 100 gr y 1 Kg.<\/p>\n","protected":false},"excerpt":{"rendered":"<p>Abono granulado Boskot, ideal para cactus, suculentas y crasas, su formulaci\u00f3n equilibrada y de liberaci\u00f3n controlada nos permite mantener nuestras plantas bien nutridas durante aproximadamente 7-8meses. Su composici\u00f3n 11-11-11+ micros es ideal para mantener un buen desarrollo\u00a0 de la planta. Se comercializa en envases de 100 gr y 1 Kg.<\/p>\n","protected":false},"featured_media":3234,"template":"","meta":[],"product_brand":[],"product_cat":[49],"product_tag":[],"class_list":{"0":"post-3231","1":"product","2":"type-product","3":"status-publish","4":"has-post-thumbnail","6":"product_cat-abonos-solidos","8":"first","9":"instock","10":"taxable","11":"shipping-taxable","12":"purchasable","13":"product-type-variable"},"yoast_head":"<!-- This site is optimized with the Yoast SEO plugin v25.8 - https:\/\/yoast.com\/wordpress\/plugins\/seo\/ -->\n<title>Abono granulado para cactus y suculentas - Adoa<\/title>\n<meta name=\"robots\" content=\"index, follow, max-snippet:-1, max-image-preview:large, max-video-preview:-1\" \/>\n<link rel=\"canonical\" href=\"https:\/\/adoa.es\/producto\/abono-granulado-para-cactus-y-suculentas\/\" \/>\n<meta name=\"twitter:label1\" content=\"Tempo de lectura\" \/>\n\t<meta name=\"twitter:data1\" content=\"1 minuto\" \/>\n<script type=\"application\/ld+json\" class=\"yoast-schema-graph\">{\"@context\":\"https:\/\/schema.org\",\"@graph\":[{\"@type\":\"WebPage\",\"@id\":\"https:\/\/adoa.es\/producto\/abono-granulado-para-cactus-y-suculentas\/\",\"url\":\"https:\/\/adoa.es\/producto\/abono-granulado-para-cactus-y-suculentas\/\",\"name\":\"Abono granulado para cactus y suculentas - Adoa\",\"isPartOf\":{\"@id\":\"https:\/\/adoa.es\/gl\/#website\"},\"primaryImageOfPage\":{\"@id\":\"https:\/\/adoa.es\/producto\/abono-granulado-para-cactus-y-suculentas\/#primaryimage\"},\"image\":{\"@id\":\"https:\/\/adoa.es\/producto\/abono-granulado-para-cactus-y-suculentas\/#primaryimage\"},\"thumbnailUrl\":\"https:\/\/adoa.es\/wp-content\/uploads\/2021\/11\/abono-granulado-cactus.jpg\",\"datePublished\":\"2021-11-09T10:56:18+00:00\",\"dateModified\":\"2022-02-12T15:07:11+00:00\",\"breadcrumb\":{\"@id\":\"https:\/\/adoa.es\/producto\/abono-granulado-para-cactus-y-suculentas\/#breadcrumb\"},\"inLanguage\":\"gl-ES\",\"potentialAction\":[{\"@type\":\"ReadAction\",\"target\":[\"https:\/\/adoa.es\/producto\/abono-granulado-para-cactus-y-suculentas\/\"]}]},{\"@type\":\"ImageObject\",\"inLanguage\":\"gl-ES\",\"@id\":\"https:\/\/adoa.es\/producto\/abono-granulado-para-cactus-y-suculentas\/#primaryimage\",\"url\":\"https:\/\/adoa.es\/wp-content\/uploads\/2021\/11\/abono-granulado-cactus.jpg\",\"contentUrl\":\"https:\/\/adoa.es\/wp-content\/uploads\/2021\/11\/abono-granulado-cactus.jpg\",\"width\":800,\"height\":800},{\"@type\":\"BreadcrumbList\",\"@id\":\"https:\/\/adoa.es\/producto\/abono-granulado-para-cactus-y-suculentas\/#breadcrumb\",\"itemListElement\":[{\"@type\":\"ListItem\",\"position\":1,\"name\":\"Portada\",\"item\":\"https:\/\/adoa.es\/gl\/\"},{\"@type\":\"ListItem\",\"position\":2,\"name\":\"Tienda\",\"item\":\"https:\/\/adoa.es\/tienda\/\"},{\"@type\":\"ListItem\",\"position\":3,\"name\":\"Abono granulado para cactus y suculentas\"}]},{\"@type\":\"WebSite\",\"@id\":\"https:\/\/adoa.es\/gl\/#website\",\"url\":\"https:\/\/adoa.es\/gl\/\",\"name\":\"Adoa\",\"description\":\"Centros de Xardiner\u00eda\",\"potentialAction\":[{\"@type\":\"SearchAction\",\"target\":{\"@type\":\"EntryPoint\",\"urlTemplate\":\"https:\/\/adoa.es\/gl\/?s={search_term_string}\"},\"query-input\":{\"@type\":\"PropertyValueSpecification\",\"valueRequired\":true,\"valueName\":\"search_term_string\"}}],\"inLanguage\":\"gl-ES\"}]}<\/script>\n<!-- \/ Yoast SEO plugin. -->","yoast_head_json":{"title":"Abono granulado para cactus y suculentas - Adoa","robots":{"index":"index","follow":"follow","max-snippet":"max-snippet:-1","max-image-preview":"max-image-preview:large","max-video-preview":"max-video-preview:-1"},"canonical":"https:\/\/adoa.es\/producto\/abono-granulado-para-cactus-y-suculentas\/","twitter_misc":{"Tempo de lectura":"1 minuto"},"schema":{"@context":"https:\/\/schema.org","@graph":[{"@type":"WebPage","@id":"https:\/\/adoa.es\/producto\/abono-granulado-para-cactus-y-suculentas\/","url":"https:\/\/adoa.es\/producto\/abono-granulado-para-cactus-y-suculentas\/","name":"Abono granulado para cactus y suculentas - Adoa","isPartOf":{"@id":"https:\/\/adoa.es\/gl\/#website"},"primaryImageOfPage":{"@id":"https:\/\/adoa.es\/producto\/abono-granulado-para-cactus-y-suculentas\/#primaryimage"},"image":{"@id":"https:\/\/adoa.es\/producto\/abono-granulado-para-cactus-y-suculentas\/#primaryimage"},"thumbnailUrl":"https:\/\/adoa.es\/wp-content\/uploads\/2021\/11\/abono-granulado-cactus.jpg","datePublished":"2021-11-09T10:56:18+00:00","dateModified":"2022-02-12T15:07:11+00:00","breadcrumb":{"@id":"https:\/\/adoa.es\/producto\/abono-granulado-para-cactus-y-suculentas\/#breadcrumb"},"inLanguage":"gl-ES","potentialAction":[{"@type":"ReadAction","target":["https:\/\/adoa.es\/producto\/abono-granulado-para-cactus-y-suculentas\/"]}]},{"@type":"ImageObject","inLanguage":"gl-ES","@id":"https:\/\/adoa.es\/producto\/abono-granulado-para-cactus-y-suculentas\/#primaryimage","url":"https:\/\/adoa.es\/wp-content\/uploads\/2021\/11\/abono-granulado-cactus.jpg","contentUrl":"https:\/\/adoa.es\/wp-content\/uploads\/2021\/11\/abono-granulado-cactus.jpg","width":800,"height":800},{"@type":"BreadcrumbList","@id":"https:\/\/adoa.es\/producto\/abono-granulado-para-cactus-y-suculentas\/#breadcrumb","itemListElement":[{"@type":"ListItem","position":1,"name":"Portada","item":"https:\/\/adoa.es\/gl\/"},{"@type":"ListItem","position":2,"name":"Tienda","item":"https:\/\/adoa.es\/tienda\/"},{"@type":"ListItem","position":3,"name":"Abono granulado para cactus y suculentas"}]},{"@type":"WebSite","@id":"https:\/\/adoa.es\/gl\/#website","url":"https:\/\/adoa.es\/gl\/","name":"Adoa","description":"Centros de Xardiner\u00eda","potentialAction":[{"@type":"SearchAction","target":{"@type":"EntryPoint","urlTemplate":"https:\/\/adoa.es\/gl\/?s={search_term_string}"},"query-input":{"@type":"PropertyValueSpecification","valueRequired":true,"valueName":"search_term_string"}}],"inLanguage":"gl-ES"}]}},"_links":{"self":[{"href":"https:\/\/adoa.es\/gl\/wp-json\/wp\/v2\/product\/3231","targetHints":{"allow":["GET"]}}],"collection":[{"href":"https:\/\/adoa.es\/gl\/wp-json\/wp\/v2\/product"}],"about":[{"href":"https:\/\/adoa.es\/gl\/wp-json\/wp\/v2\/types\/product"}],"wp:featuredmedia":[{"embeddable":true,"href":"https:\/\/adoa.es\/gl\/wp-json\/wp\/v2\/media\/3234"}],"wp:attachment":[{"href":"https:\/\/adoa.es\/gl\/wp-json\/wp\/v2\/media?parent=3231"}],"wp:term":[{"taxonomy":"product_brand","embeddable":true,"href":"https:\/\/adoa.es\/gl\/wp-json\/wp\/v2\/product_brand?post=3231"},{"taxonomy":"product_cat","embeddable":true,"href":"https:\/\/adoa.es\/gl\/wp-json\/wp\/v2\/product_cat?post=3231"},{"taxonomy":"product_tag","embeddable":true,"href":"https:\/\/adoa.es\/gl\/wp-json\/wp\/v2\/product_tag?post=3231"}],"curies":[{"name":"wp","href":"https:\/\/api.w.org\/{rel}","templated":true}]}}