{"id":3219,"date":"2021-11-09T11:28:07","date_gmt":"2021-11-09T10:28:07","guid":{"rendered":"https:\/\/adoa.es\/?post_type=product&#038;p=3219"},"modified":"2022-02-10T16:33:39","modified_gmt":"2022-02-10T15:33:39","slug":"sustrato-para-plantas-carnivoras-y-acidofilas","status":"publish","type":"product","link":"https:\/\/adoa.es\/gl\/producto\/sustrato-para-plantas-carnivoras-y-acidofilas\/","title":{"rendered":"Sustrato para plantas carn\u00edvoras y acid\u00f3filas"},"content":{"rendered":"<p>Sustrato especifico para plantas carn\u00edvoras, utilizado en agricultura biol\u00f3gica, id\u00f3neo para proporcionar una mayor humedad y aireaci\u00f3n, lo cual favorece un mayor desarrollo radicular en la planta, es apto tanto para plantaci\u00f3n como para trasplante.<\/p>\n<p>Se comercializa en envase de 2,5 Litros<\/p>\n<p>Con un PH de 4,6y una composici\u00f3n a base de corteza de pino envejecida y turba de sphagnum<\/p>\n","protected":false},"excerpt":{"rendered":"<p>Sustrato para plantas carn\u00edvoras y acid\u00f3filas, envase de 2,5 Litros. Apto para agricultura biol\u00f3gica.<\/p>\n","protected":false},"featured_media":3220,"template":"","meta":[],"product_brand":[],"product_cat":[133],"product_tag":[],"class_list":{"0":"post-3219","1":"product","2":"type-product","3":"status-publish","4":"has-post-thumbnail","6":"product_cat-sustratos","8":"first","9":"instock","10":"taxable","11":"shipping-taxable","12":"purchasable","13":"product-type-simple"},"yoast_head":"<!-- This site is optimized with the Yoast SEO plugin v25.8 - https:\/\/yoast.com\/wordpress\/plugins\/seo\/ -->\n<title>Sustrato para plantas carn\u00edvoras y acid\u00f3filas - Adoa<\/title>\n<meta name=\"robots\" content=\"index, follow, max-snippet:-1, max-image-preview:large, max-video-preview:-1\" \/>\n<link rel=\"canonical\" href=\"https:\/\/adoa.es\/producto\/sustrato-para-plantas-carnivoras-y-acidofilas\/\" \/>\n<meta name=\"twitter:label1\" content=\"Tempo de lectura\" \/>\n\t<meta name=\"twitter:data1\" content=\"1 minuto\" \/>\n<script type=\"application\/ld+json\" class=\"yoast-schema-graph\">{\"@context\":\"https:\/\/schema.org\",\"@graph\":[{\"@type\":\"WebPage\",\"@id\":\"https:\/\/adoa.es\/producto\/sustrato-para-plantas-carnivoras-y-acidofilas\/\",\"url\":\"https:\/\/adoa.es\/producto\/sustrato-para-plantas-carnivoras-y-acidofilas\/\",\"name\":\"Sustrato para plantas carn\u00edvoras y acid\u00f3filas - Adoa\",\"isPartOf\":{\"@id\":\"https:\/\/adoa.es\/gl\/#website\"},\"primaryImageOfPage\":{\"@id\":\"https:\/\/adoa.es\/producto\/sustrato-para-plantas-carnivoras-y-acidofilas\/#primaryimage\"},\"image\":{\"@id\":\"https:\/\/adoa.es\/producto\/sustrato-para-plantas-carnivoras-y-acidofilas\/#primaryimage\"},\"thumbnailUrl\":\"https:\/\/adoa.es\/wp-content\/uploads\/2021\/11\/sustrato-plantas-carnivoras.jpg\",\"datePublished\":\"2021-11-09T10:28:07+00:00\",\"dateModified\":\"2022-02-10T15:33:39+00:00\",\"breadcrumb\":{\"@id\":\"https:\/\/adoa.es\/producto\/sustrato-para-plantas-carnivoras-y-acidofilas\/#breadcrumb\"},\"inLanguage\":\"gl-ES\",\"potentialAction\":[{\"@type\":\"ReadAction\",\"target\":[\"https:\/\/adoa.es\/producto\/sustrato-para-plantas-carnivoras-y-acidofilas\/\"]}]},{\"@type\":\"ImageObject\",\"inLanguage\":\"gl-ES\",\"@id\":\"https:\/\/adoa.es\/producto\/sustrato-para-plantas-carnivoras-y-acidofilas\/#primaryimage\",\"url\":\"https:\/\/adoa.es\/wp-content\/uploads\/2021\/11\/sustrato-plantas-carnivoras.jpg\",\"contentUrl\":\"https:\/\/adoa.es\/wp-content\/uploads\/2021\/11\/sustrato-plantas-carnivoras.jpg\",\"width\":800,\"height\":800},{\"@type\":\"BreadcrumbList\",\"@id\":\"https:\/\/adoa.es\/producto\/sustrato-para-plantas-carnivoras-y-acidofilas\/#breadcrumb\",\"itemListElement\":[{\"@type\":\"ListItem\",\"position\":1,\"name\":\"Portada\",\"item\":\"https:\/\/adoa.es\/gl\/\"},{\"@type\":\"ListItem\",\"position\":2,\"name\":\"Tienda\",\"item\":\"https:\/\/adoa.es\/tienda\/\"},{\"@type\":\"ListItem\",\"position\":3,\"name\":\"Sustrato para plantas carn\u00edvoras y acid\u00f3filas\"}]},{\"@type\":\"WebSite\",\"@id\":\"https:\/\/adoa.es\/gl\/#website\",\"url\":\"https:\/\/adoa.es\/gl\/\",\"name\":\"Adoa\",\"description\":\"Centros de Xardiner\u00eda\",\"potentialAction\":[{\"@type\":\"SearchAction\",\"target\":{\"@type\":\"EntryPoint\",\"urlTemplate\":\"https:\/\/adoa.es\/gl\/?s={search_term_string}\"},\"query-input\":{\"@type\":\"PropertyValueSpecification\",\"valueRequired\":true,\"valueName\":\"search_term_string\"}}],\"inLanguage\":\"gl-ES\"}]}<\/script>\n<!-- \/ Yoast SEO plugin. -->","yoast_head_json":{"title":"Sustrato para plantas carn\u00edvoras y acid\u00f3filas - Adoa","robots":{"index":"index","follow":"follow","max-snippet":"max-snippet:-1","max-image-preview":"max-image-preview:large","max-video-preview":"max-video-preview:-1"},"canonical":"https:\/\/adoa.es\/producto\/sustrato-para-plantas-carnivoras-y-acidofilas\/","twitter_misc":{"Tempo de lectura":"1 minuto"},"schema":{"@context":"https:\/\/schema.org","@graph":[{"@type":"WebPage","@id":"https:\/\/adoa.es\/producto\/sustrato-para-plantas-carnivoras-y-acidofilas\/","url":"https:\/\/adoa.es\/producto\/sustrato-para-plantas-carnivoras-y-acidofilas\/","name":"Sustrato para plantas carn\u00edvoras y acid\u00f3filas - Adoa","isPartOf":{"@id":"https:\/\/adoa.es\/gl\/#website"},"primaryImageOfPage":{"@id":"https:\/\/adoa.es\/producto\/sustrato-para-plantas-carnivoras-y-acidofilas\/#primaryimage"},"image":{"@id":"https:\/\/adoa.es\/producto\/sustrato-para-plantas-carnivoras-y-acidofilas\/#primaryimage"},"thumbnailUrl":"https:\/\/adoa.es\/wp-content\/uploads\/2021\/11\/sustrato-plantas-carnivoras.jpg","datePublished":"2021-11-09T10:28:07+00:00","dateModified":"2022-02-10T15:33:39+00:00","breadcrumb":{"@id":"https:\/\/adoa.es\/producto\/sustrato-para-plantas-carnivoras-y-acidofilas\/#breadcrumb"},"inLanguage":"gl-ES","potentialAction":[{"@type":"ReadAction","target":["https:\/\/adoa.es\/producto\/sustrato-para-plantas-carnivoras-y-acidofilas\/"]}]},{"@type":"ImageObject","inLanguage":"gl-ES","@id":"https:\/\/adoa.es\/producto\/sustrato-para-plantas-carnivoras-y-acidofilas\/#primaryimage","url":"https:\/\/adoa.es\/wp-content\/uploads\/2021\/11\/sustrato-plantas-carnivoras.jpg","contentUrl":"https:\/\/adoa.es\/wp-content\/uploads\/2021\/11\/sustrato-plantas-carnivoras.jpg","width":800,"height":800},{"@type":"BreadcrumbList","@id":"https:\/\/adoa.es\/producto\/sustrato-para-plantas-carnivoras-y-acidofilas\/#breadcrumb","itemListElement":[{"@type":"ListItem","position":1,"name":"Portada","item":"https:\/\/adoa.es\/gl\/"},{"@type":"ListItem","position":2,"name":"Tienda","item":"https:\/\/adoa.es\/tienda\/"},{"@type":"ListItem","position":3,"name":"Sustrato para plantas carn\u00edvoras y acid\u00f3filas"}]},{"@type":"WebSite","@id":"https:\/\/adoa.es\/gl\/#website","url":"https:\/\/adoa.es\/gl\/","name":"Adoa","description":"Centros de Xardiner\u00eda","potentialAction":[{"@type":"SearchAction","target":{"@type":"EntryPoint","urlTemplate":"https:\/\/adoa.es\/gl\/?s={search_term_string}"},"query-input":{"@type":"PropertyValueSpecification","valueRequired":true,"valueName":"search_term_string"}}],"inLanguage":"gl-ES"}]}},"_links":{"self":[{"href":"https:\/\/adoa.es\/gl\/wp-json\/wp\/v2\/product\/3219","targetHints":{"allow":["GET"]}}],"collection":[{"href":"https:\/\/adoa.es\/gl\/wp-json\/wp\/v2\/product"}],"about":[{"href":"https:\/\/adoa.es\/gl\/wp-json\/wp\/v2\/types\/product"}],"wp:featuredmedia":[{"embeddable":true,"href":"https:\/\/adoa.es\/gl\/wp-json\/wp\/v2\/media\/3220"}],"wp:attachment":[{"href":"https:\/\/adoa.es\/gl\/wp-json\/wp\/v2\/media?parent=3219"}],"wp:term":[{"taxonomy":"product_brand","embeddable":true,"href":"https:\/\/adoa.es\/gl\/wp-json\/wp\/v2\/product_brand?post=3219"},{"taxonomy":"product_cat","embeddable":true,"href":"https:\/\/adoa.es\/gl\/wp-json\/wp\/v2\/product_cat?post=3219"},{"taxonomy":"product_tag","embeddable":true,"href":"https:\/\/adoa.es\/gl\/wp-json\/wp\/v2\/product_tag?post=3219"}],"curies":[{"name":"wp","href":"https:\/\/api.w.org\/{rel}","templated":true}]}}