{"id":3211,"date":"2021-11-09T10:38:50","date_gmt":"2021-11-09T09:38:50","guid":{"rendered":"https:\/\/adoa.es\/?post_type=product&#038;p=3211"},"modified":"2022-02-10T16:34:58","modified_gmt":"2022-02-10T15:34:58","slug":"maceta-orquidea-violeta","status":"publish","type":"product","link":"https:\/\/adoa.es\/gl\/producto\/maceta-orquidea-violeta\/","title":{"rendered":"Maceta orqu\u00eddea Violeta"},"content":{"rendered":"<p>Maceta pl\u00e1stica para orqu\u00eddeas Glamour, color violeta, sus medidas son de 13\u00d8 x 16 cm.<\/p>\n<p>Maceta translucida, lo cual permite una mayor entrada de luz, proporcionando as\u00ed unas ra\u00edces mas sanas y fuertes.<\/p>\n","protected":false},"excerpt":{"rendered":"<p>Maceta pl\u00e1stica para orqu\u00eddeas Glamour, color violeta, sus medidas son de 13\u00d8 x 16 cm.<\/p>\n","protected":false},"featured_media":3212,"template":"","meta":[],"product_brand":[],"product_cat":[200],"product_tag":[],"class_list":{"0":"post-3211","1":"product","2":"type-product","3":"status-publish","4":"has-post-thumbnail","6":"product_cat-orquideas","8":"first","9":"instock","10":"taxable","11":"shipping-taxable","12":"purchasable","13":"product-type-simple"},"yoast_head":"<!-- This site is optimized with the Yoast SEO plugin v25.8 - https:\/\/yoast.com\/wordpress\/plugins\/seo\/ -->\n<title>Maceta orqu\u00eddea Violeta - Adoa<\/title>\n<meta name=\"robots\" content=\"index, follow, max-snippet:-1, max-image-preview:large, max-video-preview:-1\" \/>\n<link rel=\"canonical\" href=\"https:\/\/adoa.es\/producto\/maceta-orquidea-violeta\/\" \/>\n<meta name=\"twitter:label1\" content=\"Tempo de lectura\" \/>\n\t<meta name=\"twitter:data1\" content=\"1 minuto\" \/>\n<script type=\"application\/ld+json\" class=\"yoast-schema-graph\">{\"@context\":\"https:\/\/schema.org\",\"@graph\":[{\"@type\":\"WebPage\",\"@id\":\"https:\/\/adoa.es\/producto\/maceta-orquidea-violeta\/\",\"url\":\"https:\/\/adoa.es\/producto\/maceta-orquidea-violeta\/\",\"name\":\"Maceta orqu\u00eddea Violeta - Adoa\",\"isPartOf\":{\"@id\":\"https:\/\/adoa.es\/gl\/#website\"},\"primaryImageOfPage\":{\"@id\":\"https:\/\/adoa.es\/producto\/maceta-orquidea-violeta\/#primaryimage\"},\"image\":{\"@id\":\"https:\/\/adoa.es\/producto\/maceta-orquidea-violeta\/#primaryimage\"},\"thumbnailUrl\":\"https:\/\/adoa.es\/wp-content\/uploads\/2021\/11\/maceta-rosa-orquidea.jpg\",\"datePublished\":\"2021-11-09T09:38:50+00:00\",\"dateModified\":\"2022-02-10T15:34:58+00:00\",\"breadcrumb\":{\"@id\":\"https:\/\/adoa.es\/producto\/maceta-orquidea-violeta\/#breadcrumb\"},\"inLanguage\":\"gl-ES\",\"potentialAction\":[{\"@type\":\"ReadAction\",\"target\":[\"https:\/\/adoa.es\/producto\/maceta-orquidea-violeta\/\"]}]},{\"@type\":\"ImageObject\",\"inLanguage\":\"gl-ES\",\"@id\":\"https:\/\/adoa.es\/producto\/maceta-orquidea-violeta\/#primaryimage\",\"url\":\"https:\/\/adoa.es\/wp-content\/uploads\/2021\/11\/maceta-rosa-orquidea.jpg\",\"contentUrl\":\"https:\/\/adoa.es\/wp-content\/uploads\/2021\/11\/maceta-rosa-orquidea.jpg\",\"width\":800,\"height\":800},{\"@type\":\"BreadcrumbList\",\"@id\":\"https:\/\/adoa.es\/producto\/maceta-orquidea-violeta\/#breadcrumb\",\"itemListElement\":[{\"@type\":\"ListItem\",\"position\":1,\"name\":\"Portada\",\"item\":\"https:\/\/adoa.es\/gl\/\"},{\"@type\":\"ListItem\",\"position\":2,\"name\":\"Tienda\",\"item\":\"https:\/\/adoa.es\/tienda\/\"},{\"@type\":\"ListItem\",\"position\":3,\"name\":\"Maceta orqu\u00eddea Violeta\"}]},{\"@type\":\"WebSite\",\"@id\":\"https:\/\/adoa.es\/gl\/#website\",\"url\":\"https:\/\/adoa.es\/gl\/\",\"name\":\"Adoa\",\"description\":\"Centros de Xardiner\u00eda\",\"potentialAction\":[{\"@type\":\"SearchAction\",\"target\":{\"@type\":\"EntryPoint\",\"urlTemplate\":\"https:\/\/adoa.es\/gl\/?s={search_term_string}\"},\"query-input\":{\"@type\":\"PropertyValueSpecification\",\"valueRequired\":true,\"valueName\":\"search_term_string\"}}],\"inLanguage\":\"gl-ES\"}]}<\/script>\n<!-- \/ Yoast SEO plugin. -->","yoast_head_json":{"title":"Maceta orqu\u00eddea Violeta - Adoa","robots":{"index":"index","follow":"follow","max-snippet":"max-snippet:-1","max-image-preview":"max-image-preview:large","max-video-preview":"max-video-preview:-1"},"canonical":"https:\/\/adoa.es\/producto\/maceta-orquidea-violeta\/","twitter_misc":{"Tempo de lectura":"1 minuto"},"schema":{"@context":"https:\/\/schema.org","@graph":[{"@type":"WebPage","@id":"https:\/\/adoa.es\/producto\/maceta-orquidea-violeta\/","url":"https:\/\/adoa.es\/producto\/maceta-orquidea-violeta\/","name":"Maceta orqu\u00eddea Violeta - Adoa","isPartOf":{"@id":"https:\/\/adoa.es\/gl\/#website"},"primaryImageOfPage":{"@id":"https:\/\/adoa.es\/producto\/maceta-orquidea-violeta\/#primaryimage"},"image":{"@id":"https:\/\/adoa.es\/producto\/maceta-orquidea-violeta\/#primaryimage"},"thumbnailUrl":"https:\/\/adoa.es\/wp-content\/uploads\/2021\/11\/maceta-rosa-orquidea.jpg","datePublished":"2021-11-09T09:38:50+00:00","dateModified":"2022-02-10T15:34:58+00:00","breadcrumb":{"@id":"https:\/\/adoa.es\/producto\/maceta-orquidea-violeta\/#breadcrumb"},"inLanguage":"gl-ES","potentialAction":[{"@type":"ReadAction","target":["https:\/\/adoa.es\/producto\/maceta-orquidea-violeta\/"]}]},{"@type":"ImageObject","inLanguage":"gl-ES","@id":"https:\/\/adoa.es\/producto\/maceta-orquidea-violeta\/#primaryimage","url":"https:\/\/adoa.es\/wp-content\/uploads\/2021\/11\/maceta-rosa-orquidea.jpg","contentUrl":"https:\/\/adoa.es\/wp-content\/uploads\/2021\/11\/maceta-rosa-orquidea.jpg","width":800,"height":800},{"@type":"BreadcrumbList","@id":"https:\/\/adoa.es\/producto\/maceta-orquidea-violeta\/#breadcrumb","itemListElement":[{"@type":"ListItem","position":1,"name":"Portada","item":"https:\/\/adoa.es\/gl\/"},{"@type":"ListItem","position":2,"name":"Tienda","item":"https:\/\/adoa.es\/tienda\/"},{"@type":"ListItem","position":3,"name":"Maceta orqu\u00eddea Violeta"}]},{"@type":"WebSite","@id":"https:\/\/adoa.es\/gl\/#website","url":"https:\/\/adoa.es\/gl\/","name":"Adoa","description":"Centros de Xardiner\u00eda","potentialAction":[{"@type":"SearchAction","target":{"@type":"EntryPoint","urlTemplate":"https:\/\/adoa.es\/gl\/?s={search_term_string}"},"query-input":{"@type":"PropertyValueSpecification","valueRequired":true,"valueName":"search_term_string"}}],"inLanguage":"gl-ES"}]}},"_links":{"self":[{"href":"https:\/\/adoa.es\/gl\/wp-json\/wp\/v2\/product\/3211","targetHints":{"allow":["GET"]}}],"collection":[{"href":"https:\/\/adoa.es\/gl\/wp-json\/wp\/v2\/product"}],"about":[{"href":"https:\/\/adoa.es\/gl\/wp-json\/wp\/v2\/types\/product"}],"wp:featuredmedia":[{"embeddable":true,"href":"https:\/\/adoa.es\/gl\/wp-json\/wp\/v2\/media\/3212"}],"wp:attachment":[{"href":"https:\/\/adoa.es\/gl\/wp-json\/wp\/v2\/media?parent=3211"}],"wp:term":[{"taxonomy":"product_brand","embeddable":true,"href":"https:\/\/adoa.es\/gl\/wp-json\/wp\/v2\/product_brand?post=3211"},{"taxonomy":"product_cat","embeddable":true,"href":"https:\/\/adoa.es\/gl\/wp-json\/wp\/v2\/product_cat?post=3211"},{"taxonomy":"product_tag","embeddable":true,"href":"https:\/\/adoa.es\/gl\/wp-json\/wp\/v2\/product_tag?post=3211"}],"curies":[{"name":"wp","href":"https:\/\/api.w.org\/{rel}","templated":true}]}}