{"id":3201,"date":"2021-11-09T10:41:53","date_gmt":"2021-11-09T09:41:53","guid":{"rendered":"https:\/\/adoa.es\/?post_type=product&#038;p=3201"},"modified":"2022-02-10T16:34:33","modified_gmt":"2022-02-10T15:34:33","slug":"cuenco-transparente-para-orquidea","status":"publish","type":"product","link":"https:\/\/adoa.es\/gl\/producto\/cuenco-transparente-para-orquidea\/","title":{"rendered":"Cuenco Transparente para orqu\u00eddea"},"content":{"rendered":"<p>Cuenco transparente fabricado en pl\u00e1stico Veca Living. Su volumen aproximado es de 4 Litros, y sus medidas son 24 de di\u00e1metro x 10,50 cm de altura.<\/p>\n<p>Su formato tipo cuenco es id\u00f3neo para realizar centros con diferentes tipos de orqu\u00eddeas.<\/p>\n","protected":false},"excerpt":{"rendered":"<p>Cuenco transparente fabricado en pl\u00e1stico Veca Living. Su volumen aproximado es de 4 Litros, y sus medidas son 24 de di\u00e1metro x 10,50 cm de altura.<\/p>\n","protected":false},"featured_media":3204,"template":"","meta":[],"product_brand":[],"product_cat":[200],"product_tag":[],"class_list":{"0":"post-3201","1":"product","2":"type-product","3":"status-publish","4":"has-post-thumbnail","6":"product_cat-orquideas","8":"first","9":"instock","10":"taxable","11":"shipping-taxable","12":"purchasable","13":"product-type-simple"},"yoast_head":"<!-- This site is optimized with the Yoast SEO plugin v25.8 - https:\/\/yoast.com\/wordpress\/plugins\/seo\/ -->\n<title>Cuenco Transparente para orqu\u00eddea - Adoa<\/title>\n<meta name=\"robots\" content=\"index, follow, max-snippet:-1, max-image-preview:large, max-video-preview:-1\" \/>\n<link rel=\"canonical\" href=\"https:\/\/adoa.es\/producto\/cuenco-transparente-para-orquidea\/\" \/>\n<script type=\"application\/ld+json\" class=\"yoast-schema-graph\">{\"@context\":\"https:\/\/schema.org\",\"@graph\":[{\"@type\":\"WebPage\",\"@id\":\"https:\/\/adoa.es\/producto\/cuenco-transparente-para-orquidea\/\",\"url\":\"https:\/\/adoa.es\/producto\/cuenco-transparente-para-orquidea\/\",\"name\":\"Cuenco Transparente para orqu\u00eddea - Adoa\",\"isPartOf\":{\"@id\":\"https:\/\/adoa.es\/gl\/#website\"},\"primaryImageOfPage\":{\"@id\":\"https:\/\/adoa.es\/producto\/cuenco-transparente-para-orquidea\/#primaryimage\"},\"image\":{\"@id\":\"https:\/\/adoa.es\/producto\/cuenco-transparente-para-orquidea\/#primaryimage\"},\"thumbnailUrl\":\"https:\/\/adoa.es\/wp-content\/uploads\/2021\/11\/cuenco-orquidea-1.jpg\",\"datePublished\":\"2021-11-09T09:41:53+00:00\",\"dateModified\":\"2022-02-10T15:34:33+00:00\",\"breadcrumb\":{\"@id\":\"https:\/\/adoa.es\/producto\/cuenco-transparente-para-orquidea\/#breadcrumb\"},\"inLanguage\":\"gl-ES\",\"potentialAction\":[{\"@type\":\"ReadAction\",\"target\":[\"https:\/\/adoa.es\/producto\/cuenco-transparente-para-orquidea\/\"]}]},{\"@type\":\"ImageObject\",\"inLanguage\":\"gl-ES\",\"@id\":\"https:\/\/adoa.es\/producto\/cuenco-transparente-para-orquidea\/#primaryimage\",\"url\":\"https:\/\/adoa.es\/wp-content\/uploads\/2021\/11\/cuenco-orquidea-1.jpg\",\"contentUrl\":\"https:\/\/adoa.es\/wp-content\/uploads\/2021\/11\/cuenco-orquidea-1.jpg\",\"width\":800,\"height\":800},{\"@type\":\"BreadcrumbList\",\"@id\":\"https:\/\/adoa.es\/producto\/cuenco-transparente-para-orquidea\/#breadcrumb\",\"itemListElement\":[{\"@type\":\"ListItem\",\"position\":1,\"name\":\"Portada\",\"item\":\"https:\/\/adoa.es\/gl\/\"},{\"@type\":\"ListItem\",\"position\":2,\"name\":\"Tienda\",\"item\":\"https:\/\/adoa.es\/tienda\/\"},{\"@type\":\"ListItem\",\"position\":3,\"name\":\"Cuenco Transparente para orqu\u00eddea\"}]},{\"@type\":\"WebSite\",\"@id\":\"https:\/\/adoa.es\/gl\/#website\",\"url\":\"https:\/\/adoa.es\/gl\/\",\"name\":\"Adoa\",\"description\":\"Centros de Xardiner\u00eda\",\"potentialAction\":[{\"@type\":\"SearchAction\",\"target\":{\"@type\":\"EntryPoint\",\"urlTemplate\":\"https:\/\/adoa.es\/gl\/?s={search_term_string}\"},\"query-input\":{\"@type\":\"PropertyValueSpecification\",\"valueRequired\":true,\"valueName\":\"search_term_string\"}}],\"inLanguage\":\"gl-ES\"}]}<\/script>\n<!-- \/ Yoast SEO plugin. -->","yoast_head_json":{"title":"Cuenco Transparente para orqu\u00eddea - Adoa","robots":{"index":"index","follow":"follow","max-snippet":"max-snippet:-1","max-image-preview":"max-image-preview:large","max-video-preview":"max-video-preview:-1"},"canonical":"https:\/\/adoa.es\/producto\/cuenco-transparente-para-orquidea\/","schema":{"@context":"https:\/\/schema.org","@graph":[{"@type":"WebPage","@id":"https:\/\/adoa.es\/producto\/cuenco-transparente-para-orquidea\/","url":"https:\/\/adoa.es\/producto\/cuenco-transparente-para-orquidea\/","name":"Cuenco Transparente para orqu\u00eddea - Adoa","isPartOf":{"@id":"https:\/\/adoa.es\/gl\/#website"},"primaryImageOfPage":{"@id":"https:\/\/adoa.es\/producto\/cuenco-transparente-para-orquidea\/#primaryimage"},"image":{"@id":"https:\/\/adoa.es\/producto\/cuenco-transparente-para-orquidea\/#primaryimage"},"thumbnailUrl":"https:\/\/adoa.es\/wp-content\/uploads\/2021\/11\/cuenco-orquidea-1.jpg","datePublished":"2021-11-09T09:41:53+00:00","dateModified":"2022-02-10T15:34:33+00:00","breadcrumb":{"@id":"https:\/\/adoa.es\/producto\/cuenco-transparente-para-orquidea\/#breadcrumb"},"inLanguage":"gl-ES","potentialAction":[{"@type":"ReadAction","target":["https:\/\/adoa.es\/producto\/cuenco-transparente-para-orquidea\/"]}]},{"@type":"ImageObject","inLanguage":"gl-ES","@id":"https:\/\/adoa.es\/producto\/cuenco-transparente-para-orquidea\/#primaryimage","url":"https:\/\/adoa.es\/wp-content\/uploads\/2021\/11\/cuenco-orquidea-1.jpg","contentUrl":"https:\/\/adoa.es\/wp-content\/uploads\/2021\/11\/cuenco-orquidea-1.jpg","width":800,"height":800},{"@type":"BreadcrumbList","@id":"https:\/\/adoa.es\/producto\/cuenco-transparente-para-orquidea\/#breadcrumb","itemListElement":[{"@type":"ListItem","position":1,"name":"Portada","item":"https:\/\/adoa.es\/gl\/"},{"@type":"ListItem","position":2,"name":"Tienda","item":"https:\/\/adoa.es\/tienda\/"},{"@type":"ListItem","position":3,"name":"Cuenco Transparente para orqu\u00eddea"}]},{"@type":"WebSite","@id":"https:\/\/adoa.es\/gl\/#website","url":"https:\/\/adoa.es\/gl\/","name":"Adoa","description":"Centros de Xardiner\u00eda","potentialAction":[{"@type":"SearchAction","target":{"@type":"EntryPoint","urlTemplate":"https:\/\/adoa.es\/gl\/?s={search_term_string}"},"query-input":{"@type":"PropertyValueSpecification","valueRequired":true,"valueName":"search_term_string"}}],"inLanguage":"gl-ES"}]}},"_links":{"self":[{"href":"https:\/\/adoa.es\/gl\/wp-json\/wp\/v2\/product\/3201","targetHints":{"allow":["GET"]}}],"collection":[{"href":"https:\/\/adoa.es\/gl\/wp-json\/wp\/v2\/product"}],"about":[{"href":"https:\/\/adoa.es\/gl\/wp-json\/wp\/v2\/types\/product"}],"wp:featuredmedia":[{"embeddable":true,"href":"https:\/\/adoa.es\/gl\/wp-json\/wp\/v2\/media\/3204"}],"wp:attachment":[{"href":"https:\/\/adoa.es\/gl\/wp-json\/wp\/v2\/media?parent=3201"}],"wp:term":[{"taxonomy":"product_brand","embeddable":true,"href":"https:\/\/adoa.es\/gl\/wp-json\/wp\/v2\/product_brand?post=3201"},{"taxonomy":"product_cat","embeddable":true,"href":"https:\/\/adoa.es\/gl\/wp-json\/wp\/v2\/product_cat?post=3201"},{"taxonomy":"product_tag","embeddable":true,"href":"https:\/\/adoa.es\/gl\/wp-json\/wp\/v2\/product_tag?post=3201"}],"curies":[{"name":"wp","href":"https:\/\/api.w.org\/{rel}","templated":true}]}}