{"id":3120,"date":"2020-08-31T18:29:14","date_gmt":"2020-08-31T16:29:14","guid":{"rendered":"https:\/\/adoa.es\/?post_type=product&#038;p=3120"},"modified":"2022-02-12T16:15:42","modified_gmt":"2022-02-12T15:15:42","slug":"repelente-de-aves","status":"publish","type":"product","link":"https:\/\/adoa.es\/gl\/producto\/repelente-de-aves\/","title":{"rendered":"Repelente de aves"},"content":{"rendered":"<p>Repelente de aves ( gorriones, estorninos, c\u00f3rvidos&#8230;) barrera olfactiva compuesta a base de aceite empireum\u00e1tico, ideal para limitar da\u00f1os en las cosechas de las frutas y uva ocasionadas por las aves.<\/p>\n<p>El producto tiene una propiedad de ahuyentar a las aves mediante el olor que desprende. Con una persistencia de hasta 4 semanas.<\/p>\n<p>Contiene 10 bolsitas.<\/p>\n","protected":false},"excerpt":{"rendered":"<p>Repelente de aves ( gorriones, estorninos, c\u00f3rvidos&#8230;) barrera olfactiva compuesta a base de aceite empireum\u00e1tico, ideal para limitar da\u00f1os en las cosechas de las frutas y uva ocasionadas por las aves.<\/p>\n","protected":false},"featured_media":3121,"template":"","meta":[],"product_brand":[],"product_cat":[96],"product_tag":[],"class_list":{"0":"post-3120","1":"product","2":"type-product","3":"status-publish","4":"has-post-thumbnail","6":"product_cat-plagas","8":"first","9":"instock","10":"featured","11":"taxable","12":"shipping-taxable","13":"purchasable","14":"product-type-simple"},"yoast_head":"<!-- This site is optimized with the Yoast SEO plugin v25.8 - https:\/\/yoast.com\/wordpress\/plugins\/seo\/ -->\n<title>Repelente de aves - Adoa<\/title>\n<meta name=\"robots\" content=\"index, follow, max-snippet:-1, max-image-preview:large, max-video-preview:-1\" \/>\n<link rel=\"canonical\" href=\"https:\/\/adoa.es\/producto\/repelente-de-aves\/\" \/>\n<script type=\"application\/ld+json\" class=\"yoast-schema-graph\">{\"@context\":\"https:\/\/schema.org\",\"@graph\":[{\"@type\":\"WebPage\",\"@id\":\"https:\/\/adoa.es\/producto\/repelente-de-aves\/\",\"url\":\"https:\/\/adoa.es\/producto\/repelente-de-aves\/\",\"name\":\"Repelente de aves - Adoa\",\"isPartOf\":{\"@id\":\"https:\/\/adoa.es\/gl\/#website\"},\"primaryImageOfPage\":{\"@id\":\"https:\/\/adoa.es\/producto\/repelente-de-aves\/#primaryimage\"},\"image\":{\"@id\":\"https:\/\/adoa.es\/producto\/repelente-de-aves\/#primaryimage\"},\"thumbnailUrl\":\"https:\/\/adoa.es\/wp-content\/uploads\/2020\/08\/repelente-aves-1.jpg\",\"datePublished\":\"2020-08-31T16:29:14+00:00\",\"dateModified\":\"2022-02-12T15:15:42+00:00\",\"breadcrumb\":{\"@id\":\"https:\/\/adoa.es\/producto\/repelente-de-aves\/#breadcrumb\"},\"inLanguage\":\"gl-ES\",\"potentialAction\":[{\"@type\":\"ReadAction\",\"target\":[\"https:\/\/adoa.es\/producto\/repelente-de-aves\/\"]}]},{\"@type\":\"ImageObject\",\"inLanguage\":\"gl-ES\",\"@id\":\"https:\/\/adoa.es\/producto\/repelente-de-aves\/#primaryimage\",\"url\":\"https:\/\/adoa.es\/wp-content\/uploads\/2020\/08\/repelente-aves-1.jpg\",\"contentUrl\":\"https:\/\/adoa.es\/wp-content\/uploads\/2020\/08\/repelente-aves-1.jpg\",\"width\":800,\"height\":800},{\"@type\":\"BreadcrumbList\",\"@id\":\"https:\/\/adoa.es\/producto\/repelente-de-aves\/#breadcrumb\",\"itemListElement\":[{\"@type\":\"ListItem\",\"position\":1,\"name\":\"Portada\",\"item\":\"https:\/\/adoa.es\/gl\/\"},{\"@type\":\"ListItem\",\"position\":2,\"name\":\"Tienda\",\"item\":\"https:\/\/adoa.es\/tienda\/\"},{\"@type\":\"ListItem\",\"position\":3,\"name\":\"Repelente de aves\"}]},{\"@type\":\"WebSite\",\"@id\":\"https:\/\/adoa.es\/gl\/#website\",\"url\":\"https:\/\/adoa.es\/gl\/\",\"name\":\"Adoa\",\"description\":\"Centros de Xardiner\u00eda\",\"potentialAction\":[{\"@type\":\"SearchAction\",\"target\":{\"@type\":\"EntryPoint\",\"urlTemplate\":\"https:\/\/adoa.es\/gl\/?s={search_term_string}\"},\"query-input\":{\"@type\":\"PropertyValueSpecification\",\"valueRequired\":true,\"valueName\":\"search_term_string\"}}],\"inLanguage\":\"gl-ES\"}]}<\/script>\n<!-- \/ Yoast SEO plugin. -->","yoast_head_json":{"title":"Repelente de aves - Adoa","robots":{"index":"index","follow":"follow","max-snippet":"max-snippet:-1","max-image-preview":"max-image-preview:large","max-video-preview":"max-video-preview:-1"},"canonical":"https:\/\/adoa.es\/producto\/repelente-de-aves\/","schema":{"@context":"https:\/\/schema.org","@graph":[{"@type":"WebPage","@id":"https:\/\/adoa.es\/producto\/repelente-de-aves\/","url":"https:\/\/adoa.es\/producto\/repelente-de-aves\/","name":"Repelente de aves - Adoa","isPartOf":{"@id":"https:\/\/adoa.es\/gl\/#website"},"primaryImageOfPage":{"@id":"https:\/\/adoa.es\/producto\/repelente-de-aves\/#primaryimage"},"image":{"@id":"https:\/\/adoa.es\/producto\/repelente-de-aves\/#primaryimage"},"thumbnailUrl":"https:\/\/adoa.es\/wp-content\/uploads\/2020\/08\/repelente-aves-1.jpg","datePublished":"2020-08-31T16:29:14+00:00","dateModified":"2022-02-12T15:15:42+00:00","breadcrumb":{"@id":"https:\/\/adoa.es\/producto\/repelente-de-aves\/#breadcrumb"},"inLanguage":"gl-ES","potentialAction":[{"@type":"ReadAction","target":["https:\/\/adoa.es\/producto\/repelente-de-aves\/"]}]},{"@type":"ImageObject","inLanguage":"gl-ES","@id":"https:\/\/adoa.es\/producto\/repelente-de-aves\/#primaryimage","url":"https:\/\/adoa.es\/wp-content\/uploads\/2020\/08\/repelente-aves-1.jpg","contentUrl":"https:\/\/adoa.es\/wp-content\/uploads\/2020\/08\/repelente-aves-1.jpg","width":800,"height":800},{"@type":"BreadcrumbList","@id":"https:\/\/adoa.es\/producto\/repelente-de-aves\/#breadcrumb","itemListElement":[{"@type":"ListItem","position":1,"name":"Portada","item":"https:\/\/adoa.es\/gl\/"},{"@type":"ListItem","position":2,"name":"Tienda","item":"https:\/\/adoa.es\/tienda\/"},{"@type":"ListItem","position":3,"name":"Repelente de aves"}]},{"@type":"WebSite","@id":"https:\/\/adoa.es\/gl\/#website","url":"https:\/\/adoa.es\/gl\/","name":"Adoa","description":"Centros de Xardiner\u00eda","potentialAction":[{"@type":"SearchAction","target":{"@type":"EntryPoint","urlTemplate":"https:\/\/adoa.es\/gl\/?s={search_term_string}"},"query-input":{"@type":"PropertyValueSpecification","valueRequired":true,"valueName":"search_term_string"}}],"inLanguage":"gl-ES"}]}},"_links":{"self":[{"href":"https:\/\/adoa.es\/gl\/wp-json\/wp\/v2\/product\/3120","targetHints":{"allow":["GET"]}}],"collection":[{"href":"https:\/\/adoa.es\/gl\/wp-json\/wp\/v2\/product"}],"about":[{"href":"https:\/\/adoa.es\/gl\/wp-json\/wp\/v2\/types\/product"}],"wp:featuredmedia":[{"embeddable":true,"href":"https:\/\/adoa.es\/gl\/wp-json\/wp\/v2\/media\/3121"}],"wp:attachment":[{"href":"https:\/\/adoa.es\/gl\/wp-json\/wp\/v2\/media?parent=3120"}],"wp:term":[{"taxonomy":"product_brand","embeddable":true,"href":"https:\/\/adoa.es\/gl\/wp-json\/wp\/v2\/product_brand?post=3120"},{"taxonomy":"product_cat","embeddable":true,"href":"https:\/\/adoa.es\/gl\/wp-json\/wp\/v2\/product_cat?post=3120"},{"taxonomy":"product_tag","embeddable":true,"href":"https:\/\/adoa.es\/gl\/wp-json\/wp\/v2\/product_tag?post=3120"}],"curies":[{"name":"wp","href":"https:\/\/api.w.org\/{rel}","templated":true}]}}