{"id":3111,"date":"2020-08-31T16:52:26","date_gmt":"2020-08-31T14:52:26","guid":{"rendered":"https:\/\/adoa.es\/?post_type=product&#038;p=3111"},"modified":"2020-08-31T16:59:07","modified_gmt":"2020-08-31T14:59:07","slug":"repelente-de-aves-compo","status":"publish","type":"product","link":"https:\/\/adoa.es\/gl\/producto\/repelente-de-aves-compo\/","title":{"rendered":"Repelente de aves  Compo"},"content":{"rendered":"<p>Compo barrera presenta un repelente de aves con una acci\u00f3n en pastillas que disuade las aves por olor, tacto, gusto y vista. Lo perciben inmediatamente via olfactiva y visual. En cuanto entran en contacto con el producto les produce una sensaci\u00f3n incomoda de frio y calor. Evita que las aves aniden en los lugares donde es instalado, debido a que les produce una gran incomodidad en el propio entorno.<\/p>\n<p>Dise\u00f1ado para instalar en cualquier \u00e9poca del a\u00f1o. Aguanta temperaturas extremas y largos periodos al sol, asi como lluvia y polvo lo cual lo hace un producto perfectamente adaptable tanto para interior\u00a0 ( galerias, porches, patios &#8230;)como exterior (Fachadas, balcones,edificios, valla publicitarias&#8230;).<\/p>\n<p>Contiene 8 platos de 20 gramos\u00a0 cada uno.<\/p>\n","protected":false},"excerpt":{"rendered":"<p>Compo barrera presenta un repelente de aves con una acci\u00f3n en pastillas que disuade las aves por olor, tacto, gusto y vista. Lo perciben inmediatamente via olfactiva y visual. En cuanto entran en contacto con el producto les produce una sensaci\u00f3n incomoda de frio y calor. Evita que las aves aniden en los lugares donde es instalado, debido a que les produce una gran incomodidad en el propio entorno.<\/p>\n<p>Contiene 8 platos de 20 gramos cada uno.<\/p>\n","protected":false},"featured_media":3112,"template":"","meta":[],"product_brand":[],"product_cat":[96],"product_tag":[],"class_list":{"0":"post-3111","1":"product","2":"type-product","3":"status-publish","4":"has-post-thumbnail","6":"product_cat-plagas","8":"first","9":"instock","10":"taxable","11":"shipping-taxable","12":"purchasable","13":"product-type-simple"},"yoast_head":"<!-- This site is optimized with the Yoast SEO plugin v25.8 - https:\/\/yoast.com\/wordpress\/plugins\/seo\/ -->\n<title>Repelente de aves Compo - Adoa<\/title>\n<meta name=\"robots\" content=\"index, follow, max-snippet:-1, max-image-preview:large, max-video-preview:-1\" \/>\n<link rel=\"canonical\" href=\"https:\/\/adoa.es\/gl\/producto\/repelente-de-aves-compo\/\" \/>\n<meta name=\"twitter:label1\" content=\"Tempo de lectura\" \/>\n\t<meta name=\"twitter:data1\" content=\"1 minuto\" \/>\n<script type=\"application\/ld+json\" class=\"yoast-schema-graph\">{\"@context\":\"https:\/\/schema.org\",\"@graph\":[{\"@type\":\"WebPage\",\"@id\":\"https:\/\/adoa.es\/gl\/producto\/repelente-de-aves-compo\/\",\"url\":\"https:\/\/adoa.es\/gl\/producto\/repelente-de-aves-compo\/\",\"name\":\"Repelente de aves Compo - Adoa\",\"isPartOf\":{\"@id\":\"https:\/\/adoa.es\/gl\/#website\"},\"primaryImageOfPage\":{\"@id\":\"https:\/\/adoa.es\/gl\/producto\/repelente-de-aves-compo\/#primaryimage\"},\"image\":{\"@id\":\"https:\/\/adoa.es\/gl\/producto\/repelente-de-aves-compo\/#primaryimage\"},\"thumbnailUrl\":\"https:\/\/adoa.es\/wp-content\/uploads\/2020\/08\/repelente-aves.jpg\",\"datePublished\":\"2020-08-31T14:52:26+00:00\",\"dateModified\":\"2020-08-31T14:59:07+00:00\",\"breadcrumb\":{\"@id\":\"https:\/\/adoa.es\/gl\/producto\/repelente-de-aves-compo\/#breadcrumb\"},\"inLanguage\":\"gl-ES\",\"potentialAction\":[{\"@type\":\"ReadAction\",\"target\":[\"https:\/\/adoa.es\/gl\/producto\/repelente-de-aves-compo\/\"]}]},{\"@type\":\"ImageObject\",\"inLanguage\":\"gl-ES\",\"@id\":\"https:\/\/adoa.es\/gl\/producto\/repelente-de-aves-compo\/#primaryimage\",\"url\":\"https:\/\/adoa.es\/wp-content\/uploads\/2020\/08\/repelente-aves.jpg\",\"contentUrl\":\"https:\/\/adoa.es\/wp-content\/uploads\/2020\/08\/repelente-aves.jpg\",\"width\":800,\"height\":800},{\"@type\":\"BreadcrumbList\",\"@id\":\"https:\/\/adoa.es\/gl\/producto\/repelente-de-aves-compo\/#breadcrumb\",\"itemListElement\":[{\"@type\":\"ListItem\",\"position\":1,\"name\":\"Portada\",\"item\":\"https:\/\/adoa.es\/gl\/\"},{\"@type\":\"ListItem\",\"position\":2,\"name\":\"Tienda\",\"item\":\"https:\/\/adoa.es\/tienda\/\"},{\"@type\":\"ListItem\",\"position\":3,\"name\":\"Repelente de aves Compo\"}]},{\"@type\":\"WebSite\",\"@id\":\"https:\/\/adoa.es\/gl\/#website\",\"url\":\"https:\/\/adoa.es\/gl\/\",\"name\":\"Adoa\",\"description\":\"Centros de Xardiner\u00eda\",\"potentialAction\":[{\"@type\":\"SearchAction\",\"target\":{\"@type\":\"EntryPoint\",\"urlTemplate\":\"https:\/\/adoa.es\/gl\/?s={search_term_string}\"},\"query-input\":{\"@type\":\"PropertyValueSpecification\",\"valueRequired\":true,\"valueName\":\"search_term_string\"}}],\"inLanguage\":\"gl-ES\"}]}<\/script>\n<!-- \/ Yoast SEO plugin. -->","yoast_head_json":{"title":"Repelente de aves Compo - Adoa","robots":{"index":"index","follow":"follow","max-snippet":"max-snippet:-1","max-image-preview":"max-image-preview:large","max-video-preview":"max-video-preview:-1"},"canonical":"https:\/\/adoa.es\/gl\/producto\/repelente-de-aves-compo\/","twitter_misc":{"Tempo de lectura":"1 minuto"},"schema":{"@context":"https:\/\/schema.org","@graph":[{"@type":"WebPage","@id":"https:\/\/adoa.es\/gl\/producto\/repelente-de-aves-compo\/","url":"https:\/\/adoa.es\/gl\/producto\/repelente-de-aves-compo\/","name":"Repelente de aves Compo - Adoa","isPartOf":{"@id":"https:\/\/adoa.es\/gl\/#website"},"primaryImageOfPage":{"@id":"https:\/\/adoa.es\/gl\/producto\/repelente-de-aves-compo\/#primaryimage"},"image":{"@id":"https:\/\/adoa.es\/gl\/producto\/repelente-de-aves-compo\/#primaryimage"},"thumbnailUrl":"https:\/\/adoa.es\/wp-content\/uploads\/2020\/08\/repelente-aves.jpg","datePublished":"2020-08-31T14:52:26+00:00","dateModified":"2020-08-31T14:59:07+00:00","breadcrumb":{"@id":"https:\/\/adoa.es\/gl\/producto\/repelente-de-aves-compo\/#breadcrumb"},"inLanguage":"gl-ES","potentialAction":[{"@type":"ReadAction","target":["https:\/\/adoa.es\/gl\/producto\/repelente-de-aves-compo\/"]}]},{"@type":"ImageObject","inLanguage":"gl-ES","@id":"https:\/\/adoa.es\/gl\/producto\/repelente-de-aves-compo\/#primaryimage","url":"https:\/\/adoa.es\/wp-content\/uploads\/2020\/08\/repelente-aves.jpg","contentUrl":"https:\/\/adoa.es\/wp-content\/uploads\/2020\/08\/repelente-aves.jpg","width":800,"height":800},{"@type":"BreadcrumbList","@id":"https:\/\/adoa.es\/gl\/producto\/repelente-de-aves-compo\/#breadcrumb","itemListElement":[{"@type":"ListItem","position":1,"name":"Portada","item":"https:\/\/adoa.es\/gl\/"},{"@type":"ListItem","position":2,"name":"Tienda","item":"https:\/\/adoa.es\/tienda\/"},{"@type":"ListItem","position":3,"name":"Repelente de aves Compo"}]},{"@type":"WebSite","@id":"https:\/\/adoa.es\/gl\/#website","url":"https:\/\/adoa.es\/gl\/","name":"Adoa","description":"Centros de Xardiner\u00eda","potentialAction":[{"@type":"SearchAction","target":{"@type":"EntryPoint","urlTemplate":"https:\/\/adoa.es\/gl\/?s={search_term_string}"},"query-input":{"@type":"PropertyValueSpecification","valueRequired":true,"valueName":"search_term_string"}}],"inLanguage":"gl-ES"}]}},"_links":{"self":[{"href":"https:\/\/adoa.es\/gl\/wp-json\/wp\/v2\/product\/3111","targetHints":{"allow":["GET"]}}],"collection":[{"href":"https:\/\/adoa.es\/gl\/wp-json\/wp\/v2\/product"}],"about":[{"href":"https:\/\/adoa.es\/gl\/wp-json\/wp\/v2\/types\/product"}],"wp:featuredmedia":[{"embeddable":true,"href":"https:\/\/adoa.es\/gl\/wp-json\/wp\/v2\/media\/3112"}],"wp:attachment":[{"href":"https:\/\/adoa.es\/gl\/wp-json\/wp\/v2\/media?parent=3111"}],"wp:term":[{"taxonomy":"product_brand","embeddable":true,"href":"https:\/\/adoa.es\/gl\/wp-json\/wp\/v2\/product_brand?post=3111"},{"taxonomy":"product_cat","embeddable":true,"href":"https:\/\/adoa.es\/gl\/wp-json\/wp\/v2\/product_cat?post=3111"},{"taxonomy":"product_tag","embeddable":true,"href":"https:\/\/adoa.es\/gl\/wp-json\/wp\/v2\/product_tag?post=3111"}],"curies":[{"name":"wp","href":"https:\/\/api.w.org\/{rel}","templated":true}]}}