{"id":3107,"date":"2020-08-31T16:38:04","date_gmt":"2020-08-31T14:38:04","guid":{"rendered":"https:\/\/adoa.es\/?post_type=product&#038;p=3107"},"modified":"2022-02-10T16:45:06","modified_gmt":"2022-02-10T15:45:06","slug":"desinfectante-de-accion-rapida","status":"publish","type":"product","link":"https:\/\/adoa.es\/gl\/producto\/desinfectante-de-accion-rapida\/","title":{"rendered":"Desinfectante de acci\u00f3n r\u00e1pida"},"content":{"rendered":"<p>Desinfectante de acci\u00f3n r\u00e1pida Argaex 7AE906 formulado a base de glutaradehido 0,15%, cloruro de bencil C12-C16, alquidimetilamonio 0,14% alcoholes alif\u00e1ticos y propelente c.s.p 100%<\/p>\n<p>Aplicaciones y usos en industria alimentariax desinfecci\u00f3n de contacto en superficies y equipos.<\/p>\n<p>Desinfectante Argaex 7AE906\u00a0 es un producto incoloro y no perfumado para desinfecci\u00f3n por contacto en seco de zonas superficies y materiales con alto riesgo de infecci\u00f3n, que se caracteriza\u00a0 por su facilidad de aplicaci\u00f3n y su rapidez de secado.<\/p>\n","protected":false},"excerpt":{"rendered":"<p>Desinfectante de acci\u00f3n r\u00e1pida Argaex 7AE906 formulado a base de glutaradehido 0,15%, cloruro de bencil C12-C16, alquidimetilamonio 0,14% alcoholes alif\u00e1ticos y propelente c.s.p 100%<\/p>\n<p>Aplicaciones y usos en industria alimentariax desinfecci\u00f3n de contacto en superficies y equipos.<\/p>\n","protected":false},"featured_media":3108,"template":"","meta":[],"product_brand":[],"product_cat":[96],"product_tag":[],"class_list":{"0":"post-3107","1":"product","2":"type-product","3":"status-publish","4":"has-post-thumbnail","6":"product_cat-plagas","8":"first","9":"instock","10":"taxable","11":"shipping-taxable","12":"purchasable","13":"product-type-simple"},"yoast_head":"<!-- This site is optimized with the Yoast SEO plugin v25.8 - https:\/\/yoast.com\/wordpress\/plugins\/seo\/ -->\n<title>Desinfectante de acci\u00f3n r\u00e1pida - Adoa<\/title>\n<meta name=\"robots\" content=\"index, follow, max-snippet:-1, max-image-preview:large, max-video-preview:-1\" \/>\n<link rel=\"canonical\" href=\"https:\/\/adoa.es\/producto\/desinfectante-de-accion-rapida\/\" \/>\n<script type=\"application\/ld+json\" class=\"yoast-schema-graph\">{\"@context\":\"https:\/\/schema.org\",\"@graph\":[{\"@type\":\"WebPage\",\"@id\":\"https:\/\/adoa.es\/producto\/desinfectante-de-accion-rapida\/\",\"url\":\"https:\/\/adoa.es\/producto\/desinfectante-de-accion-rapida\/\",\"name\":\"Desinfectante de acci\u00f3n r\u00e1pida - Adoa\",\"isPartOf\":{\"@id\":\"https:\/\/adoa.es\/gl\/#website\"},\"primaryImageOfPage\":{\"@id\":\"https:\/\/adoa.es\/producto\/desinfectante-de-accion-rapida\/#primaryimage\"},\"image\":{\"@id\":\"https:\/\/adoa.es\/producto\/desinfectante-de-accion-rapida\/#primaryimage\"},\"thumbnailUrl\":\"https:\/\/adoa.es\/wp-content\/uploads\/2020\/08\/desinfectante-accion-rapida.jpg\",\"datePublished\":\"2020-08-31T14:38:04+00:00\",\"dateModified\":\"2022-02-10T15:45:06+00:00\",\"breadcrumb\":{\"@id\":\"https:\/\/adoa.es\/producto\/desinfectante-de-accion-rapida\/#breadcrumb\"},\"inLanguage\":\"gl-ES\",\"potentialAction\":[{\"@type\":\"ReadAction\",\"target\":[\"https:\/\/adoa.es\/producto\/desinfectante-de-accion-rapida\/\"]}]},{\"@type\":\"ImageObject\",\"inLanguage\":\"gl-ES\",\"@id\":\"https:\/\/adoa.es\/producto\/desinfectante-de-accion-rapida\/#primaryimage\",\"url\":\"https:\/\/adoa.es\/wp-content\/uploads\/2020\/08\/desinfectante-accion-rapida.jpg\",\"contentUrl\":\"https:\/\/adoa.es\/wp-content\/uploads\/2020\/08\/desinfectante-accion-rapida.jpg\",\"width\":800,\"height\":800},{\"@type\":\"BreadcrumbList\",\"@id\":\"https:\/\/adoa.es\/producto\/desinfectante-de-accion-rapida\/#breadcrumb\",\"itemListElement\":[{\"@type\":\"ListItem\",\"position\":1,\"name\":\"Portada\",\"item\":\"https:\/\/adoa.es\/gl\/\"},{\"@type\":\"ListItem\",\"position\":2,\"name\":\"Tienda\",\"item\":\"https:\/\/adoa.es\/tienda\/\"},{\"@type\":\"ListItem\",\"position\":3,\"name\":\"Desinfectante de acci\u00f3n r\u00e1pida\"}]},{\"@type\":\"WebSite\",\"@id\":\"https:\/\/adoa.es\/gl\/#website\",\"url\":\"https:\/\/adoa.es\/gl\/\",\"name\":\"Adoa\",\"description\":\"Centros de Xardiner\u00eda\",\"potentialAction\":[{\"@type\":\"SearchAction\",\"target\":{\"@type\":\"EntryPoint\",\"urlTemplate\":\"https:\/\/adoa.es\/gl\/?s={search_term_string}\"},\"query-input\":{\"@type\":\"PropertyValueSpecification\",\"valueRequired\":true,\"valueName\":\"search_term_string\"}}],\"inLanguage\":\"gl-ES\"}]}<\/script>\n<!-- \/ Yoast SEO plugin. -->","yoast_head_json":{"title":"Desinfectante de acci\u00f3n r\u00e1pida - Adoa","robots":{"index":"index","follow":"follow","max-snippet":"max-snippet:-1","max-image-preview":"max-image-preview:large","max-video-preview":"max-video-preview:-1"},"canonical":"https:\/\/adoa.es\/producto\/desinfectante-de-accion-rapida\/","schema":{"@context":"https:\/\/schema.org","@graph":[{"@type":"WebPage","@id":"https:\/\/adoa.es\/producto\/desinfectante-de-accion-rapida\/","url":"https:\/\/adoa.es\/producto\/desinfectante-de-accion-rapida\/","name":"Desinfectante de acci\u00f3n r\u00e1pida - Adoa","isPartOf":{"@id":"https:\/\/adoa.es\/gl\/#website"},"primaryImageOfPage":{"@id":"https:\/\/adoa.es\/producto\/desinfectante-de-accion-rapida\/#primaryimage"},"image":{"@id":"https:\/\/adoa.es\/producto\/desinfectante-de-accion-rapida\/#primaryimage"},"thumbnailUrl":"https:\/\/adoa.es\/wp-content\/uploads\/2020\/08\/desinfectante-accion-rapida.jpg","datePublished":"2020-08-31T14:38:04+00:00","dateModified":"2022-02-10T15:45:06+00:00","breadcrumb":{"@id":"https:\/\/adoa.es\/producto\/desinfectante-de-accion-rapida\/#breadcrumb"},"inLanguage":"gl-ES","potentialAction":[{"@type":"ReadAction","target":["https:\/\/adoa.es\/producto\/desinfectante-de-accion-rapida\/"]}]},{"@type":"ImageObject","inLanguage":"gl-ES","@id":"https:\/\/adoa.es\/producto\/desinfectante-de-accion-rapida\/#primaryimage","url":"https:\/\/adoa.es\/wp-content\/uploads\/2020\/08\/desinfectante-accion-rapida.jpg","contentUrl":"https:\/\/adoa.es\/wp-content\/uploads\/2020\/08\/desinfectante-accion-rapida.jpg","width":800,"height":800},{"@type":"BreadcrumbList","@id":"https:\/\/adoa.es\/producto\/desinfectante-de-accion-rapida\/#breadcrumb","itemListElement":[{"@type":"ListItem","position":1,"name":"Portada","item":"https:\/\/adoa.es\/gl\/"},{"@type":"ListItem","position":2,"name":"Tienda","item":"https:\/\/adoa.es\/tienda\/"},{"@type":"ListItem","position":3,"name":"Desinfectante de acci\u00f3n r\u00e1pida"}]},{"@type":"WebSite","@id":"https:\/\/adoa.es\/gl\/#website","url":"https:\/\/adoa.es\/gl\/","name":"Adoa","description":"Centros de Xardiner\u00eda","potentialAction":[{"@type":"SearchAction","target":{"@type":"EntryPoint","urlTemplate":"https:\/\/adoa.es\/gl\/?s={search_term_string}"},"query-input":{"@type":"PropertyValueSpecification","valueRequired":true,"valueName":"search_term_string"}}],"inLanguage":"gl-ES"}]}},"_links":{"self":[{"href":"https:\/\/adoa.es\/gl\/wp-json\/wp\/v2\/product\/3107","targetHints":{"allow":["GET"]}}],"collection":[{"href":"https:\/\/adoa.es\/gl\/wp-json\/wp\/v2\/product"}],"about":[{"href":"https:\/\/adoa.es\/gl\/wp-json\/wp\/v2\/types\/product"}],"wp:featuredmedia":[{"embeddable":true,"href":"https:\/\/adoa.es\/gl\/wp-json\/wp\/v2\/media\/3108"}],"wp:attachment":[{"href":"https:\/\/adoa.es\/gl\/wp-json\/wp\/v2\/media?parent=3107"}],"wp:term":[{"taxonomy":"product_brand","embeddable":true,"href":"https:\/\/adoa.es\/gl\/wp-json\/wp\/v2\/product_brand?post=3107"},{"taxonomy":"product_cat","embeddable":true,"href":"https:\/\/adoa.es\/gl\/wp-json\/wp\/v2\/product_cat?post=3107"},{"taxonomy":"product_tag","embeddable":true,"href":"https:\/\/adoa.es\/gl\/wp-json\/wp\/v2\/product_tag?post=3107"}],"curies":[{"name":"wp","href":"https:\/\/api.w.org\/{rel}","templated":true}]}}