{"id":2760,"date":"2019-10-10T18:33:18","date_gmt":"2019-10-10T16:33:18","guid":{"rendered":"https:\/\/adoa.es\/?post_type=product&#038;p=2760"},"modified":"2022-02-12T16:13:43","modified_gmt":"2022-02-12T15:13:43","slug":"nutri-one-solido","status":"publish","type":"product","link":"https:\/\/adoa.es\/gl\/producto\/nutri-one-solido\/","title":{"rendered":"Nutri One solido"},"content":{"rendered":"<p>Abono nutri one solido premium concentrado para todo tipo de plantas.(Ornamentales, frutales, horticolas\u2026)<\/p>\n<p>Este abono organo-mineral en suspensi\u00f3n cuya composici\u00f3n ser\u00eda N-P-K (5,5-5-7,5 con microelementos), ayuda a favorece el crecimiento de las plantas as\u00ed como su floraci\u00f3n y fructificaci\u00f3n.<\/p>\n<p>Presentado en formato granulado de 1Kg y 4 kg.<\/p>\n","protected":false},"excerpt":{"rendered":"<p>Abono nutri one solido premium concentrado para todo tipo de plantas.(Ornamentales, frutales, horticolas\u2026) Este abono organo-mineral en suspensi\u00f3n cuya composici\u00f3n ser\u00eda N-P-K (5,5-5-7,5 con microelementos), ayuda a favorece el crecimiento de las plantas as\u00ed como su floraci\u00f3n y fructificaci\u00f3n. Presentado en formato granulado de 1Kg y 4 kg.<\/p>\n","protected":false},"featured_media":2763,"template":"","meta":[],"product_brand":[],"product_cat":[49],"product_tag":[],"class_list":{"0":"post-2760","1":"product","2":"type-product","3":"status-publish","4":"has-post-thumbnail","6":"product_cat-abonos-solidos","8":"first","9":"instock","10":"taxable","11":"shipping-taxable","12":"purchasable","13":"product-type-variable"},"yoast_head":"<!-- This site is optimized with the Yoast SEO plugin v25.8 - https:\/\/yoast.com\/wordpress\/plugins\/seo\/ -->\n<title>Nutri One solido - Adoa<\/title>\n<meta name=\"robots\" content=\"index, follow, max-snippet:-1, max-image-preview:large, max-video-preview:-1\" \/>\n<link rel=\"canonical\" href=\"https:\/\/adoa.es\/gl\/producto\/nutri-one-solido\/\" \/>\n<script type=\"application\/ld+json\" class=\"yoast-schema-graph\">{\"@context\":\"https:\/\/schema.org\",\"@graph\":[{\"@type\":\"WebPage\",\"@id\":\"https:\/\/adoa.es\/gl\/producto\/nutri-one-solido\/\",\"url\":\"https:\/\/adoa.es\/gl\/producto\/nutri-one-solido\/\",\"name\":\"Nutri One solido - Adoa\",\"isPartOf\":{\"@id\":\"https:\/\/adoa.es\/gl\/#website\"},\"primaryImageOfPage\":{\"@id\":\"https:\/\/adoa.es\/gl\/producto\/nutri-one-solido\/#primaryimage\"},\"image\":{\"@id\":\"https:\/\/adoa.es\/gl\/producto\/nutri-one-solido\/#primaryimage\"},\"thumbnailUrl\":\"https:\/\/adoa.es\/wp-content\/uploads\/2019\/10\/Nutri-one-solido.jpg\",\"datePublished\":\"2019-10-10T16:33:18+00:00\",\"dateModified\":\"2022-02-12T15:13:43+00:00\",\"breadcrumb\":{\"@id\":\"https:\/\/adoa.es\/gl\/producto\/nutri-one-solido\/#breadcrumb\"},\"inLanguage\":\"gl-ES\",\"potentialAction\":[{\"@type\":\"ReadAction\",\"target\":[\"https:\/\/adoa.es\/gl\/producto\/nutri-one-solido\/\"]}]},{\"@type\":\"ImageObject\",\"inLanguage\":\"gl-ES\",\"@id\":\"https:\/\/adoa.es\/gl\/producto\/nutri-one-solido\/#primaryimage\",\"url\":\"https:\/\/adoa.es\/wp-content\/uploads\/2019\/10\/Nutri-one-solido.jpg\",\"contentUrl\":\"https:\/\/adoa.es\/wp-content\/uploads\/2019\/10\/Nutri-one-solido.jpg\",\"width\":700,\"height\":530},{\"@type\":\"BreadcrumbList\",\"@id\":\"https:\/\/adoa.es\/gl\/producto\/nutri-one-solido\/#breadcrumb\",\"itemListElement\":[{\"@type\":\"ListItem\",\"position\":1,\"name\":\"Portada\",\"item\":\"https:\/\/adoa.es\/gl\/\"},{\"@type\":\"ListItem\",\"position\":2,\"name\":\"Tienda\",\"item\":\"https:\/\/adoa.es\/tienda\/\"},{\"@type\":\"ListItem\",\"position\":3,\"name\":\"Nutri One solido\"}]},{\"@type\":\"WebSite\",\"@id\":\"https:\/\/adoa.es\/gl\/#website\",\"url\":\"https:\/\/adoa.es\/gl\/\",\"name\":\"Adoa\",\"description\":\"Centros de Xardiner\u00eda\",\"potentialAction\":[{\"@type\":\"SearchAction\",\"target\":{\"@type\":\"EntryPoint\",\"urlTemplate\":\"https:\/\/adoa.es\/gl\/?s={search_term_string}\"},\"query-input\":{\"@type\":\"PropertyValueSpecification\",\"valueRequired\":true,\"valueName\":\"search_term_string\"}}],\"inLanguage\":\"gl-ES\"}]}<\/script>\n<!-- \/ Yoast SEO plugin. -->","yoast_head_json":{"title":"Nutri One solido - Adoa","robots":{"index":"index","follow":"follow","max-snippet":"max-snippet:-1","max-image-preview":"max-image-preview:large","max-video-preview":"max-video-preview:-1"},"canonical":"https:\/\/adoa.es\/gl\/producto\/nutri-one-solido\/","schema":{"@context":"https:\/\/schema.org","@graph":[{"@type":"WebPage","@id":"https:\/\/adoa.es\/gl\/producto\/nutri-one-solido\/","url":"https:\/\/adoa.es\/gl\/producto\/nutri-one-solido\/","name":"Nutri One solido - Adoa","isPartOf":{"@id":"https:\/\/adoa.es\/gl\/#website"},"primaryImageOfPage":{"@id":"https:\/\/adoa.es\/gl\/producto\/nutri-one-solido\/#primaryimage"},"image":{"@id":"https:\/\/adoa.es\/gl\/producto\/nutri-one-solido\/#primaryimage"},"thumbnailUrl":"https:\/\/adoa.es\/wp-content\/uploads\/2019\/10\/Nutri-one-solido.jpg","datePublished":"2019-10-10T16:33:18+00:00","dateModified":"2022-02-12T15:13:43+00:00","breadcrumb":{"@id":"https:\/\/adoa.es\/gl\/producto\/nutri-one-solido\/#breadcrumb"},"inLanguage":"gl-ES","potentialAction":[{"@type":"ReadAction","target":["https:\/\/adoa.es\/gl\/producto\/nutri-one-solido\/"]}]},{"@type":"ImageObject","inLanguage":"gl-ES","@id":"https:\/\/adoa.es\/gl\/producto\/nutri-one-solido\/#primaryimage","url":"https:\/\/adoa.es\/wp-content\/uploads\/2019\/10\/Nutri-one-solido.jpg","contentUrl":"https:\/\/adoa.es\/wp-content\/uploads\/2019\/10\/Nutri-one-solido.jpg","width":700,"height":530},{"@type":"BreadcrumbList","@id":"https:\/\/adoa.es\/gl\/producto\/nutri-one-solido\/#breadcrumb","itemListElement":[{"@type":"ListItem","position":1,"name":"Portada","item":"https:\/\/adoa.es\/gl\/"},{"@type":"ListItem","position":2,"name":"Tienda","item":"https:\/\/adoa.es\/tienda\/"},{"@type":"ListItem","position":3,"name":"Nutri One solido"}]},{"@type":"WebSite","@id":"https:\/\/adoa.es\/gl\/#website","url":"https:\/\/adoa.es\/gl\/","name":"Adoa","description":"Centros de Xardiner\u00eda","potentialAction":[{"@type":"SearchAction","target":{"@type":"EntryPoint","urlTemplate":"https:\/\/adoa.es\/gl\/?s={search_term_string}"},"query-input":{"@type":"PropertyValueSpecification","valueRequired":true,"valueName":"search_term_string"}}],"inLanguage":"gl-ES"}]}},"_links":{"self":[{"href":"https:\/\/adoa.es\/gl\/wp-json\/wp\/v2\/product\/2760","targetHints":{"allow":["GET"]}}],"collection":[{"href":"https:\/\/adoa.es\/gl\/wp-json\/wp\/v2\/product"}],"about":[{"href":"https:\/\/adoa.es\/gl\/wp-json\/wp\/v2\/types\/product"}],"wp:featuredmedia":[{"embeddable":true,"href":"https:\/\/adoa.es\/gl\/wp-json\/wp\/v2\/media\/2763"}],"wp:attachment":[{"href":"https:\/\/adoa.es\/gl\/wp-json\/wp\/v2\/media?parent=2760"}],"wp:term":[{"taxonomy":"product_brand","embeddable":true,"href":"https:\/\/adoa.es\/gl\/wp-json\/wp\/v2\/product_brand?post=2760"},{"taxonomy":"product_cat","embeddable":true,"href":"https:\/\/adoa.es\/gl\/wp-json\/wp\/v2\/product_cat?post=2760"},{"taxonomy":"product_tag","embeddable":true,"href":"https:\/\/adoa.es\/gl\/wp-json\/wp\/v2\/product_tag?post=2760"}],"curies":[{"name":"wp","href":"https:\/\/api.w.org\/{rel}","templated":true}]}}