{"id":2731,"date":"2019-10-10T12:13:44","date_gmt":"2019-10-10T10:13:44","guid":{"rendered":"https:\/\/adoa.es\/?post_type=product&#038;p=2731"},"modified":"2022-09-06T13:02:11","modified_gmt":"2022-09-06T11:02:11","slug":"cesped-sparring-fito","status":"publish","type":"product","link":"https:\/\/adoa.es\/gl\/producto\/cesped-sparring-fito\/","title":{"rendered":"C\u00e9sped Sparring Fit\u00f3"},"content":{"rendered":"<p>C\u00e9sped Sparring Fit\u00f3 en formato de 1, 5 y 25 kg. F\u00f3rmula r\u00fastica y de bajo mantenimiento.<\/p>\n<p>Composici\u00f3n:<\/p>\n<ul>\n<li>30% Festuca arundinacea Fesnova.<\/li>\n<li>30% Festuca arundinacea Terrano<\/li>\n<li>25% Festuca arundinacea Bizem<\/li>\n<li>10% Lolium perenne Rinovo<\/li>\n<li>05% Poa pratensis Prafin<\/li>\n<\/ul>\n<p>&nbsp;<\/p>\n","protected":false},"excerpt":{"rendered":"<p>C\u00e9sped Sparring Fit\u00f3 en formato de 1, 5 y 25 kg. F\u00f3rmula r\u00fastica y de bajo mantenimiento.<\/p>\n","protected":false},"featured_media":2839,"template":"","meta":[],"product_brand":[],"product_cat":[166],"product_tag":[],"class_list":{"0":"post-2731","1":"product","2":"type-product","3":"status-publish","4":"has-post-thumbnail","6":"product_cat-semillas","8":"first","9":"instock","10":"taxable","11":"shipping-taxable","12":"purchasable","13":"product-type-variable"},"yoast_head":"<!-- This site is optimized with the Yoast SEO plugin v25.8 - https:\/\/yoast.com\/wordpress\/plugins\/seo\/ -->\n<title>C\u00e9sped Sparring Fit\u00f3 - Adoa<\/title>\n<meta name=\"robots\" content=\"index, follow, max-snippet:-1, max-image-preview:large, max-video-preview:-1\" \/>\n<link rel=\"canonical\" href=\"https:\/\/adoa.es\/producto\/cesped-sparring-fito\/\" \/>\n<meta name=\"twitter:label1\" content=\"Tempo de lectura\" \/>\n\t<meta name=\"twitter:data1\" content=\"1 minuto\" \/>\n<script type=\"application\/ld+json\" class=\"yoast-schema-graph\">{\"@context\":\"https:\/\/schema.org\",\"@graph\":[{\"@type\":\"WebPage\",\"@id\":\"https:\/\/adoa.es\/producto\/cesped-sparring-fito\/\",\"url\":\"https:\/\/adoa.es\/producto\/cesped-sparring-fito\/\",\"name\":\"C\u00e9sped Sparring Fit\u00f3 - Adoa\",\"isPartOf\":{\"@id\":\"https:\/\/adoa.es\/gl\/#website\"},\"primaryImageOfPage\":{\"@id\":\"https:\/\/adoa.es\/producto\/cesped-sparring-fito\/#primaryimage\"},\"image\":{\"@id\":\"https:\/\/adoa.es\/producto\/cesped-sparring-fito\/#primaryimage\"},\"thumbnailUrl\":\"https:\/\/adoa.es\/wp-content\/uploads\/2019\/10\/c\u00e9sped-fit\u00f3-sparring-1.jpg\",\"datePublished\":\"2019-10-10T10:13:44+00:00\",\"dateModified\":\"2022-09-06T11:02:11+00:00\",\"breadcrumb\":{\"@id\":\"https:\/\/adoa.es\/producto\/cesped-sparring-fito\/#breadcrumb\"},\"inLanguage\":\"gl-ES\",\"potentialAction\":[{\"@type\":\"ReadAction\",\"target\":[\"https:\/\/adoa.es\/producto\/cesped-sparring-fito\/\"]}]},{\"@type\":\"ImageObject\",\"inLanguage\":\"gl-ES\",\"@id\":\"https:\/\/adoa.es\/producto\/cesped-sparring-fito\/#primaryimage\",\"url\":\"https:\/\/adoa.es\/wp-content\/uploads\/2019\/10\/c\u00e9sped-fit\u00f3-sparring-1.jpg\",\"contentUrl\":\"https:\/\/adoa.es\/wp-content\/uploads\/2019\/10\/c\u00e9sped-fit\u00f3-sparring-1.jpg\",\"width\":800,\"height\":800},{\"@type\":\"BreadcrumbList\",\"@id\":\"https:\/\/adoa.es\/producto\/cesped-sparring-fito\/#breadcrumb\",\"itemListElement\":[{\"@type\":\"ListItem\",\"position\":1,\"name\":\"Portada\",\"item\":\"https:\/\/adoa.es\/gl\/\"},{\"@type\":\"ListItem\",\"position\":2,\"name\":\"Tienda\",\"item\":\"https:\/\/adoa.es\/tienda\/\"},{\"@type\":\"ListItem\",\"position\":3,\"name\":\"C\u00e9sped Sparring Fit\u00f3\"}]},{\"@type\":\"WebSite\",\"@id\":\"https:\/\/adoa.es\/gl\/#website\",\"url\":\"https:\/\/adoa.es\/gl\/\",\"name\":\"Adoa\",\"description\":\"Centros de Xardiner\u00eda\",\"potentialAction\":[{\"@type\":\"SearchAction\",\"target\":{\"@type\":\"EntryPoint\",\"urlTemplate\":\"https:\/\/adoa.es\/gl\/?s={search_term_string}\"},\"query-input\":{\"@type\":\"PropertyValueSpecification\",\"valueRequired\":true,\"valueName\":\"search_term_string\"}}],\"inLanguage\":\"gl-ES\"}]}<\/script>\n<!-- \/ Yoast SEO plugin. -->","yoast_head_json":{"title":"C\u00e9sped Sparring Fit\u00f3 - Adoa","robots":{"index":"index","follow":"follow","max-snippet":"max-snippet:-1","max-image-preview":"max-image-preview:large","max-video-preview":"max-video-preview:-1"},"canonical":"https:\/\/adoa.es\/producto\/cesped-sparring-fito\/","twitter_misc":{"Tempo de lectura":"1 minuto"},"schema":{"@context":"https:\/\/schema.org","@graph":[{"@type":"WebPage","@id":"https:\/\/adoa.es\/producto\/cesped-sparring-fito\/","url":"https:\/\/adoa.es\/producto\/cesped-sparring-fito\/","name":"C\u00e9sped Sparring Fit\u00f3 - Adoa","isPartOf":{"@id":"https:\/\/adoa.es\/gl\/#website"},"primaryImageOfPage":{"@id":"https:\/\/adoa.es\/producto\/cesped-sparring-fito\/#primaryimage"},"image":{"@id":"https:\/\/adoa.es\/producto\/cesped-sparring-fito\/#primaryimage"},"thumbnailUrl":"https:\/\/adoa.es\/wp-content\/uploads\/2019\/10\/c\u00e9sped-fit\u00f3-sparring-1.jpg","datePublished":"2019-10-10T10:13:44+00:00","dateModified":"2022-09-06T11:02:11+00:00","breadcrumb":{"@id":"https:\/\/adoa.es\/producto\/cesped-sparring-fito\/#breadcrumb"},"inLanguage":"gl-ES","potentialAction":[{"@type":"ReadAction","target":["https:\/\/adoa.es\/producto\/cesped-sparring-fito\/"]}]},{"@type":"ImageObject","inLanguage":"gl-ES","@id":"https:\/\/adoa.es\/producto\/cesped-sparring-fito\/#primaryimage","url":"https:\/\/adoa.es\/wp-content\/uploads\/2019\/10\/c\u00e9sped-fit\u00f3-sparring-1.jpg","contentUrl":"https:\/\/adoa.es\/wp-content\/uploads\/2019\/10\/c\u00e9sped-fit\u00f3-sparring-1.jpg","width":800,"height":800},{"@type":"BreadcrumbList","@id":"https:\/\/adoa.es\/producto\/cesped-sparring-fito\/#breadcrumb","itemListElement":[{"@type":"ListItem","position":1,"name":"Portada","item":"https:\/\/adoa.es\/gl\/"},{"@type":"ListItem","position":2,"name":"Tienda","item":"https:\/\/adoa.es\/tienda\/"},{"@type":"ListItem","position":3,"name":"C\u00e9sped Sparring Fit\u00f3"}]},{"@type":"WebSite","@id":"https:\/\/adoa.es\/gl\/#website","url":"https:\/\/adoa.es\/gl\/","name":"Adoa","description":"Centros de Xardiner\u00eda","potentialAction":[{"@type":"SearchAction","target":{"@type":"EntryPoint","urlTemplate":"https:\/\/adoa.es\/gl\/?s={search_term_string}"},"query-input":{"@type":"PropertyValueSpecification","valueRequired":true,"valueName":"search_term_string"}}],"inLanguage":"gl-ES"}]}},"_links":{"self":[{"href":"https:\/\/adoa.es\/gl\/wp-json\/wp\/v2\/product\/2731","targetHints":{"allow":["GET"]}}],"collection":[{"href":"https:\/\/adoa.es\/gl\/wp-json\/wp\/v2\/product"}],"about":[{"href":"https:\/\/adoa.es\/gl\/wp-json\/wp\/v2\/types\/product"}],"wp:featuredmedia":[{"embeddable":true,"href":"https:\/\/adoa.es\/gl\/wp-json\/wp\/v2\/media\/2839"}],"wp:attachment":[{"href":"https:\/\/adoa.es\/gl\/wp-json\/wp\/v2\/media?parent=2731"}],"wp:term":[{"taxonomy":"product_brand","embeddable":true,"href":"https:\/\/adoa.es\/gl\/wp-json\/wp\/v2\/product_brand?post=2731"},{"taxonomy":"product_cat","embeddable":true,"href":"https:\/\/adoa.es\/gl\/wp-json\/wp\/v2\/product_cat?post=2731"},{"taxonomy":"product_tag","embeddable":true,"href":"https:\/\/adoa.es\/gl\/wp-json\/wp\/v2\/product_tag?post=2731"}],"curies":[{"name":"wp","href":"https:\/\/api.w.org\/{rel}","templated":true}]}}