{"id":2727,"date":"2019-10-09T16:11:52","date_gmt":"2019-10-09T14:11:52","guid":{"rendered":"https:\/\/adoa.es\/?post_type=product&#038;p=2727"},"modified":"2022-02-10T17:03:30","modified_gmt":"2022-02-10T16:03:30","slug":"spartan-2-fito-festuca-ovina","status":"publish","type":"product","link":"https:\/\/adoa.es\/gl\/producto\/spartan-2-fito-festuca-ovina\/","title":{"rendered":"Spartan 2 Fit\u00f3 Festuca ovina"},"content":{"rendered":"<p>Semilla Spartan 2 formato de 1 kg de fit\u00f3 cuya composici\u00f3n es:<\/p>\n<p><strong>FESTUCAS FINAS<\/strong><\/p>\n<p>(<em>Festuca Trichophylla<\/em>)<\/p>\n<p>Este g\u00e9nero engloba varias especies y subespecies de clima templado (C3), caracterizadas por su textura de hoja muy fina y ornamental, crecimiento en forma de macollas (<em>Festuca rubra commutata<\/em>\u00a0y\u00a0<em>Festuca ovina<\/em>) o rizomas y adaptadas a suelos pobres de clima suave.<\/p>\n<h4 class=\"titol-lliure\">CARACTER\u00cdSTICAS<\/h4>\n<p>Necesidad h\u00eddrica moderada.<br \/>\nTextura de hoja fina.<br \/>\nTolerancia a la sombra.<br \/>\nMenos necesidad de mantenimiento.<\/p>\n<p>Excelente comportamiento en verano.<br \/>\nTolera muy bien la sombra.<br \/>\nM\u00ednimas necesidades de corte y de fertilizaci\u00f3n.<br \/>\nBuena tolerancia al pisoteo.<br \/>\nCombina perfectamente con flores silvestres.<\/p>\n","protected":false},"excerpt":{"rendered":"<p>Semilla Spartan 2 formato de 1 kg de fit\u00f3.<\/p>\n<p>Excelente comportamiento en verano.<br \/>\nTolera muy bien la sombra.<br \/>\nM\u00ednimas necesidades de corte y de fertilizaci\u00f3n.<br \/>\nBuena tolerancia al pisoteo.<br \/>\nCombina perfectamente con flores silvestres.<\/p>\n","protected":false},"featured_media":2728,"template":"","meta":[],"product_brand":[],"product_cat":[166],"product_tag":[],"class_list":{"0":"post-2727","1":"product","2":"type-product","3":"status-publish","4":"has-post-thumbnail","6":"product_cat-semillas","8":"first","9":"instock","10":"taxable","11":"shipping-taxable","12":"purchasable","13":"product-type-simple"},"yoast_head":"<!-- This site is optimized with the Yoast SEO plugin v25.8 - https:\/\/yoast.com\/wordpress\/plugins\/seo\/ -->\n<title>Spartan 2 Fit\u00f3 Festuca ovina - Adoa<\/title>\n<meta name=\"robots\" content=\"index, follow, max-snippet:-1, max-image-preview:large, max-video-preview:-1\" \/>\n<link rel=\"canonical\" href=\"https:\/\/adoa.es\/producto\/spartan-2-fito-festuca-ovina\/\" \/>\n<meta name=\"twitter:label1\" content=\"Tempo de lectura\" \/>\n\t<meta name=\"twitter:data1\" content=\"1 minuto\" \/>\n<script type=\"application\/ld+json\" class=\"yoast-schema-graph\">{\"@context\":\"https:\/\/schema.org\",\"@graph\":[{\"@type\":\"WebPage\",\"@id\":\"https:\/\/adoa.es\/producto\/spartan-2-fito-festuca-ovina\/\",\"url\":\"https:\/\/adoa.es\/producto\/spartan-2-fito-festuca-ovina\/\",\"name\":\"Spartan 2 Fit\u00f3 Festuca ovina - Adoa\",\"isPartOf\":{\"@id\":\"https:\/\/adoa.es\/gl\/#website\"},\"primaryImageOfPage\":{\"@id\":\"https:\/\/adoa.es\/producto\/spartan-2-fito-festuca-ovina\/#primaryimage\"},\"image\":{\"@id\":\"https:\/\/adoa.es\/producto\/spartan-2-fito-festuca-ovina\/#primaryimage\"},\"thumbnailUrl\":\"https:\/\/adoa.es\/wp-content\/uploads\/2019\/10\/cesp\u00e9d-spartan2-fit\u00f3.jpg.png\",\"datePublished\":\"2019-10-09T14:11:52+00:00\",\"dateModified\":\"2022-02-10T16:03:30+00:00\",\"breadcrumb\":{\"@id\":\"https:\/\/adoa.es\/producto\/spartan-2-fito-festuca-ovina\/#breadcrumb\"},\"inLanguage\":\"gl-ES\",\"potentialAction\":[{\"@type\":\"ReadAction\",\"target\":[\"https:\/\/adoa.es\/producto\/spartan-2-fito-festuca-ovina\/\"]}]},{\"@type\":\"ImageObject\",\"inLanguage\":\"gl-ES\",\"@id\":\"https:\/\/adoa.es\/producto\/spartan-2-fito-festuca-ovina\/#primaryimage\",\"url\":\"https:\/\/adoa.es\/wp-content\/uploads\/2019\/10\/cesp\u00e9d-spartan2-fit\u00f3.jpg.png\",\"contentUrl\":\"https:\/\/adoa.es\/wp-content\/uploads\/2019\/10\/cesp\u00e9d-spartan2-fit\u00f3.jpg.png\",\"width\":538,\"height\":800},{\"@type\":\"BreadcrumbList\",\"@id\":\"https:\/\/adoa.es\/producto\/spartan-2-fito-festuca-ovina\/#breadcrumb\",\"itemListElement\":[{\"@type\":\"ListItem\",\"position\":1,\"name\":\"Portada\",\"item\":\"https:\/\/adoa.es\/gl\/\"},{\"@type\":\"ListItem\",\"position\":2,\"name\":\"Tienda\",\"item\":\"https:\/\/adoa.es\/tienda\/\"},{\"@type\":\"ListItem\",\"position\":3,\"name\":\"Spartan 2 Fit\u00f3 Festuca ovina\"}]},{\"@type\":\"WebSite\",\"@id\":\"https:\/\/adoa.es\/gl\/#website\",\"url\":\"https:\/\/adoa.es\/gl\/\",\"name\":\"Adoa\",\"description\":\"Centros de Xardiner\u00eda\",\"potentialAction\":[{\"@type\":\"SearchAction\",\"target\":{\"@type\":\"EntryPoint\",\"urlTemplate\":\"https:\/\/adoa.es\/gl\/?s={search_term_string}\"},\"query-input\":{\"@type\":\"PropertyValueSpecification\",\"valueRequired\":true,\"valueName\":\"search_term_string\"}}],\"inLanguage\":\"gl-ES\"}]}<\/script>\n<!-- \/ Yoast SEO plugin. -->","yoast_head_json":{"title":"Spartan 2 Fit\u00f3 Festuca ovina - Adoa","robots":{"index":"index","follow":"follow","max-snippet":"max-snippet:-1","max-image-preview":"max-image-preview:large","max-video-preview":"max-video-preview:-1"},"canonical":"https:\/\/adoa.es\/producto\/spartan-2-fito-festuca-ovina\/","twitter_misc":{"Tempo de lectura":"1 minuto"},"schema":{"@context":"https:\/\/schema.org","@graph":[{"@type":"WebPage","@id":"https:\/\/adoa.es\/producto\/spartan-2-fito-festuca-ovina\/","url":"https:\/\/adoa.es\/producto\/spartan-2-fito-festuca-ovina\/","name":"Spartan 2 Fit\u00f3 Festuca ovina - Adoa","isPartOf":{"@id":"https:\/\/adoa.es\/gl\/#website"},"primaryImageOfPage":{"@id":"https:\/\/adoa.es\/producto\/spartan-2-fito-festuca-ovina\/#primaryimage"},"image":{"@id":"https:\/\/adoa.es\/producto\/spartan-2-fito-festuca-ovina\/#primaryimage"},"thumbnailUrl":"https:\/\/adoa.es\/wp-content\/uploads\/2019\/10\/cesp\u00e9d-spartan2-fit\u00f3.jpg.png","datePublished":"2019-10-09T14:11:52+00:00","dateModified":"2022-02-10T16:03:30+00:00","breadcrumb":{"@id":"https:\/\/adoa.es\/producto\/spartan-2-fito-festuca-ovina\/#breadcrumb"},"inLanguage":"gl-ES","potentialAction":[{"@type":"ReadAction","target":["https:\/\/adoa.es\/producto\/spartan-2-fito-festuca-ovina\/"]}]},{"@type":"ImageObject","inLanguage":"gl-ES","@id":"https:\/\/adoa.es\/producto\/spartan-2-fito-festuca-ovina\/#primaryimage","url":"https:\/\/adoa.es\/wp-content\/uploads\/2019\/10\/cesp\u00e9d-spartan2-fit\u00f3.jpg.png","contentUrl":"https:\/\/adoa.es\/wp-content\/uploads\/2019\/10\/cesp\u00e9d-spartan2-fit\u00f3.jpg.png","width":538,"height":800},{"@type":"BreadcrumbList","@id":"https:\/\/adoa.es\/producto\/spartan-2-fito-festuca-ovina\/#breadcrumb","itemListElement":[{"@type":"ListItem","position":1,"name":"Portada","item":"https:\/\/adoa.es\/gl\/"},{"@type":"ListItem","position":2,"name":"Tienda","item":"https:\/\/adoa.es\/tienda\/"},{"@type":"ListItem","position":3,"name":"Spartan 2 Fit\u00f3 Festuca ovina"}]},{"@type":"WebSite","@id":"https:\/\/adoa.es\/gl\/#website","url":"https:\/\/adoa.es\/gl\/","name":"Adoa","description":"Centros de Xardiner\u00eda","potentialAction":[{"@type":"SearchAction","target":{"@type":"EntryPoint","urlTemplate":"https:\/\/adoa.es\/gl\/?s={search_term_string}"},"query-input":{"@type":"PropertyValueSpecification","valueRequired":true,"valueName":"search_term_string"}}],"inLanguage":"gl-ES"}]}},"_links":{"self":[{"href":"https:\/\/adoa.es\/gl\/wp-json\/wp\/v2\/product\/2727","targetHints":{"allow":["GET"]}}],"collection":[{"href":"https:\/\/adoa.es\/gl\/wp-json\/wp\/v2\/product"}],"about":[{"href":"https:\/\/adoa.es\/gl\/wp-json\/wp\/v2\/types\/product"}],"wp:featuredmedia":[{"embeddable":true,"href":"https:\/\/adoa.es\/gl\/wp-json\/wp\/v2\/media\/2728"}],"wp:attachment":[{"href":"https:\/\/adoa.es\/gl\/wp-json\/wp\/v2\/media?parent=2727"}],"wp:term":[{"taxonomy":"product_brand","embeddable":true,"href":"https:\/\/adoa.es\/gl\/wp-json\/wp\/v2\/product_brand?post=2727"},{"taxonomy":"product_cat","embeddable":true,"href":"https:\/\/adoa.es\/gl\/wp-json\/wp\/v2\/product_cat?post=2727"},{"taxonomy":"product_tag","embeddable":true,"href":"https:\/\/adoa.es\/gl\/wp-json\/wp\/v2\/product_tag?post=2727"}],"curies":[{"name":"wp","href":"https:\/\/api.w.org\/{rel}","templated":true}]}}