{"id":2721,"date":"2019-10-09T10:55:00","date_gmt":"2019-10-09T08:55:00","guid":{"rendered":"https:\/\/adoa.es\/?post_type=product&#038;p=2721"},"modified":"2022-02-10T17:04:02","modified_gmt":"2022-02-10T16:04:02","slug":"semilla-fito-jardin-enano","status":"publish","type":"product","link":"https:\/\/adoa.es\/gl\/producto\/semilla-fito-jardin-enano\/","title":{"rendered":"Semilla Fit\u00f3 Jard\u00edn enano."},"content":{"rendered":"<p>Semilla Fit\u00f3 jard\u00edn enano, cuya composici\u00f3n seria:<\/p>\n<p class=\"text-lliure\"><em>Nemophilia maculata, Iberis umbellata, Cheiranthus allioni, Bellis perennis, Silene pendula, Viola cornuta, Alyssum saxatile, Lasthenia glabrata, Malcomia maritima, Sanvitalia procumbens, Wedelia trilobata, Arctoctis stoechadifolis, Dianthus deltoides, Lobularia maritima, Saponaria pumilla, Festuca ovina<\/em><\/p>\n<p>&nbsp;<\/p>\n<p>Ideal para realizar parterres, rocallas, jardines floridos&#8230;<\/p>\n<p>Envase de 500 gramos (aproximadamente 200m\u00b2).<\/p>\n","protected":false},"excerpt":{"rendered":"<p>Semilla Fit\u00f3 jard\u00edn enano,Ideal para realizar parterres, rocallas, jardines floridos sostenibles&#8230;<\/p>\n","protected":false},"featured_media":2722,"template":"","meta":[],"product_brand":[],"product_cat":[166],"product_tag":[],"class_list":{"0":"post-2721","1":"product","2":"type-product","3":"status-publish","4":"has-post-thumbnail","6":"product_cat-semillas","8":"first","9":"instock","10":"taxable","11":"shipping-taxable","12":"purchasable","13":"product-type-simple"},"yoast_head":"<!-- This site is optimized with the Yoast SEO plugin v25.8 - https:\/\/yoast.com\/wordpress\/plugins\/seo\/ -->\n<title>Semilla Fit\u00f3 Jard\u00edn enano. - Adoa<\/title>\n<meta name=\"robots\" content=\"index, follow, max-snippet:-1, max-image-preview:large, max-video-preview:-1\" \/>\n<link rel=\"canonical\" href=\"https:\/\/adoa.es\/producto\/semilla-fito-jardin-enano\/\" \/>\n<script type=\"application\/ld+json\" class=\"yoast-schema-graph\">{\"@context\":\"https:\/\/schema.org\",\"@graph\":[{\"@type\":\"WebPage\",\"@id\":\"https:\/\/adoa.es\/producto\/semilla-fito-jardin-enano\/\",\"url\":\"https:\/\/adoa.es\/producto\/semilla-fito-jardin-enano\/\",\"name\":\"Semilla Fit\u00f3 Jard\u00edn enano. - Adoa\",\"isPartOf\":{\"@id\":\"https:\/\/adoa.es\/gl\/#website\"},\"primaryImageOfPage\":{\"@id\":\"https:\/\/adoa.es\/producto\/semilla-fito-jardin-enano\/#primaryimage\"},\"image\":{\"@id\":\"https:\/\/adoa.es\/producto\/semilla-fito-jardin-enano\/#primaryimage\"},\"thumbnailUrl\":\"https:\/\/adoa.es\/wp-content\/uploads\/2019\/10\/Cesp\u00e9d-florido-enano.jpg.png\",\"datePublished\":\"2019-10-09T08:55:00+00:00\",\"dateModified\":\"2022-02-10T16:04:02+00:00\",\"breadcrumb\":{\"@id\":\"https:\/\/adoa.es\/producto\/semilla-fito-jardin-enano\/#breadcrumb\"},\"inLanguage\":\"gl-ES\",\"potentialAction\":[{\"@type\":\"ReadAction\",\"target\":[\"https:\/\/adoa.es\/producto\/semilla-fito-jardin-enano\/\"]}]},{\"@type\":\"ImageObject\",\"inLanguage\":\"gl-ES\",\"@id\":\"https:\/\/adoa.es\/producto\/semilla-fito-jardin-enano\/#primaryimage\",\"url\":\"https:\/\/adoa.es\/wp-content\/uploads\/2019\/10\/Cesp\u00e9d-florido-enano.jpg.png\",\"contentUrl\":\"https:\/\/adoa.es\/wp-content\/uploads\/2019\/10\/Cesp\u00e9d-florido-enano.jpg.png\",\"width\":800,\"height\":800},{\"@type\":\"BreadcrumbList\",\"@id\":\"https:\/\/adoa.es\/producto\/semilla-fito-jardin-enano\/#breadcrumb\",\"itemListElement\":[{\"@type\":\"ListItem\",\"position\":1,\"name\":\"Portada\",\"item\":\"https:\/\/adoa.es\/gl\/\"},{\"@type\":\"ListItem\",\"position\":2,\"name\":\"Tienda\",\"item\":\"https:\/\/adoa.es\/tienda\/\"},{\"@type\":\"ListItem\",\"position\":3,\"name\":\"Semilla Fit\u00f3 Jard\u00edn enano.\"}]},{\"@type\":\"WebSite\",\"@id\":\"https:\/\/adoa.es\/gl\/#website\",\"url\":\"https:\/\/adoa.es\/gl\/\",\"name\":\"Adoa\",\"description\":\"Centros de Xardiner\u00eda\",\"potentialAction\":[{\"@type\":\"SearchAction\",\"target\":{\"@type\":\"EntryPoint\",\"urlTemplate\":\"https:\/\/adoa.es\/gl\/?s={search_term_string}\"},\"query-input\":{\"@type\":\"PropertyValueSpecification\",\"valueRequired\":true,\"valueName\":\"search_term_string\"}}],\"inLanguage\":\"gl-ES\"}]}<\/script>\n<!-- \/ Yoast SEO plugin. -->","yoast_head_json":{"title":"Semilla Fit\u00f3 Jard\u00edn enano. - Adoa","robots":{"index":"index","follow":"follow","max-snippet":"max-snippet:-1","max-image-preview":"max-image-preview:large","max-video-preview":"max-video-preview:-1"},"canonical":"https:\/\/adoa.es\/producto\/semilla-fito-jardin-enano\/","schema":{"@context":"https:\/\/schema.org","@graph":[{"@type":"WebPage","@id":"https:\/\/adoa.es\/producto\/semilla-fito-jardin-enano\/","url":"https:\/\/adoa.es\/producto\/semilla-fito-jardin-enano\/","name":"Semilla Fit\u00f3 Jard\u00edn enano. - Adoa","isPartOf":{"@id":"https:\/\/adoa.es\/gl\/#website"},"primaryImageOfPage":{"@id":"https:\/\/adoa.es\/producto\/semilla-fito-jardin-enano\/#primaryimage"},"image":{"@id":"https:\/\/adoa.es\/producto\/semilla-fito-jardin-enano\/#primaryimage"},"thumbnailUrl":"https:\/\/adoa.es\/wp-content\/uploads\/2019\/10\/Cesp\u00e9d-florido-enano.jpg.png","datePublished":"2019-10-09T08:55:00+00:00","dateModified":"2022-02-10T16:04:02+00:00","breadcrumb":{"@id":"https:\/\/adoa.es\/producto\/semilla-fito-jardin-enano\/#breadcrumb"},"inLanguage":"gl-ES","potentialAction":[{"@type":"ReadAction","target":["https:\/\/adoa.es\/producto\/semilla-fito-jardin-enano\/"]}]},{"@type":"ImageObject","inLanguage":"gl-ES","@id":"https:\/\/adoa.es\/producto\/semilla-fito-jardin-enano\/#primaryimage","url":"https:\/\/adoa.es\/wp-content\/uploads\/2019\/10\/Cesp\u00e9d-florido-enano.jpg.png","contentUrl":"https:\/\/adoa.es\/wp-content\/uploads\/2019\/10\/Cesp\u00e9d-florido-enano.jpg.png","width":800,"height":800},{"@type":"BreadcrumbList","@id":"https:\/\/adoa.es\/producto\/semilla-fito-jardin-enano\/#breadcrumb","itemListElement":[{"@type":"ListItem","position":1,"name":"Portada","item":"https:\/\/adoa.es\/gl\/"},{"@type":"ListItem","position":2,"name":"Tienda","item":"https:\/\/adoa.es\/tienda\/"},{"@type":"ListItem","position":3,"name":"Semilla Fit\u00f3 Jard\u00edn enano."}]},{"@type":"WebSite","@id":"https:\/\/adoa.es\/gl\/#website","url":"https:\/\/adoa.es\/gl\/","name":"Adoa","description":"Centros de Xardiner\u00eda","potentialAction":[{"@type":"SearchAction","target":{"@type":"EntryPoint","urlTemplate":"https:\/\/adoa.es\/gl\/?s={search_term_string}"},"query-input":{"@type":"PropertyValueSpecification","valueRequired":true,"valueName":"search_term_string"}}],"inLanguage":"gl-ES"}]}},"_links":{"self":[{"href":"https:\/\/adoa.es\/gl\/wp-json\/wp\/v2\/product\/2721","targetHints":{"allow":["GET"]}}],"collection":[{"href":"https:\/\/adoa.es\/gl\/wp-json\/wp\/v2\/product"}],"about":[{"href":"https:\/\/adoa.es\/gl\/wp-json\/wp\/v2\/types\/product"}],"wp:featuredmedia":[{"embeddable":true,"href":"https:\/\/adoa.es\/gl\/wp-json\/wp\/v2\/media\/2722"}],"wp:attachment":[{"href":"https:\/\/adoa.es\/gl\/wp-json\/wp\/v2\/media?parent=2721"}],"wp:term":[{"taxonomy":"product_brand","embeddable":true,"href":"https:\/\/adoa.es\/gl\/wp-json\/wp\/v2\/product_brand?post=2721"},{"taxonomy":"product_cat","embeddable":true,"href":"https:\/\/adoa.es\/gl\/wp-json\/wp\/v2\/product_cat?post=2721"},{"taxonomy":"product_tag","embeddable":true,"href":"https:\/\/adoa.es\/gl\/wp-json\/wp\/v2\/product_tag?post=2721"}],"curies":[{"name":"wp","href":"https:\/\/api.w.org\/{rel}","templated":true}]}}