{"id":2462,"date":"2018-07-16T17:23:45","date_gmt":"2018-07-16T15:23:45","guid":{"rendered":"https:\/\/adoa.es\/?post_type=product&#038;p=2462"},"modified":"2022-09-06T13:01:09","modified_gmt":"2022-09-06T11:01:09","slug":"semilla-de-cesped-resistente-fito","status":"publish","type":"product","link":"https:\/\/adoa.es\/gl\/producto\/semilla-de-cesped-resistente-fito\/","title":{"rendered":"Semilla de C\u00e9sped resistente Fit\u00f3"},"content":{"rendered":"<p>C\u00e9sped Resistente Fit\u00f3, es una formulaci\u00f3n rustica pensada para zonas de sol y tolerando bien sombra, con unas necesidades hidricas bajas.Su germinaci\u00f3n oscila en torno en 3 semanas.<\/p>\n<p>Composici\u00f3n: 35% Festuca Arundinacea Terrano<\/p>\n<p>30% Festuca Arundinacea Merida<\/p>\n<p>30% Festuca Arundinacea Fesnova<\/p>\n<p>05% Poa Pratensis Prafin<\/p>\n<p>&nbsp;<\/p>\n","protected":false},"excerpt":{"rendered":"<p>C\u00e9sped Resistente Fit\u00f3, es una formulaci\u00f3n rustica pensada para zonas de sol y tolerando bien sombra, con unas necesidades hidricas bajas.Su germinaci\u00f3n oscila en torno en 3 semanas. Composici\u00f3n: 35% Festuca Arundinacea Terrano 30% Festuca Arundinacea Merida 30% Festuca Arundinacea Fesnova 05% Poa Pratensis Prafin &nbsp;<\/p>\n","protected":false},"featured_media":2465,"template":"","meta":[],"product_brand":[],"product_cat":[166],"product_tag":[],"class_list":{"0":"post-2462","1":"product","2":"type-product","3":"status-publish","4":"has-post-thumbnail","6":"product_cat-semillas","8":"first","9":"instock","10":"taxable","11":"shipping-taxable","12":"purchasable","13":"product-type-variable"},"yoast_head":"<!-- This site is optimized with the Yoast SEO plugin v25.8 - https:\/\/yoast.com\/wordpress\/plugins\/seo\/ -->\n<title>Semilla de C\u00e9sped resistente Fit\u00f3 - Adoa<\/title>\n<meta name=\"robots\" content=\"index, follow, max-snippet:-1, max-image-preview:large, max-video-preview:-1\" \/>\n<link rel=\"canonical\" href=\"https:\/\/adoa.es\/producto\/semilla-de-cesped-resistente-fito\/\" \/>\n<meta name=\"twitter:label1\" content=\"Tempo de lectura\" \/>\n\t<meta name=\"twitter:data1\" content=\"1 minuto\" \/>\n<script type=\"application\/ld+json\" class=\"yoast-schema-graph\">{\"@context\":\"https:\/\/schema.org\",\"@graph\":[{\"@type\":\"WebPage\",\"@id\":\"https:\/\/adoa.es\/producto\/semilla-de-cesped-resistente-fito\/\",\"url\":\"https:\/\/adoa.es\/producto\/semilla-de-cesped-resistente-fito\/\",\"name\":\"Semilla de C\u00e9sped resistente Fit\u00f3 - Adoa\",\"isPartOf\":{\"@id\":\"https:\/\/adoa.es\/gl\/#website\"},\"primaryImageOfPage\":{\"@id\":\"https:\/\/adoa.es\/producto\/semilla-de-cesped-resistente-fito\/#primaryimage\"},\"image\":{\"@id\":\"https:\/\/adoa.es\/producto\/semilla-de-cesped-resistente-fito\/#primaryimage\"},\"thumbnailUrl\":\"https:\/\/adoa.es\/wp-content\/uploads\/2018\/07\/cesped-resistente.jpg\",\"datePublished\":\"2018-07-16T15:23:45+00:00\",\"dateModified\":\"2022-09-06T11:01:09+00:00\",\"breadcrumb\":{\"@id\":\"https:\/\/adoa.es\/producto\/semilla-de-cesped-resistente-fito\/#breadcrumb\"},\"inLanguage\":\"gl-ES\",\"potentialAction\":[{\"@type\":\"ReadAction\",\"target\":[\"https:\/\/adoa.es\/producto\/semilla-de-cesped-resistente-fito\/\"]}]},{\"@type\":\"ImageObject\",\"inLanguage\":\"gl-ES\",\"@id\":\"https:\/\/adoa.es\/producto\/semilla-de-cesped-resistente-fito\/#primaryimage\",\"url\":\"https:\/\/adoa.es\/wp-content\/uploads\/2018\/07\/cesped-resistente.jpg\",\"contentUrl\":\"https:\/\/adoa.es\/wp-content\/uploads\/2018\/07\/cesped-resistente.jpg\",\"width\":800,\"height\":800},{\"@type\":\"BreadcrumbList\",\"@id\":\"https:\/\/adoa.es\/producto\/semilla-de-cesped-resistente-fito\/#breadcrumb\",\"itemListElement\":[{\"@type\":\"ListItem\",\"position\":1,\"name\":\"Portada\",\"item\":\"https:\/\/adoa.es\/gl\/\"},{\"@type\":\"ListItem\",\"position\":2,\"name\":\"Tienda\",\"item\":\"https:\/\/adoa.es\/tienda\/\"},{\"@type\":\"ListItem\",\"position\":3,\"name\":\"Semilla de C\u00e9sped resistente Fit\u00f3\"}]},{\"@type\":\"WebSite\",\"@id\":\"https:\/\/adoa.es\/gl\/#website\",\"url\":\"https:\/\/adoa.es\/gl\/\",\"name\":\"Adoa\",\"description\":\"Centros de Xardiner\u00eda\",\"potentialAction\":[{\"@type\":\"SearchAction\",\"target\":{\"@type\":\"EntryPoint\",\"urlTemplate\":\"https:\/\/adoa.es\/gl\/?s={search_term_string}\"},\"query-input\":{\"@type\":\"PropertyValueSpecification\",\"valueRequired\":true,\"valueName\":\"search_term_string\"}}],\"inLanguage\":\"gl-ES\"}]}<\/script>\n<!-- \/ Yoast SEO plugin. -->","yoast_head_json":{"title":"Semilla de C\u00e9sped resistente Fit\u00f3 - Adoa","robots":{"index":"index","follow":"follow","max-snippet":"max-snippet:-1","max-image-preview":"max-image-preview:large","max-video-preview":"max-video-preview:-1"},"canonical":"https:\/\/adoa.es\/producto\/semilla-de-cesped-resistente-fito\/","twitter_misc":{"Tempo de lectura":"1 minuto"},"schema":{"@context":"https:\/\/schema.org","@graph":[{"@type":"WebPage","@id":"https:\/\/adoa.es\/producto\/semilla-de-cesped-resistente-fito\/","url":"https:\/\/adoa.es\/producto\/semilla-de-cesped-resistente-fito\/","name":"Semilla de C\u00e9sped resistente Fit\u00f3 - Adoa","isPartOf":{"@id":"https:\/\/adoa.es\/gl\/#website"},"primaryImageOfPage":{"@id":"https:\/\/adoa.es\/producto\/semilla-de-cesped-resistente-fito\/#primaryimage"},"image":{"@id":"https:\/\/adoa.es\/producto\/semilla-de-cesped-resistente-fito\/#primaryimage"},"thumbnailUrl":"https:\/\/adoa.es\/wp-content\/uploads\/2018\/07\/cesped-resistente.jpg","datePublished":"2018-07-16T15:23:45+00:00","dateModified":"2022-09-06T11:01:09+00:00","breadcrumb":{"@id":"https:\/\/adoa.es\/producto\/semilla-de-cesped-resistente-fito\/#breadcrumb"},"inLanguage":"gl-ES","potentialAction":[{"@type":"ReadAction","target":["https:\/\/adoa.es\/producto\/semilla-de-cesped-resistente-fito\/"]}]},{"@type":"ImageObject","inLanguage":"gl-ES","@id":"https:\/\/adoa.es\/producto\/semilla-de-cesped-resistente-fito\/#primaryimage","url":"https:\/\/adoa.es\/wp-content\/uploads\/2018\/07\/cesped-resistente.jpg","contentUrl":"https:\/\/adoa.es\/wp-content\/uploads\/2018\/07\/cesped-resistente.jpg","width":800,"height":800},{"@type":"BreadcrumbList","@id":"https:\/\/adoa.es\/producto\/semilla-de-cesped-resistente-fito\/#breadcrumb","itemListElement":[{"@type":"ListItem","position":1,"name":"Portada","item":"https:\/\/adoa.es\/gl\/"},{"@type":"ListItem","position":2,"name":"Tienda","item":"https:\/\/adoa.es\/tienda\/"},{"@type":"ListItem","position":3,"name":"Semilla de C\u00e9sped resistente Fit\u00f3"}]},{"@type":"WebSite","@id":"https:\/\/adoa.es\/gl\/#website","url":"https:\/\/adoa.es\/gl\/","name":"Adoa","description":"Centros de Xardiner\u00eda","potentialAction":[{"@type":"SearchAction","target":{"@type":"EntryPoint","urlTemplate":"https:\/\/adoa.es\/gl\/?s={search_term_string}"},"query-input":{"@type":"PropertyValueSpecification","valueRequired":true,"valueName":"search_term_string"}}],"inLanguage":"gl-ES"}]}},"_links":{"self":[{"href":"https:\/\/adoa.es\/gl\/wp-json\/wp\/v2\/product\/2462","targetHints":{"allow":["GET"]}}],"collection":[{"href":"https:\/\/adoa.es\/gl\/wp-json\/wp\/v2\/product"}],"about":[{"href":"https:\/\/adoa.es\/gl\/wp-json\/wp\/v2\/types\/product"}],"wp:featuredmedia":[{"embeddable":true,"href":"https:\/\/adoa.es\/gl\/wp-json\/wp\/v2\/media\/2465"}],"wp:attachment":[{"href":"https:\/\/adoa.es\/gl\/wp-json\/wp\/v2\/media?parent=2462"}],"wp:term":[{"taxonomy":"product_brand","embeddable":true,"href":"https:\/\/adoa.es\/gl\/wp-json\/wp\/v2\/product_brand?post=2462"},{"taxonomy":"product_cat","embeddable":true,"href":"https:\/\/adoa.es\/gl\/wp-json\/wp\/v2\/product_cat?post=2462"},{"taxonomy":"product_tag","embeddable":true,"href":"https:\/\/adoa.es\/gl\/wp-json\/wp\/v2\/product_tag?post=2462"}],"curies":[{"name":"wp","href":"https:\/\/api.w.org\/{rel}","templated":true}]}}