{"id":2420,"date":"2018-05-24T13:56:50","date_gmt":"2018-05-24T11:56:50","guid":{"rendered":"https:\/\/adoa.es\/?post_type=product&#038;p=2420"},"modified":"2022-02-12T16:18:56","modified_gmt":"2022-02-12T15:18:56","slug":"torno-para-bonsai","status":"publish","type":"product","link":"https:\/\/adoa.es\/gl\/producto\/torno-para-bonsai\/","title":{"rendered":"Torno para bonsai"},"content":{"rendered":"<p>Torno ideal para dar forma a tu bons\u00e1i, pr\u00e1cticamente indispensable para realizar cualquier trabajo de poda a nuestro bons\u00e1i.<\/p>\n<p>Disponible en dos tama\u00f1os : 25 cm y 30 cm<\/p>\n","protected":false},"excerpt":{"rendered":"<p>Torno ideal para dar forma a tu bons\u00e1i, pr\u00e1cticamente indispensable para realizar cualquier trabajo de poda a nuestro bons\u00e1i. Disponible en dos tama\u00f1os : 25 cm y 30 cm<\/p>\n","protected":false},"featured_media":2425,"template":"","meta":[],"product_brand":[],"product_cat":[93],"product_tag":[],"class_list":{"0":"post-2420","1":"product","2":"type-product","3":"status-publish","4":"has-post-thumbnail","6":"product_cat-bonsai","8":"first","9":"instock","10":"taxable","11":"shipping-taxable","12":"purchasable","13":"product-type-variable"},"yoast_head":"<!-- This site is optimized with the Yoast SEO plugin v25.8 - https:\/\/yoast.com\/wordpress\/plugins\/seo\/ -->\n<title>Torno para bonsai - Adoa<\/title>\n<meta name=\"robots\" content=\"index, follow, max-snippet:-1, max-image-preview:large, max-video-preview:-1\" \/>\n<link rel=\"canonical\" href=\"https:\/\/adoa.es\/gl\/producto\/torno-para-bonsai\/\" \/>\n<script type=\"application\/ld+json\" class=\"yoast-schema-graph\">{\"@context\":\"https:\/\/schema.org\",\"@graph\":[{\"@type\":\"WebPage\",\"@id\":\"https:\/\/adoa.es\/gl\/producto\/torno-para-bonsai\/\",\"url\":\"https:\/\/adoa.es\/gl\/producto\/torno-para-bonsai\/\",\"name\":\"Torno para bonsai - Adoa\",\"isPartOf\":{\"@id\":\"https:\/\/adoa.es\/gl\/#website\"},\"primaryImageOfPage\":{\"@id\":\"https:\/\/adoa.es\/gl\/producto\/torno-para-bonsai\/#primaryimage\"},\"image\":{\"@id\":\"https:\/\/adoa.es\/gl\/producto\/torno-para-bonsai\/#primaryimage\"},\"thumbnailUrl\":\"https:\/\/adoa.es\/wp-content\/uploads\/2018\/05\/torno.jpg\",\"datePublished\":\"2018-05-24T11:56:50+00:00\",\"dateModified\":\"2022-02-12T15:18:56+00:00\",\"breadcrumb\":{\"@id\":\"https:\/\/adoa.es\/gl\/producto\/torno-para-bonsai\/#breadcrumb\"},\"inLanguage\":\"gl-ES\",\"potentialAction\":[{\"@type\":\"ReadAction\",\"target\":[\"https:\/\/adoa.es\/gl\/producto\/torno-para-bonsai\/\"]}]},{\"@type\":\"ImageObject\",\"inLanguage\":\"gl-ES\",\"@id\":\"https:\/\/adoa.es\/gl\/producto\/torno-para-bonsai\/#primaryimage\",\"url\":\"https:\/\/adoa.es\/wp-content\/uploads\/2018\/05\/torno.jpg\",\"contentUrl\":\"https:\/\/adoa.es\/wp-content\/uploads\/2018\/05\/torno.jpg\",\"width\":800,\"height\":800},{\"@type\":\"BreadcrumbList\",\"@id\":\"https:\/\/adoa.es\/gl\/producto\/torno-para-bonsai\/#breadcrumb\",\"itemListElement\":[{\"@type\":\"ListItem\",\"position\":1,\"name\":\"Portada\",\"item\":\"https:\/\/adoa.es\/gl\/\"},{\"@type\":\"ListItem\",\"position\":2,\"name\":\"Tienda\",\"item\":\"https:\/\/adoa.es\/tienda\/\"},{\"@type\":\"ListItem\",\"position\":3,\"name\":\"Torno para bonsai\"}]},{\"@type\":\"WebSite\",\"@id\":\"https:\/\/adoa.es\/gl\/#website\",\"url\":\"https:\/\/adoa.es\/gl\/\",\"name\":\"Adoa\",\"description\":\"Centros de Xardiner\u00eda\",\"potentialAction\":[{\"@type\":\"SearchAction\",\"target\":{\"@type\":\"EntryPoint\",\"urlTemplate\":\"https:\/\/adoa.es\/gl\/?s={search_term_string}\"},\"query-input\":{\"@type\":\"PropertyValueSpecification\",\"valueRequired\":true,\"valueName\":\"search_term_string\"}}],\"inLanguage\":\"gl-ES\"}]}<\/script>\n<!-- \/ Yoast SEO plugin. -->","yoast_head_json":{"title":"Torno para bonsai - Adoa","robots":{"index":"index","follow":"follow","max-snippet":"max-snippet:-1","max-image-preview":"max-image-preview:large","max-video-preview":"max-video-preview:-1"},"canonical":"https:\/\/adoa.es\/gl\/producto\/torno-para-bonsai\/","schema":{"@context":"https:\/\/schema.org","@graph":[{"@type":"WebPage","@id":"https:\/\/adoa.es\/gl\/producto\/torno-para-bonsai\/","url":"https:\/\/adoa.es\/gl\/producto\/torno-para-bonsai\/","name":"Torno para bonsai - Adoa","isPartOf":{"@id":"https:\/\/adoa.es\/gl\/#website"},"primaryImageOfPage":{"@id":"https:\/\/adoa.es\/gl\/producto\/torno-para-bonsai\/#primaryimage"},"image":{"@id":"https:\/\/adoa.es\/gl\/producto\/torno-para-bonsai\/#primaryimage"},"thumbnailUrl":"https:\/\/adoa.es\/wp-content\/uploads\/2018\/05\/torno.jpg","datePublished":"2018-05-24T11:56:50+00:00","dateModified":"2022-02-12T15:18:56+00:00","breadcrumb":{"@id":"https:\/\/adoa.es\/gl\/producto\/torno-para-bonsai\/#breadcrumb"},"inLanguage":"gl-ES","potentialAction":[{"@type":"ReadAction","target":["https:\/\/adoa.es\/gl\/producto\/torno-para-bonsai\/"]}]},{"@type":"ImageObject","inLanguage":"gl-ES","@id":"https:\/\/adoa.es\/gl\/producto\/torno-para-bonsai\/#primaryimage","url":"https:\/\/adoa.es\/wp-content\/uploads\/2018\/05\/torno.jpg","contentUrl":"https:\/\/adoa.es\/wp-content\/uploads\/2018\/05\/torno.jpg","width":800,"height":800},{"@type":"BreadcrumbList","@id":"https:\/\/adoa.es\/gl\/producto\/torno-para-bonsai\/#breadcrumb","itemListElement":[{"@type":"ListItem","position":1,"name":"Portada","item":"https:\/\/adoa.es\/gl\/"},{"@type":"ListItem","position":2,"name":"Tienda","item":"https:\/\/adoa.es\/tienda\/"},{"@type":"ListItem","position":3,"name":"Torno para bonsai"}]},{"@type":"WebSite","@id":"https:\/\/adoa.es\/gl\/#website","url":"https:\/\/adoa.es\/gl\/","name":"Adoa","description":"Centros de Xardiner\u00eda","potentialAction":[{"@type":"SearchAction","target":{"@type":"EntryPoint","urlTemplate":"https:\/\/adoa.es\/gl\/?s={search_term_string}"},"query-input":{"@type":"PropertyValueSpecification","valueRequired":true,"valueName":"search_term_string"}}],"inLanguage":"gl-ES"}]}},"_links":{"self":[{"href":"https:\/\/adoa.es\/gl\/wp-json\/wp\/v2\/product\/2420","targetHints":{"allow":["GET"]}}],"collection":[{"href":"https:\/\/adoa.es\/gl\/wp-json\/wp\/v2\/product"}],"about":[{"href":"https:\/\/adoa.es\/gl\/wp-json\/wp\/v2\/types\/product"}],"wp:featuredmedia":[{"embeddable":true,"href":"https:\/\/adoa.es\/gl\/wp-json\/wp\/v2\/media\/2425"}],"wp:attachment":[{"href":"https:\/\/adoa.es\/gl\/wp-json\/wp\/v2\/media?parent=2420"}],"wp:term":[{"taxonomy":"product_brand","embeddable":true,"href":"https:\/\/adoa.es\/gl\/wp-json\/wp\/v2\/product_brand?post=2420"},{"taxonomy":"product_cat","embeddable":true,"href":"https:\/\/adoa.es\/gl\/wp-json\/wp\/v2\/product_cat?post=2420"},{"taxonomy":"product_tag","embeddable":true,"href":"https:\/\/adoa.es\/gl\/wp-json\/wp\/v2\/product_tag?post=2420"}],"curies":[{"name":"wp","href":"https:\/\/api.w.org\/{rel}","templated":true}]}}