{"id":2417,"date":"2018-05-10T19:53:54","date_gmt":"2018-05-10T17:53:54","guid":{"rendered":"https:\/\/adoa.es\/?post_type=product&#038;p=2417"},"modified":"2022-02-12T16:20:23","modified_gmt":"2022-02-12T15:20:23","slug":"sustrato-kiryzuna-para-bonsai","status":"publish","type":"product","link":"https:\/\/adoa.es\/gl\/producto\/sustrato-kiryzuna-para-bonsai\/","title":{"rendered":"Kiryuzuna"},"content":{"rendered":"<p>Kiryuzuna es un sustrato de origen volc\u00e1nico muy utilizado en bons\u00e1is debido a su gran capacidad de drenaje y aireaci\u00f3n, su dureza es mas elevada que la akadama,\u00a0 su pH\u00a0 oscila entre 6,5 y 6,8. Ideal para utilizar en con\u00edferas gracias a su gran aporte de hierro, tambi\u00e9n se suele utilizar mezclada con akadama para favorecer una mejor absorci\u00f3n de nutrientes.<\/p>\n<p>&nbsp;<\/p>\n","protected":false},"excerpt":{"rendered":"<p>Kiryuzuna es un sustrato de origen volc\u00e1nico muy utilizado en bons\u00e1is debido a su gran capacidad de drenaje y aireaci\u00f3n<\/p>\n","protected":false},"featured_media":2976,"template":"","meta":[],"product_brand":[],"product_cat":[93],"product_tag":[],"class_list":{"0":"post-2417","1":"product","2":"type-product","3":"status-publish","4":"has-post-thumbnail","6":"product_cat-bonsai","8":"first","9":"instock","10":"taxable","11":"shipping-taxable","12":"purchasable","13":"product-type-variable"},"yoast_head":"<!-- This site is optimized with the Yoast SEO plugin v25.8 - https:\/\/yoast.com\/wordpress\/plugins\/seo\/ -->\n<title>Kiryuzuna - Adoa<\/title>\n<meta name=\"description\" content=\"Sustrato Kiryuzuna\" \/>\n<meta name=\"robots\" content=\"index, follow, max-snippet:-1, max-image-preview:large, max-video-preview:-1\" \/>\n<link rel=\"canonical\" href=\"https:\/\/adoa.es\/gl\/producto\/sustrato-kiryzuna-para-bonsai\/\" \/>\n<script type=\"application\/ld+json\" class=\"yoast-schema-graph\">{\"@context\":\"https:\/\/schema.org\",\"@graph\":[{\"@type\":\"WebPage\",\"@id\":\"https:\/\/adoa.es\/gl\/producto\/sustrato-kiryzuna-para-bonsai\/\",\"url\":\"https:\/\/adoa.es\/gl\/producto\/sustrato-kiryzuna-para-bonsai\/\",\"name\":\"Kiryuzuna - Adoa\",\"isPartOf\":{\"@id\":\"https:\/\/adoa.es\/gl\/#website\"},\"primaryImageOfPage\":{\"@id\":\"https:\/\/adoa.es\/gl\/producto\/sustrato-kiryzuna-para-bonsai\/#primaryimage\"},\"image\":{\"@id\":\"https:\/\/adoa.es\/gl\/producto\/sustrato-kiryzuna-para-bonsai\/#primaryimage\"},\"thumbnailUrl\":\"https:\/\/adoa.es\/wp-content\/uploads\/2018\/05\/kiryuzuna-bonsai.jpg\",\"datePublished\":\"2018-05-10T17:53:54+00:00\",\"dateModified\":\"2022-02-12T15:20:23+00:00\",\"description\":\"Sustrato Kiryuzuna\",\"breadcrumb\":{\"@id\":\"https:\/\/adoa.es\/gl\/producto\/sustrato-kiryzuna-para-bonsai\/#breadcrumb\"},\"inLanguage\":\"gl-ES\",\"potentialAction\":[{\"@type\":\"ReadAction\",\"target\":[\"https:\/\/adoa.es\/gl\/producto\/sustrato-kiryzuna-para-bonsai\/\"]}]},{\"@type\":\"ImageObject\",\"inLanguage\":\"gl-ES\",\"@id\":\"https:\/\/adoa.es\/gl\/producto\/sustrato-kiryzuna-para-bonsai\/#primaryimage\",\"url\":\"https:\/\/adoa.es\/wp-content\/uploads\/2018\/05\/kiryuzuna-bonsai.jpg\",\"contentUrl\":\"https:\/\/adoa.es\/wp-content\/uploads\/2018\/05\/kiryuzuna-bonsai.jpg\",\"width\":800,\"height\":800},{\"@type\":\"BreadcrumbList\",\"@id\":\"https:\/\/adoa.es\/gl\/producto\/sustrato-kiryzuna-para-bonsai\/#breadcrumb\",\"itemListElement\":[{\"@type\":\"ListItem\",\"position\":1,\"name\":\"Portada\",\"item\":\"https:\/\/adoa.es\/gl\/\"},{\"@type\":\"ListItem\",\"position\":2,\"name\":\"Tienda\",\"item\":\"https:\/\/adoa.es\/tienda\/\"},{\"@type\":\"ListItem\",\"position\":3,\"name\":\"Kiryuzuna\"}]},{\"@type\":\"WebSite\",\"@id\":\"https:\/\/adoa.es\/gl\/#website\",\"url\":\"https:\/\/adoa.es\/gl\/\",\"name\":\"Adoa\",\"description\":\"Centros de Xardiner\u00eda\",\"potentialAction\":[{\"@type\":\"SearchAction\",\"target\":{\"@type\":\"EntryPoint\",\"urlTemplate\":\"https:\/\/adoa.es\/gl\/?s={search_term_string}\"},\"query-input\":{\"@type\":\"PropertyValueSpecification\",\"valueRequired\":true,\"valueName\":\"search_term_string\"}}],\"inLanguage\":\"gl-ES\"}]}<\/script>\n<!-- \/ Yoast SEO plugin. -->","yoast_head_json":{"title":"Kiryuzuna - Adoa","description":"Sustrato Kiryuzuna","robots":{"index":"index","follow":"follow","max-snippet":"max-snippet:-1","max-image-preview":"max-image-preview:large","max-video-preview":"max-video-preview:-1"},"canonical":"https:\/\/adoa.es\/gl\/producto\/sustrato-kiryzuna-para-bonsai\/","schema":{"@context":"https:\/\/schema.org","@graph":[{"@type":"WebPage","@id":"https:\/\/adoa.es\/gl\/producto\/sustrato-kiryzuna-para-bonsai\/","url":"https:\/\/adoa.es\/gl\/producto\/sustrato-kiryzuna-para-bonsai\/","name":"Kiryuzuna - Adoa","isPartOf":{"@id":"https:\/\/adoa.es\/gl\/#website"},"primaryImageOfPage":{"@id":"https:\/\/adoa.es\/gl\/producto\/sustrato-kiryzuna-para-bonsai\/#primaryimage"},"image":{"@id":"https:\/\/adoa.es\/gl\/producto\/sustrato-kiryzuna-para-bonsai\/#primaryimage"},"thumbnailUrl":"https:\/\/adoa.es\/wp-content\/uploads\/2018\/05\/kiryuzuna-bonsai.jpg","datePublished":"2018-05-10T17:53:54+00:00","dateModified":"2022-02-12T15:20:23+00:00","description":"Sustrato Kiryuzuna","breadcrumb":{"@id":"https:\/\/adoa.es\/gl\/producto\/sustrato-kiryzuna-para-bonsai\/#breadcrumb"},"inLanguage":"gl-ES","potentialAction":[{"@type":"ReadAction","target":["https:\/\/adoa.es\/gl\/producto\/sustrato-kiryzuna-para-bonsai\/"]}]},{"@type":"ImageObject","inLanguage":"gl-ES","@id":"https:\/\/adoa.es\/gl\/producto\/sustrato-kiryzuna-para-bonsai\/#primaryimage","url":"https:\/\/adoa.es\/wp-content\/uploads\/2018\/05\/kiryuzuna-bonsai.jpg","contentUrl":"https:\/\/adoa.es\/wp-content\/uploads\/2018\/05\/kiryuzuna-bonsai.jpg","width":800,"height":800},{"@type":"BreadcrumbList","@id":"https:\/\/adoa.es\/gl\/producto\/sustrato-kiryzuna-para-bonsai\/#breadcrumb","itemListElement":[{"@type":"ListItem","position":1,"name":"Portada","item":"https:\/\/adoa.es\/gl\/"},{"@type":"ListItem","position":2,"name":"Tienda","item":"https:\/\/adoa.es\/tienda\/"},{"@type":"ListItem","position":3,"name":"Kiryuzuna"}]},{"@type":"WebSite","@id":"https:\/\/adoa.es\/gl\/#website","url":"https:\/\/adoa.es\/gl\/","name":"Adoa","description":"Centros de Xardiner\u00eda","potentialAction":[{"@type":"SearchAction","target":{"@type":"EntryPoint","urlTemplate":"https:\/\/adoa.es\/gl\/?s={search_term_string}"},"query-input":{"@type":"PropertyValueSpecification","valueRequired":true,"valueName":"search_term_string"}}],"inLanguage":"gl-ES"}]}},"_links":{"self":[{"href":"https:\/\/adoa.es\/gl\/wp-json\/wp\/v2\/product\/2417","targetHints":{"allow":["GET"]}}],"collection":[{"href":"https:\/\/adoa.es\/gl\/wp-json\/wp\/v2\/product"}],"about":[{"href":"https:\/\/adoa.es\/gl\/wp-json\/wp\/v2\/types\/product"}],"wp:featuredmedia":[{"embeddable":true,"href":"https:\/\/adoa.es\/gl\/wp-json\/wp\/v2\/media\/2976"}],"wp:attachment":[{"href":"https:\/\/adoa.es\/gl\/wp-json\/wp\/v2\/media?parent=2417"}],"wp:term":[{"taxonomy":"product_brand","embeddable":true,"href":"https:\/\/adoa.es\/gl\/wp-json\/wp\/v2\/product_brand?post=2417"},{"taxonomy":"product_cat","embeddable":true,"href":"https:\/\/adoa.es\/gl\/wp-json\/wp\/v2\/product_cat?post=2417"},{"taxonomy":"product_tag","embeddable":true,"href":"https:\/\/adoa.es\/gl\/wp-json\/wp\/v2\/product_tag?post=2417"}],"curies":[{"name":"wp","href":"https:\/\/api.w.org\/{rel}","templated":true}]}}