{"id":2408,"date":"2018-05-08T16:47:33","date_gmt":"2018-05-08T14:47:33","guid":{"rendered":"https:\/\/adoa.es\/?post_type=product&#038;p=2408"},"modified":"2022-02-10T17:56:28","modified_gmt":"2022-02-10T16:56:28","slug":"escarificador-outils-wolf-10-puas","status":"publish","type":"product","link":"https:\/\/adoa.es\/gl\/producto\/escarificador-outils-wolf-10-puas\/","title":{"rendered":"Escarificador Outils Wolf 10 p\u00faas"},"content":{"rendered":"<p>Escarificador manual Outils Wolf de 10 p\u00faas ideal para peque\u00f1as zonas del jard\u00edn, compatible con mangos multi-Star. Este tipo de escarificador nos ayudara a rejuvenecer y airear nuestro c\u00e9sped.<\/p>\n","protected":false},"excerpt":{"rendered":"<p>Escarificador\u00a0 10 p\u00faas Otils Wolf<\/p>\n","protected":false},"featured_media":2409,"template":"","meta":[],"product_brand":[],"product_cat":[47],"product_tag":[],"class_list":{"0":"post-2408","1":"product","2":"type-product","3":"status-publish","4":"has-post-thumbnail","6":"product_cat-herramientas","8":"first","9":"instock","10":"taxable","11":"shipping-taxable","12":"purchasable","13":"product-type-simple"},"yoast_head":"<!-- This site is optimized with the Yoast SEO plugin v25.8 - https:\/\/yoast.com\/wordpress\/plugins\/seo\/ -->\n<title>Escarificador Outils Wolf 10 p\u00faas - Adoa<\/title>\n<meta name=\"robots\" content=\"index, follow, max-snippet:-1, max-image-preview:large, max-video-preview:-1\" \/>\n<link rel=\"canonical\" href=\"https:\/\/adoa.es\/producto\/escarificador-outils-wolf-10-puas\/\" \/>\n<script type=\"application\/ld+json\" class=\"yoast-schema-graph\">{\"@context\":\"https:\/\/schema.org\",\"@graph\":[{\"@type\":\"WebPage\",\"@id\":\"https:\/\/adoa.es\/producto\/escarificador-outils-wolf-10-puas\/\",\"url\":\"https:\/\/adoa.es\/producto\/escarificador-outils-wolf-10-puas\/\",\"name\":\"Escarificador Outils Wolf 10 p\u00faas - Adoa\",\"isPartOf\":{\"@id\":\"https:\/\/adoa.es\/gl\/#website\"},\"primaryImageOfPage\":{\"@id\":\"https:\/\/adoa.es\/producto\/escarificador-outils-wolf-10-puas\/#primaryimage\"},\"image\":{\"@id\":\"https:\/\/adoa.es\/producto\/escarificador-outils-wolf-10-puas\/#primaryimage\"},\"thumbnailUrl\":\"https:\/\/adoa.es\/wp-content\/uploads\/2018\/05\/Escarificador10p\u00faas.jpg\",\"datePublished\":\"2018-05-08T14:47:33+00:00\",\"dateModified\":\"2022-02-10T16:56:28+00:00\",\"breadcrumb\":{\"@id\":\"https:\/\/adoa.es\/producto\/escarificador-outils-wolf-10-puas\/#breadcrumb\"},\"inLanguage\":\"gl-ES\",\"potentialAction\":[{\"@type\":\"ReadAction\",\"target\":[\"https:\/\/adoa.es\/producto\/escarificador-outils-wolf-10-puas\/\"]}]},{\"@type\":\"ImageObject\",\"inLanguage\":\"gl-ES\",\"@id\":\"https:\/\/adoa.es\/producto\/escarificador-outils-wolf-10-puas\/#primaryimage\",\"url\":\"https:\/\/adoa.es\/wp-content\/uploads\/2018\/05\/Escarificador10p\u00faas.jpg\",\"contentUrl\":\"https:\/\/adoa.es\/wp-content\/uploads\/2018\/05\/Escarificador10p\u00faas.jpg\",\"width\":800,\"height\":800},{\"@type\":\"BreadcrumbList\",\"@id\":\"https:\/\/adoa.es\/producto\/escarificador-outils-wolf-10-puas\/#breadcrumb\",\"itemListElement\":[{\"@type\":\"ListItem\",\"position\":1,\"name\":\"Portada\",\"item\":\"https:\/\/adoa.es\/gl\/\"},{\"@type\":\"ListItem\",\"position\":2,\"name\":\"Tienda\",\"item\":\"https:\/\/adoa.es\/tienda\/\"},{\"@type\":\"ListItem\",\"position\":3,\"name\":\"Escarificador Outils Wolf 10 p\u00faas\"}]},{\"@type\":\"WebSite\",\"@id\":\"https:\/\/adoa.es\/gl\/#website\",\"url\":\"https:\/\/adoa.es\/gl\/\",\"name\":\"Adoa\",\"description\":\"Centros de Xardiner\u00eda\",\"potentialAction\":[{\"@type\":\"SearchAction\",\"target\":{\"@type\":\"EntryPoint\",\"urlTemplate\":\"https:\/\/adoa.es\/gl\/?s={search_term_string}\"},\"query-input\":{\"@type\":\"PropertyValueSpecification\",\"valueRequired\":true,\"valueName\":\"search_term_string\"}}],\"inLanguage\":\"gl-ES\"}]}<\/script>\n<!-- \/ Yoast SEO plugin. -->","yoast_head_json":{"title":"Escarificador Outils Wolf 10 p\u00faas - Adoa","robots":{"index":"index","follow":"follow","max-snippet":"max-snippet:-1","max-image-preview":"max-image-preview:large","max-video-preview":"max-video-preview:-1"},"canonical":"https:\/\/adoa.es\/producto\/escarificador-outils-wolf-10-puas\/","schema":{"@context":"https:\/\/schema.org","@graph":[{"@type":"WebPage","@id":"https:\/\/adoa.es\/producto\/escarificador-outils-wolf-10-puas\/","url":"https:\/\/adoa.es\/producto\/escarificador-outils-wolf-10-puas\/","name":"Escarificador Outils Wolf 10 p\u00faas - Adoa","isPartOf":{"@id":"https:\/\/adoa.es\/gl\/#website"},"primaryImageOfPage":{"@id":"https:\/\/adoa.es\/producto\/escarificador-outils-wolf-10-puas\/#primaryimage"},"image":{"@id":"https:\/\/adoa.es\/producto\/escarificador-outils-wolf-10-puas\/#primaryimage"},"thumbnailUrl":"https:\/\/adoa.es\/wp-content\/uploads\/2018\/05\/Escarificador10p\u00faas.jpg","datePublished":"2018-05-08T14:47:33+00:00","dateModified":"2022-02-10T16:56:28+00:00","breadcrumb":{"@id":"https:\/\/adoa.es\/producto\/escarificador-outils-wolf-10-puas\/#breadcrumb"},"inLanguage":"gl-ES","potentialAction":[{"@type":"ReadAction","target":["https:\/\/adoa.es\/producto\/escarificador-outils-wolf-10-puas\/"]}]},{"@type":"ImageObject","inLanguage":"gl-ES","@id":"https:\/\/adoa.es\/producto\/escarificador-outils-wolf-10-puas\/#primaryimage","url":"https:\/\/adoa.es\/wp-content\/uploads\/2018\/05\/Escarificador10p\u00faas.jpg","contentUrl":"https:\/\/adoa.es\/wp-content\/uploads\/2018\/05\/Escarificador10p\u00faas.jpg","width":800,"height":800},{"@type":"BreadcrumbList","@id":"https:\/\/adoa.es\/producto\/escarificador-outils-wolf-10-puas\/#breadcrumb","itemListElement":[{"@type":"ListItem","position":1,"name":"Portada","item":"https:\/\/adoa.es\/gl\/"},{"@type":"ListItem","position":2,"name":"Tienda","item":"https:\/\/adoa.es\/tienda\/"},{"@type":"ListItem","position":3,"name":"Escarificador Outils Wolf 10 p\u00faas"}]},{"@type":"WebSite","@id":"https:\/\/adoa.es\/gl\/#website","url":"https:\/\/adoa.es\/gl\/","name":"Adoa","description":"Centros de Xardiner\u00eda","potentialAction":[{"@type":"SearchAction","target":{"@type":"EntryPoint","urlTemplate":"https:\/\/adoa.es\/gl\/?s={search_term_string}"},"query-input":{"@type":"PropertyValueSpecification","valueRequired":true,"valueName":"search_term_string"}}],"inLanguage":"gl-ES"}]}},"_links":{"self":[{"href":"https:\/\/adoa.es\/gl\/wp-json\/wp\/v2\/product\/2408","targetHints":{"allow":["GET"]}}],"collection":[{"href":"https:\/\/adoa.es\/gl\/wp-json\/wp\/v2\/product"}],"about":[{"href":"https:\/\/adoa.es\/gl\/wp-json\/wp\/v2\/types\/product"}],"wp:featuredmedia":[{"embeddable":true,"href":"https:\/\/adoa.es\/gl\/wp-json\/wp\/v2\/media\/2409"}],"wp:attachment":[{"href":"https:\/\/adoa.es\/gl\/wp-json\/wp\/v2\/media?parent=2408"}],"wp:term":[{"taxonomy":"product_brand","embeddable":true,"href":"https:\/\/adoa.es\/gl\/wp-json\/wp\/v2\/product_brand?post=2408"},{"taxonomy":"product_cat","embeddable":true,"href":"https:\/\/adoa.es\/gl\/wp-json\/wp\/v2\/product_cat?post=2408"},{"taxonomy":"product_tag","embeddable":true,"href":"https:\/\/adoa.es\/gl\/wp-json\/wp\/v2\/product_tag?post=2408"}],"curies":[{"name":"wp","href":"https:\/\/api.w.org\/{rel}","templated":true}]}}