{"id":2347,"date":"2018-04-12T15:56:08","date_gmt":"2018-04-12T15:56:08","guid":{"rendered":"https:\/\/adoa.es\/?post_type=product&#038;p=2347"},"modified":"2022-09-08T18:17:05","modified_gmt":"2022-09-08T16:17:05","slug":"brida-metalica-para-atadora-twister-hook","status":"publish","type":"product","link":"https:\/\/adoa.es\/gl\/producto\/brida-metalica-para-atadora-twister-hook\/","title":{"rendered":"Brida met\u00e1lica para atadora Twister Hook"},"content":{"rendered":"<p>Brida met\u00e1lica para atadora Twister Hook. El tama\u00f1o de cada brida es 16 cm.<\/p>\n","protected":false},"excerpt":{"rendered":"<p>Brida met\u00e1lica para atadora Twister Hook<\/p>\n","protected":false},"featured_media":2350,"template":"","meta":[],"product_brand":[],"product_cat":[51],"product_tag":[],"class_list":{"0":"post-2347","1":"product","2":"type-product","3":"status-publish","4":"has-post-thumbnail","6":"product_cat-complementos-de-jardin","8":"first","9":"instock","10":"taxable","11":"shipping-taxable","12":"purchasable","13":"product-type-variable"},"yoast_head":"<!-- This site is optimized with the Yoast SEO plugin v25.8 - https:\/\/yoast.com\/wordpress\/plugins\/seo\/ -->\n<title>Brida met\u00e1lica para atadora Twister Hook - Adoa<\/title>\n<meta name=\"robots\" content=\"index, follow, max-snippet:-1, max-image-preview:large, max-video-preview:-1\" \/>\n<link rel=\"canonical\" href=\"https:\/\/adoa.es\/gl\/producto\/brida-metalica-para-atadora-twister-hook\/\" \/>\n<script type=\"application\/ld+json\" class=\"yoast-schema-graph\">{\"@context\":\"https:\/\/schema.org\",\"@graph\":[{\"@type\":\"WebPage\",\"@id\":\"https:\/\/adoa.es\/gl\/producto\/brida-metalica-para-atadora-twister-hook\/\",\"url\":\"https:\/\/adoa.es\/gl\/producto\/brida-metalica-para-atadora-twister-hook\/\",\"name\":\"Brida met\u00e1lica para atadora Twister Hook - Adoa\",\"isPartOf\":{\"@id\":\"https:\/\/adoa.es\/gl\/#website\"},\"primaryImageOfPage\":{\"@id\":\"https:\/\/adoa.es\/gl\/producto\/brida-metalica-para-atadora-twister-hook\/#primaryimage\"},\"image\":{\"@id\":\"https:\/\/adoa.es\/gl\/producto\/brida-metalica-para-atadora-twister-hook\/#primaryimage\"},\"thumbnailUrl\":\"https:\/\/adoa.es\/wp-content\/uploads\/2018\/04\/brida-metalica.jpg\",\"datePublished\":\"2018-04-12T15:56:08+00:00\",\"dateModified\":\"2022-09-08T16:17:05+00:00\",\"breadcrumb\":{\"@id\":\"https:\/\/adoa.es\/gl\/producto\/brida-metalica-para-atadora-twister-hook\/#breadcrumb\"},\"inLanguage\":\"gl-ES\",\"potentialAction\":[{\"@type\":\"ReadAction\",\"target\":[\"https:\/\/adoa.es\/gl\/producto\/brida-metalica-para-atadora-twister-hook\/\"]}]},{\"@type\":\"ImageObject\",\"inLanguage\":\"gl-ES\",\"@id\":\"https:\/\/adoa.es\/gl\/producto\/brida-metalica-para-atadora-twister-hook\/#primaryimage\",\"url\":\"https:\/\/adoa.es\/wp-content\/uploads\/2018\/04\/brida-metalica.jpg\",\"contentUrl\":\"https:\/\/adoa.es\/wp-content\/uploads\/2018\/04\/brida-metalica.jpg\",\"width\":800,\"height\":800},{\"@type\":\"BreadcrumbList\",\"@id\":\"https:\/\/adoa.es\/gl\/producto\/brida-metalica-para-atadora-twister-hook\/#breadcrumb\",\"itemListElement\":[{\"@type\":\"ListItem\",\"position\":1,\"name\":\"Portada\",\"item\":\"https:\/\/adoa.es\/gl\/\"},{\"@type\":\"ListItem\",\"position\":2,\"name\":\"Tienda\",\"item\":\"https:\/\/adoa.es\/tienda\/\"},{\"@type\":\"ListItem\",\"position\":3,\"name\":\"Brida met\u00e1lica para atadora Twister Hook\"}]},{\"@type\":\"WebSite\",\"@id\":\"https:\/\/adoa.es\/gl\/#website\",\"url\":\"https:\/\/adoa.es\/gl\/\",\"name\":\"Adoa\",\"description\":\"Centros de Xardiner\u00eda\",\"potentialAction\":[{\"@type\":\"SearchAction\",\"target\":{\"@type\":\"EntryPoint\",\"urlTemplate\":\"https:\/\/adoa.es\/gl\/?s={search_term_string}\"},\"query-input\":{\"@type\":\"PropertyValueSpecification\",\"valueRequired\":true,\"valueName\":\"search_term_string\"}}],\"inLanguage\":\"gl-ES\"}]}<\/script>\n<!-- \/ Yoast SEO plugin. -->","yoast_head_json":{"title":"Brida met\u00e1lica para atadora Twister Hook - Adoa","robots":{"index":"index","follow":"follow","max-snippet":"max-snippet:-1","max-image-preview":"max-image-preview:large","max-video-preview":"max-video-preview:-1"},"canonical":"https:\/\/adoa.es\/gl\/producto\/brida-metalica-para-atadora-twister-hook\/","schema":{"@context":"https:\/\/schema.org","@graph":[{"@type":"WebPage","@id":"https:\/\/adoa.es\/gl\/producto\/brida-metalica-para-atadora-twister-hook\/","url":"https:\/\/adoa.es\/gl\/producto\/brida-metalica-para-atadora-twister-hook\/","name":"Brida met\u00e1lica para atadora Twister Hook - Adoa","isPartOf":{"@id":"https:\/\/adoa.es\/gl\/#website"},"primaryImageOfPage":{"@id":"https:\/\/adoa.es\/gl\/producto\/brida-metalica-para-atadora-twister-hook\/#primaryimage"},"image":{"@id":"https:\/\/adoa.es\/gl\/producto\/brida-metalica-para-atadora-twister-hook\/#primaryimage"},"thumbnailUrl":"https:\/\/adoa.es\/wp-content\/uploads\/2018\/04\/brida-metalica.jpg","datePublished":"2018-04-12T15:56:08+00:00","dateModified":"2022-09-08T16:17:05+00:00","breadcrumb":{"@id":"https:\/\/adoa.es\/gl\/producto\/brida-metalica-para-atadora-twister-hook\/#breadcrumb"},"inLanguage":"gl-ES","potentialAction":[{"@type":"ReadAction","target":["https:\/\/adoa.es\/gl\/producto\/brida-metalica-para-atadora-twister-hook\/"]}]},{"@type":"ImageObject","inLanguage":"gl-ES","@id":"https:\/\/adoa.es\/gl\/producto\/brida-metalica-para-atadora-twister-hook\/#primaryimage","url":"https:\/\/adoa.es\/wp-content\/uploads\/2018\/04\/brida-metalica.jpg","contentUrl":"https:\/\/adoa.es\/wp-content\/uploads\/2018\/04\/brida-metalica.jpg","width":800,"height":800},{"@type":"BreadcrumbList","@id":"https:\/\/adoa.es\/gl\/producto\/brida-metalica-para-atadora-twister-hook\/#breadcrumb","itemListElement":[{"@type":"ListItem","position":1,"name":"Portada","item":"https:\/\/adoa.es\/gl\/"},{"@type":"ListItem","position":2,"name":"Tienda","item":"https:\/\/adoa.es\/tienda\/"},{"@type":"ListItem","position":3,"name":"Brida met\u00e1lica para atadora Twister Hook"}]},{"@type":"WebSite","@id":"https:\/\/adoa.es\/gl\/#website","url":"https:\/\/adoa.es\/gl\/","name":"Adoa","description":"Centros de Xardiner\u00eda","potentialAction":[{"@type":"SearchAction","target":{"@type":"EntryPoint","urlTemplate":"https:\/\/adoa.es\/gl\/?s={search_term_string}"},"query-input":{"@type":"PropertyValueSpecification","valueRequired":true,"valueName":"search_term_string"}}],"inLanguage":"gl-ES"}]}},"_links":{"self":[{"href":"https:\/\/adoa.es\/gl\/wp-json\/wp\/v2\/product\/2347","targetHints":{"allow":["GET"]}}],"collection":[{"href":"https:\/\/adoa.es\/gl\/wp-json\/wp\/v2\/product"}],"about":[{"href":"https:\/\/adoa.es\/gl\/wp-json\/wp\/v2\/types\/product"}],"wp:featuredmedia":[{"embeddable":true,"href":"https:\/\/adoa.es\/gl\/wp-json\/wp\/v2\/media\/2350"}],"wp:attachment":[{"href":"https:\/\/adoa.es\/gl\/wp-json\/wp\/v2\/media?parent=2347"}],"wp:term":[{"taxonomy":"product_brand","embeddable":true,"href":"https:\/\/adoa.es\/gl\/wp-json\/wp\/v2\/product_brand?post=2347"},{"taxonomy":"product_cat","embeddable":true,"href":"https:\/\/adoa.es\/gl\/wp-json\/wp\/v2\/product_cat?post=2347"},{"taxonomy":"product_tag","embeddable":true,"href":"https:\/\/adoa.es\/gl\/wp-json\/wp\/v2\/product_tag?post=2347"}],"curies":[{"name":"wp","href":"https:\/\/api.w.org\/{rel}","templated":true}]}}