{"id":2344,"date":"2018-04-12T15:27:39","date_gmt":"2018-04-12T15:27:39","guid":{"rendered":"https:\/\/adoa.es\/?post_type=product&#038;p=2344"},"modified":"2022-02-10T17:57:59","modified_gmt":"2022-02-10T16:57:59","slug":"atadora-twister-hook-100-bridas-metalicas","status":"publish","type":"product","link":"https:\/\/adoa.es\/gl\/producto\/atadora-twister-hook-100-bridas-metalicas\/","title":{"rendered":"Atadora Twister Hook + 100 bridas met\u00e1licas"},"content":{"rendered":"<div class=\"aditem-detail\">\n<div class=\"tx\">Atadora Twister Hook + 100 bridas met\u00e1licas .Es una herramienta semi-autom\u00e1tica destinada a facilitar la instalaci\u00f3n de ca\u00f1izos, mallas, enrejados. . . a una valla, poste o cercado base, a trav\u00e9s de unir bridas met\u00e1licas mediante torsi\u00f3n de una forma sencilla, r\u00e1pida y sin esfuerzo.<\/div>\n<\/div>\n<div id=\"f265579514\" class=\"aditem-image\"><\/div>\n","protected":false},"excerpt":{"rendered":"<p>Atadora Twister Hook + 100 bridas met\u00e1licas.<\/p>\n","protected":false},"featured_media":2345,"template":"","meta":[],"product_brand":[],"product_cat":[51],"product_tag":[],"class_list":{"0":"post-2344","1":"product","2":"type-product","3":"status-publish","4":"has-post-thumbnail","6":"product_cat-complementos-de-jardin","8":"first","9":"instock","10":"taxable","11":"shipping-taxable","12":"purchasable","13":"product-type-simple"},"yoast_head":"<!-- This site is optimized with the Yoast SEO plugin v25.8 - https:\/\/yoast.com\/wordpress\/plugins\/seo\/ -->\n<title>Atadora Twister Hook + 100 bridas met\u00e1licas - Adoa<\/title>\n<meta name=\"robots\" content=\"index, follow, max-snippet:-1, max-image-preview:large, max-video-preview:-1\" \/>\n<link rel=\"canonical\" href=\"https:\/\/adoa.es\/producto\/atadora-twister-hook-100-bridas-metalicas\/\" \/>\n<script type=\"application\/ld+json\" class=\"yoast-schema-graph\">{\"@context\":\"https:\/\/schema.org\",\"@graph\":[{\"@type\":\"WebPage\",\"@id\":\"https:\/\/adoa.es\/producto\/atadora-twister-hook-100-bridas-metalicas\/\",\"url\":\"https:\/\/adoa.es\/producto\/atadora-twister-hook-100-bridas-metalicas\/\",\"name\":\"Atadora Twister Hook + 100 bridas met\u00e1licas - Adoa\",\"isPartOf\":{\"@id\":\"https:\/\/adoa.es\/gl\/#website\"},\"primaryImageOfPage\":{\"@id\":\"https:\/\/adoa.es\/producto\/atadora-twister-hook-100-bridas-metalicas\/#primaryimage\"},\"image\":{\"@id\":\"https:\/\/adoa.es\/producto\/atadora-twister-hook-100-bridas-metalicas\/#primaryimage\"},\"thumbnailUrl\":\"https:\/\/adoa.es\/wp-content\/uploads\/2018\/04\/twister-hook.jpg\",\"datePublished\":\"2018-04-12T15:27:39+00:00\",\"dateModified\":\"2022-02-10T16:57:59+00:00\",\"breadcrumb\":{\"@id\":\"https:\/\/adoa.es\/producto\/atadora-twister-hook-100-bridas-metalicas\/#breadcrumb\"},\"inLanguage\":\"gl-ES\",\"potentialAction\":[{\"@type\":\"ReadAction\",\"target\":[\"https:\/\/adoa.es\/producto\/atadora-twister-hook-100-bridas-metalicas\/\"]}]},{\"@type\":\"ImageObject\",\"inLanguage\":\"gl-ES\",\"@id\":\"https:\/\/adoa.es\/producto\/atadora-twister-hook-100-bridas-metalicas\/#primaryimage\",\"url\":\"https:\/\/adoa.es\/wp-content\/uploads\/2018\/04\/twister-hook.jpg\",\"contentUrl\":\"https:\/\/adoa.es\/wp-content\/uploads\/2018\/04\/twister-hook.jpg\",\"width\":800,\"height\":800},{\"@type\":\"BreadcrumbList\",\"@id\":\"https:\/\/adoa.es\/producto\/atadora-twister-hook-100-bridas-metalicas\/#breadcrumb\",\"itemListElement\":[{\"@type\":\"ListItem\",\"position\":1,\"name\":\"Portada\",\"item\":\"https:\/\/adoa.es\/gl\/\"},{\"@type\":\"ListItem\",\"position\":2,\"name\":\"Tienda\",\"item\":\"https:\/\/adoa.es\/tienda\/\"},{\"@type\":\"ListItem\",\"position\":3,\"name\":\"Atadora Twister Hook + 100 bridas met\u00e1licas\"}]},{\"@type\":\"WebSite\",\"@id\":\"https:\/\/adoa.es\/gl\/#website\",\"url\":\"https:\/\/adoa.es\/gl\/\",\"name\":\"Adoa\",\"description\":\"Centros de Xardiner\u00eda\",\"potentialAction\":[{\"@type\":\"SearchAction\",\"target\":{\"@type\":\"EntryPoint\",\"urlTemplate\":\"https:\/\/adoa.es\/gl\/?s={search_term_string}\"},\"query-input\":{\"@type\":\"PropertyValueSpecification\",\"valueRequired\":true,\"valueName\":\"search_term_string\"}}],\"inLanguage\":\"gl-ES\"}]}<\/script>\n<!-- \/ Yoast SEO plugin. -->","yoast_head_json":{"title":"Atadora Twister Hook + 100 bridas met\u00e1licas - Adoa","robots":{"index":"index","follow":"follow","max-snippet":"max-snippet:-1","max-image-preview":"max-image-preview:large","max-video-preview":"max-video-preview:-1"},"canonical":"https:\/\/adoa.es\/producto\/atadora-twister-hook-100-bridas-metalicas\/","schema":{"@context":"https:\/\/schema.org","@graph":[{"@type":"WebPage","@id":"https:\/\/adoa.es\/producto\/atadora-twister-hook-100-bridas-metalicas\/","url":"https:\/\/adoa.es\/producto\/atadora-twister-hook-100-bridas-metalicas\/","name":"Atadora Twister Hook + 100 bridas met\u00e1licas - Adoa","isPartOf":{"@id":"https:\/\/adoa.es\/gl\/#website"},"primaryImageOfPage":{"@id":"https:\/\/adoa.es\/producto\/atadora-twister-hook-100-bridas-metalicas\/#primaryimage"},"image":{"@id":"https:\/\/adoa.es\/producto\/atadora-twister-hook-100-bridas-metalicas\/#primaryimage"},"thumbnailUrl":"https:\/\/adoa.es\/wp-content\/uploads\/2018\/04\/twister-hook.jpg","datePublished":"2018-04-12T15:27:39+00:00","dateModified":"2022-02-10T16:57:59+00:00","breadcrumb":{"@id":"https:\/\/adoa.es\/producto\/atadora-twister-hook-100-bridas-metalicas\/#breadcrumb"},"inLanguage":"gl-ES","potentialAction":[{"@type":"ReadAction","target":["https:\/\/adoa.es\/producto\/atadora-twister-hook-100-bridas-metalicas\/"]}]},{"@type":"ImageObject","inLanguage":"gl-ES","@id":"https:\/\/adoa.es\/producto\/atadora-twister-hook-100-bridas-metalicas\/#primaryimage","url":"https:\/\/adoa.es\/wp-content\/uploads\/2018\/04\/twister-hook.jpg","contentUrl":"https:\/\/adoa.es\/wp-content\/uploads\/2018\/04\/twister-hook.jpg","width":800,"height":800},{"@type":"BreadcrumbList","@id":"https:\/\/adoa.es\/producto\/atadora-twister-hook-100-bridas-metalicas\/#breadcrumb","itemListElement":[{"@type":"ListItem","position":1,"name":"Portada","item":"https:\/\/adoa.es\/gl\/"},{"@type":"ListItem","position":2,"name":"Tienda","item":"https:\/\/adoa.es\/tienda\/"},{"@type":"ListItem","position":3,"name":"Atadora Twister Hook + 100 bridas met\u00e1licas"}]},{"@type":"WebSite","@id":"https:\/\/adoa.es\/gl\/#website","url":"https:\/\/adoa.es\/gl\/","name":"Adoa","description":"Centros de Xardiner\u00eda","potentialAction":[{"@type":"SearchAction","target":{"@type":"EntryPoint","urlTemplate":"https:\/\/adoa.es\/gl\/?s={search_term_string}"},"query-input":{"@type":"PropertyValueSpecification","valueRequired":true,"valueName":"search_term_string"}}],"inLanguage":"gl-ES"}]}},"_links":{"self":[{"href":"https:\/\/adoa.es\/gl\/wp-json\/wp\/v2\/product\/2344","targetHints":{"allow":["GET"]}}],"collection":[{"href":"https:\/\/adoa.es\/gl\/wp-json\/wp\/v2\/product"}],"about":[{"href":"https:\/\/adoa.es\/gl\/wp-json\/wp\/v2\/types\/product"}],"wp:featuredmedia":[{"embeddable":true,"href":"https:\/\/adoa.es\/gl\/wp-json\/wp\/v2\/media\/2345"}],"wp:attachment":[{"href":"https:\/\/adoa.es\/gl\/wp-json\/wp\/v2\/media?parent=2344"}],"wp:term":[{"taxonomy":"product_brand","embeddable":true,"href":"https:\/\/adoa.es\/gl\/wp-json\/wp\/v2\/product_brand?post=2344"},{"taxonomy":"product_cat","embeddable":true,"href":"https:\/\/adoa.es\/gl\/wp-json\/wp\/v2\/product_cat?post=2344"},{"taxonomy":"product_tag","embeddable":true,"href":"https:\/\/adoa.es\/gl\/wp-json\/wp\/v2\/product_tag?post=2344"}],"curies":[{"name":"wp","href":"https:\/\/api.w.org\/{rel}","templated":true}]}}