{"id":2329,"date":"2018-04-12T07:09:58","date_gmt":"2018-04-12T07:09:58","guid":{"rendered":"https:\/\/adoa.es\/?post_type=product&#038;p=2329"},"modified":"2022-02-12T16:21:57","modified_gmt":"2022-02-12T15:21:57","slug":"abono-alto-mantenimiento-fertop","status":"publish","type":"product","link":"https:\/\/adoa.es\/gl\/producto\/abono-alto-mantenimiento-fertop\/","title":{"rendered":"Abono alto mantenimiento Fertop"},"content":{"rendered":"<p>Abono de alto mantenimiento Fertop con un tama\u00f1o de grano mini, lo que permite una distribuci\u00f3n mas uniforme sobre el terreno. La tecnolog\u00eda de liberaci\u00f3n controlada nos proporcionar una duraci\u00f3n de aproximadamente 2 o 3 meses de abonado. Formulaci\u00f3n NPK: (Mg-S) 24-5-11 (2-17,9) con hierro (Fe).\u00a0 Abono ideal para mantenimiento de peque\u00f1as \u00e1reas del jard\u00edn.<\/p>\n","protected":false},"excerpt":{"rendered":"<p>Abono de alto mantenimiento Fertop con un tama\u00f1o de grano mini, lo que permite una distribuci\u00f3n mas uniforme sobre el terreno. La tecnolog\u00eda de liberaci\u00f3n controlada nos proporcionar una duraci\u00f3n de aproximadamente 2 o 3 meses de abonado. Formulaci\u00f3n NPK: (Mg-S) 24-5-11 (2-17,9) con hierro (Fe).\u00a0 Abono ideal para mantenimiento de peque\u00f1as \u00e1reas del jard\u00edn.<\/p>\n","protected":false},"featured_media":2332,"template":"","meta":[],"product_brand":[],"product_cat":[49],"product_tag":[],"class_list":{"0":"post-2329","1":"product","2":"type-product","3":"status-publish","4":"has-post-thumbnail","6":"product_cat-abonos-solidos","8":"first","9":"instock","10":"taxable","11":"shipping-taxable","12":"purchasable","13":"product-type-variable"},"yoast_head":"<!-- This site is optimized with the Yoast SEO plugin v25.8 - https:\/\/yoast.com\/wordpress\/plugins\/seo\/ -->\n<title>Abono alto mantenimiento Fertop - Adoa<\/title>\n<meta name=\"robots\" content=\"index, follow, max-snippet:-1, max-image-preview:large, max-video-preview:-1\" \/>\n<link rel=\"canonical\" href=\"https:\/\/adoa.es\/gl\/producto\/abono-alto-mantenimiento-fertop\/\" \/>\n<script type=\"application\/ld+json\" class=\"yoast-schema-graph\">{\"@context\":\"https:\/\/schema.org\",\"@graph\":[{\"@type\":\"WebPage\",\"@id\":\"https:\/\/adoa.es\/gl\/producto\/abono-alto-mantenimiento-fertop\/\",\"url\":\"https:\/\/adoa.es\/gl\/producto\/abono-alto-mantenimiento-fertop\/\",\"name\":\"Abono alto mantenimiento Fertop - Adoa\",\"isPartOf\":{\"@id\":\"https:\/\/adoa.es\/gl\/#website\"},\"primaryImageOfPage\":{\"@id\":\"https:\/\/adoa.es\/gl\/producto\/abono-alto-mantenimiento-fertop\/#primaryimage\"},\"image\":{\"@id\":\"https:\/\/adoa.es\/gl\/producto\/abono-alto-mantenimiento-fertop\/#primaryimage\"},\"thumbnailUrl\":\"https:\/\/adoa.es\/wp-content\/uploads\/2018\/04\/abono-mantenimiento.jpg\",\"datePublished\":\"2018-04-12T07:09:58+00:00\",\"dateModified\":\"2022-02-12T15:21:57+00:00\",\"breadcrumb\":{\"@id\":\"https:\/\/adoa.es\/gl\/producto\/abono-alto-mantenimiento-fertop\/#breadcrumb\"},\"inLanguage\":\"gl-ES\",\"potentialAction\":[{\"@type\":\"ReadAction\",\"target\":[\"https:\/\/adoa.es\/gl\/producto\/abono-alto-mantenimiento-fertop\/\"]}]},{\"@type\":\"ImageObject\",\"inLanguage\":\"gl-ES\",\"@id\":\"https:\/\/adoa.es\/gl\/producto\/abono-alto-mantenimiento-fertop\/#primaryimage\",\"url\":\"https:\/\/adoa.es\/wp-content\/uploads\/2018\/04\/abono-mantenimiento.jpg\",\"contentUrl\":\"https:\/\/adoa.es\/wp-content\/uploads\/2018\/04\/abono-mantenimiento.jpg\",\"width\":800,\"height\":800},{\"@type\":\"BreadcrumbList\",\"@id\":\"https:\/\/adoa.es\/gl\/producto\/abono-alto-mantenimiento-fertop\/#breadcrumb\",\"itemListElement\":[{\"@type\":\"ListItem\",\"position\":1,\"name\":\"Portada\",\"item\":\"https:\/\/adoa.es\/gl\/\"},{\"@type\":\"ListItem\",\"position\":2,\"name\":\"Tienda\",\"item\":\"https:\/\/adoa.es\/tienda\/\"},{\"@type\":\"ListItem\",\"position\":3,\"name\":\"Abono alto mantenimiento Fertop\"}]},{\"@type\":\"WebSite\",\"@id\":\"https:\/\/adoa.es\/gl\/#website\",\"url\":\"https:\/\/adoa.es\/gl\/\",\"name\":\"Adoa\",\"description\":\"Centros de Xardiner\u00eda\",\"potentialAction\":[{\"@type\":\"SearchAction\",\"target\":{\"@type\":\"EntryPoint\",\"urlTemplate\":\"https:\/\/adoa.es\/gl\/?s={search_term_string}\"},\"query-input\":{\"@type\":\"PropertyValueSpecification\",\"valueRequired\":true,\"valueName\":\"search_term_string\"}}],\"inLanguage\":\"gl-ES\"}]}<\/script>\n<!-- \/ Yoast SEO plugin. -->","yoast_head_json":{"title":"Abono alto mantenimiento Fertop - Adoa","robots":{"index":"index","follow":"follow","max-snippet":"max-snippet:-1","max-image-preview":"max-image-preview:large","max-video-preview":"max-video-preview:-1"},"canonical":"https:\/\/adoa.es\/gl\/producto\/abono-alto-mantenimiento-fertop\/","schema":{"@context":"https:\/\/schema.org","@graph":[{"@type":"WebPage","@id":"https:\/\/adoa.es\/gl\/producto\/abono-alto-mantenimiento-fertop\/","url":"https:\/\/adoa.es\/gl\/producto\/abono-alto-mantenimiento-fertop\/","name":"Abono alto mantenimiento Fertop - Adoa","isPartOf":{"@id":"https:\/\/adoa.es\/gl\/#website"},"primaryImageOfPage":{"@id":"https:\/\/adoa.es\/gl\/producto\/abono-alto-mantenimiento-fertop\/#primaryimage"},"image":{"@id":"https:\/\/adoa.es\/gl\/producto\/abono-alto-mantenimiento-fertop\/#primaryimage"},"thumbnailUrl":"https:\/\/adoa.es\/wp-content\/uploads\/2018\/04\/abono-mantenimiento.jpg","datePublished":"2018-04-12T07:09:58+00:00","dateModified":"2022-02-12T15:21:57+00:00","breadcrumb":{"@id":"https:\/\/adoa.es\/gl\/producto\/abono-alto-mantenimiento-fertop\/#breadcrumb"},"inLanguage":"gl-ES","potentialAction":[{"@type":"ReadAction","target":["https:\/\/adoa.es\/gl\/producto\/abono-alto-mantenimiento-fertop\/"]}]},{"@type":"ImageObject","inLanguage":"gl-ES","@id":"https:\/\/adoa.es\/gl\/producto\/abono-alto-mantenimiento-fertop\/#primaryimage","url":"https:\/\/adoa.es\/wp-content\/uploads\/2018\/04\/abono-mantenimiento.jpg","contentUrl":"https:\/\/adoa.es\/wp-content\/uploads\/2018\/04\/abono-mantenimiento.jpg","width":800,"height":800},{"@type":"BreadcrumbList","@id":"https:\/\/adoa.es\/gl\/producto\/abono-alto-mantenimiento-fertop\/#breadcrumb","itemListElement":[{"@type":"ListItem","position":1,"name":"Portada","item":"https:\/\/adoa.es\/gl\/"},{"@type":"ListItem","position":2,"name":"Tienda","item":"https:\/\/adoa.es\/tienda\/"},{"@type":"ListItem","position":3,"name":"Abono alto mantenimiento Fertop"}]},{"@type":"WebSite","@id":"https:\/\/adoa.es\/gl\/#website","url":"https:\/\/adoa.es\/gl\/","name":"Adoa","description":"Centros de Xardiner\u00eda","potentialAction":[{"@type":"SearchAction","target":{"@type":"EntryPoint","urlTemplate":"https:\/\/adoa.es\/gl\/?s={search_term_string}"},"query-input":{"@type":"PropertyValueSpecification","valueRequired":true,"valueName":"search_term_string"}}],"inLanguage":"gl-ES"}]}},"_links":{"self":[{"href":"https:\/\/adoa.es\/gl\/wp-json\/wp\/v2\/product\/2329","targetHints":{"allow":["GET"]}}],"collection":[{"href":"https:\/\/adoa.es\/gl\/wp-json\/wp\/v2\/product"}],"about":[{"href":"https:\/\/adoa.es\/gl\/wp-json\/wp\/v2\/types\/product"}],"wp:featuredmedia":[{"embeddable":true,"href":"https:\/\/adoa.es\/gl\/wp-json\/wp\/v2\/media\/2332"}],"wp:attachment":[{"href":"https:\/\/adoa.es\/gl\/wp-json\/wp\/v2\/media?parent=2329"}],"wp:term":[{"taxonomy":"product_brand","embeddable":true,"href":"https:\/\/adoa.es\/gl\/wp-json\/wp\/v2\/product_brand?post=2329"},{"taxonomy":"product_cat","embeddable":true,"href":"https:\/\/adoa.es\/gl\/wp-json\/wp\/v2\/product_cat?post=2329"},{"taxonomy":"product_tag","embeddable":true,"href":"https:\/\/adoa.es\/gl\/wp-json\/wp\/v2\/product_tag?post=2329"}],"curies":[{"name":"wp","href":"https:\/\/api.w.org\/{rel}","templated":true}]}}