{"id":2326,"date":"2018-04-11T17:23:15","date_gmt":"2018-04-11T17:23:15","guid":{"rendered":"https:\/\/adoa.es\/?post_type=product&#038;p=2326"},"modified":"2022-02-10T18:01:43","modified_gmt":"2022-02-10T17:01:43","slug":"abono-fertop-siembra-liberacion-controlada","status":"publish","type":"product","link":"https:\/\/adoa.es\/gl\/producto\/abono-fertop-siembra-liberacion-controlada\/","title":{"rendered":"Abono Fertop Siembra liberaci\u00f3n controlada"},"content":{"rendered":"<p>Abono para c\u00e9sped ideal para aplicar en momentos de siembra o de resiembra. Envase de 5Kg para una aplicaci\u00f3n en 165m\u00b2. Gracias a su liberaci\u00f3n controlada nos permite\u00a0 tener el c\u00e9sped correctamente abonado durante aproximadamente entre 2 y 3 meses. Su alto contenido en f\u00f3sforo. hace de Fertop CRF Mini (19-19-5+ 2 MgO+ micronutrientes) un fertilizante especialmente recomendados para siembra y resiembras.<\/p>\n","protected":false},"excerpt":{"rendered":"<p>Abono para siembra y resiembra de liberaci\u00f3n controlada.<\/p>\n","protected":false},"featured_media":2327,"template":"","meta":[],"product_brand":[],"product_cat":[49],"product_tag":[],"class_list":{"0":"post-2326","1":"product","2":"type-product","3":"status-publish","4":"has-post-thumbnail","6":"product_cat-abonos-solidos","8":"first","9":"instock","10":"taxable","11":"shipping-taxable","12":"purchasable","13":"product-type-simple"},"yoast_head":"<!-- This site is optimized with the Yoast SEO plugin v25.8 - https:\/\/yoast.com\/wordpress\/plugins\/seo\/ -->\n<title>Abono Fertop Siembra liberaci\u00f3n controlada - Adoa<\/title>\n<meta name=\"robots\" content=\"index, follow, max-snippet:-1, max-image-preview:large, max-video-preview:-1\" \/>\n<link rel=\"canonical\" href=\"https:\/\/adoa.es\/producto\/abono-fertop-siembra-liberacion-controlada\/\" \/>\n<script type=\"application\/ld+json\" class=\"yoast-schema-graph\">{\"@context\":\"https:\/\/schema.org\",\"@graph\":[{\"@type\":\"WebPage\",\"@id\":\"https:\/\/adoa.es\/producto\/abono-fertop-siembra-liberacion-controlada\/\",\"url\":\"https:\/\/adoa.es\/producto\/abono-fertop-siembra-liberacion-controlada\/\",\"name\":\"Abono Fertop Siembra liberaci\u00f3n controlada - Adoa\",\"isPartOf\":{\"@id\":\"https:\/\/adoa.es\/gl\/#website\"},\"primaryImageOfPage\":{\"@id\":\"https:\/\/adoa.es\/producto\/abono-fertop-siembra-liberacion-controlada\/#primaryimage\"},\"image\":{\"@id\":\"https:\/\/adoa.es\/producto\/abono-fertop-siembra-liberacion-controlada\/#primaryimage\"},\"thumbnailUrl\":\"https:\/\/adoa.es\/wp-content\/uploads\/2018\/04\/fertop-siembra.jpg\",\"datePublished\":\"2018-04-11T17:23:15+00:00\",\"dateModified\":\"2022-02-10T17:01:43+00:00\",\"breadcrumb\":{\"@id\":\"https:\/\/adoa.es\/producto\/abono-fertop-siembra-liberacion-controlada\/#breadcrumb\"},\"inLanguage\":\"gl-ES\",\"potentialAction\":[{\"@type\":\"ReadAction\",\"target\":[\"https:\/\/adoa.es\/producto\/abono-fertop-siembra-liberacion-controlada\/\"]}]},{\"@type\":\"ImageObject\",\"inLanguage\":\"gl-ES\",\"@id\":\"https:\/\/adoa.es\/producto\/abono-fertop-siembra-liberacion-controlada\/#primaryimage\",\"url\":\"https:\/\/adoa.es\/wp-content\/uploads\/2018\/04\/fertop-siembra.jpg\",\"contentUrl\":\"https:\/\/adoa.es\/wp-content\/uploads\/2018\/04\/fertop-siembra.jpg\",\"width\":800,\"height\":800},{\"@type\":\"BreadcrumbList\",\"@id\":\"https:\/\/adoa.es\/producto\/abono-fertop-siembra-liberacion-controlada\/#breadcrumb\",\"itemListElement\":[{\"@type\":\"ListItem\",\"position\":1,\"name\":\"Portada\",\"item\":\"https:\/\/adoa.es\/gl\/\"},{\"@type\":\"ListItem\",\"position\":2,\"name\":\"Tienda\",\"item\":\"https:\/\/adoa.es\/tienda\/\"},{\"@type\":\"ListItem\",\"position\":3,\"name\":\"Abono Fertop Siembra liberaci\u00f3n controlada\"}]},{\"@type\":\"WebSite\",\"@id\":\"https:\/\/adoa.es\/gl\/#website\",\"url\":\"https:\/\/adoa.es\/gl\/\",\"name\":\"Adoa\",\"description\":\"Centros de Xardiner\u00eda\",\"potentialAction\":[{\"@type\":\"SearchAction\",\"target\":{\"@type\":\"EntryPoint\",\"urlTemplate\":\"https:\/\/adoa.es\/gl\/?s={search_term_string}\"},\"query-input\":{\"@type\":\"PropertyValueSpecification\",\"valueRequired\":true,\"valueName\":\"search_term_string\"}}],\"inLanguage\":\"gl-ES\"}]}<\/script>\n<!-- \/ Yoast SEO plugin. -->","yoast_head_json":{"title":"Abono Fertop Siembra liberaci\u00f3n controlada - Adoa","robots":{"index":"index","follow":"follow","max-snippet":"max-snippet:-1","max-image-preview":"max-image-preview:large","max-video-preview":"max-video-preview:-1"},"canonical":"https:\/\/adoa.es\/producto\/abono-fertop-siembra-liberacion-controlada\/","schema":{"@context":"https:\/\/schema.org","@graph":[{"@type":"WebPage","@id":"https:\/\/adoa.es\/producto\/abono-fertop-siembra-liberacion-controlada\/","url":"https:\/\/adoa.es\/producto\/abono-fertop-siembra-liberacion-controlada\/","name":"Abono Fertop Siembra liberaci\u00f3n controlada - Adoa","isPartOf":{"@id":"https:\/\/adoa.es\/gl\/#website"},"primaryImageOfPage":{"@id":"https:\/\/adoa.es\/producto\/abono-fertop-siembra-liberacion-controlada\/#primaryimage"},"image":{"@id":"https:\/\/adoa.es\/producto\/abono-fertop-siembra-liberacion-controlada\/#primaryimage"},"thumbnailUrl":"https:\/\/adoa.es\/wp-content\/uploads\/2018\/04\/fertop-siembra.jpg","datePublished":"2018-04-11T17:23:15+00:00","dateModified":"2022-02-10T17:01:43+00:00","breadcrumb":{"@id":"https:\/\/adoa.es\/producto\/abono-fertop-siembra-liberacion-controlada\/#breadcrumb"},"inLanguage":"gl-ES","potentialAction":[{"@type":"ReadAction","target":["https:\/\/adoa.es\/producto\/abono-fertop-siembra-liberacion-controlada\/"]}]},{"@type":"ImageObject","inLanguage":"gl-ES","@id":"https:\/\/adoa.es\/producto\/abono-fertop-siembra-liberacion-controlada\/#primaryimage","url":"https:\/\/adoa.es\/wp-content\/uploads\/2018\/04\/fertop-siembra.jpg","contentUrl":"https:\/\/adoa.es\/wp-content\/uploads\/2018\/04\/fertop-siembra.jpg","width":800,"height":800},{"@type":"BreadcrumbList","@id":"https:\/\/adoa.es\/producto\/abono-fertop-siembra-liberacion-controlada\/#breadcrumb","itemListElement":[{"@type":"ListItem","position":1,"name":"Portada","item":"https:\/\/adoa.es\/gl\/"},{"@type":"ListItem","position":2,"name":"Tienda","item":"https:\/\/adoa.es\/tienda\/"},{"@type":"ListItem","position":3,"name":"Abono Fertop Siembra liberaci\u00f3n controlada"}]},{"@type":"WebSite","@id":"https:\/\/adoa.es\/gl\/#website","url":"https:\/\/adoa.es\/gl\/","name":"Adoa","description":"Centros de Xardiner\u00eda","potentialAction":[{"@type":"SearchAction","target":{"@type":"EntryPoint","urlTemplate":"https:\/\/adoa.es\/gl\/?s={search_term_string}"},"query-input":{"@type":"PropertyValueSpecification","valueRequired":true,"valueName":"search_term_string"}}],"inLanguage":"gl-ES"}]}},"_links":{"self":[{"href":"https:\/\/adoa.es\/gl\/wp-json\/wp\/v2\/product\/2326","targetHints":{"allow":["GET"]}}],"collection":[{"href":"https:\/\/adoa.es\/gl\/wp-json\/wp\/v2\/product"}],"about":[{"href":"https:\/\/adoa.es\/gl\/wp-json\/wp\/v2\/types\/product"}],"wp:featuredmedia":[{"embeddable":true,"href":"https:\/\/adoa.es\/gl\/wp-json\/wp\/v2\/media\/2327"}],"wp:attachment":[{"href":"https:\/\/adoa.es\/gl\/wp-json\/wp\/v2\/media?parent=2326"}],"wp:term":[{"taxonomy":"product_brand","embeddable":true,"href":"https:\/\/adoa.es\/gl\/wp-json\/wp\/v2\/product_brand?post=2326"},{"taxonomy":"product_cat","embeddable":true,"href":"https:\/\/adoa.es\/gl\/wp-json\/wp\/v2\/product_cat?post=2326"},{"taxonomy":"product_tag","embeddable":true,"href":"https:\/\/adoa.es\/gl\/wp-json\/wp\/v2\/product_tag?post=2326"}],"curies":[{"name":"wp","href":"https:\/\/api.w.org\/{rel}","templated":true}]}}