{"id":2270,"date":"2018-03-26T16:06:06","date_gmt":"2018-03-26T16:06:06","guid":{"rendered":"https:\/\/adoa.es\/?post_type=product&#038;p=2270"},"modified":"2022-02-10T18:04:38","modified_gmt":"2022-02-10T17:04:38","slug":"pulverizador-de-presion-previa-galaxia-2","status":"publish","type":"product","link":"https:\/\/adoa.es\/gl\/producto\/pulverizador-de-presion-previa-galaxia-2\/","title":{"rendered":"Pulverizador de presi\u00f3n previa Galaxia 2"},"content":{"rendered":"<p>Pulverizador de presi\u00f3n previa Galaxia 2, ideal para pulverizar y refrescar plantas ,aplicar abonos foliares productos fitosanitarios&#8230;<\/p>\n<p>Contenido 2000ml , equipado con rosca para vaciar la presi\u00f3n del pulverizador y boquilla ajustable con dos tipos de chorro: lluvia y chorro fuerte.<\/p>\n<p>Su dise\u00f1o ergon\u00f3mico nos ayuda a regar sin necesidad de aplicar fuerza en la mano simplemente apretando un bot\u00f3n conseguir\u00e1 una lluvia perfecta para sus plantas.<\/p>\n","protected":false},"excerpt":{"rendered":"<p>Pulverizador de presi\u00f3n previa Galaxia 2<\/p>\n","protected":false},"featured_media":2271,"template":"","meta":[],"product_brand":[],"product_cat":[154],"product_tag":[],"class_list":{"0":"post-2270","1":"product","2":"type-product","3":"status-publish","4":"has-post-thumbnail","6":"product_cat-pulverizadores-regaderas","8":"first","9":"instock","10":"taxable","11":"shipping-taxable","12":"purchasable","13":"product-type-simple"},"yoast_head":"<!-- This site is optimized with the Yoast SEO plugin v25.8 - https:\/\/yoast.com\/wordpress\/plugins\/seo\/ -->\n<title>Pulverizador de presi\u00f3n previa Galaxia 2 - Adoa<\/title>\n<meta name=\"robots\" content=\"index, follow, max-snippet:-1, max-image-preview:large, max-video-preview:-1\" \/>\n<link rel=\"canonical\" href=\"https:\/\/adoa.es\/producto\/pulverizador-de-presion-previa-galaxia-2\/\" \/>\n<script type=\"application\/ld+json\" class=\"yoast-schema-graph\">{\"@context\":\"https:\/\/schema.org\",\"@graph\":[{\"@type\":\"WebPage\",\"@id\":\"https:\/\/adoa.es\/producto\/pulverizador-de-presion-previa-galaxia-2\/\",\"url\":\"https:\/\/adoa.es\/producto\/pulverizador-de-presion-previa-galaxia-2\/\",\"name\":\"Pulverizador de presi\u00f3n previa Galaxia 2 - Adoa\",\"isPartOf\":{\"@id\":\"https:\/\/adoa.es\/gl\/#website\"},\"primaryImageOfPage\":{\"@id\":\"https:\/\/adoa.es\/producto\/pulverizador-de-presion-previa-galaxia-2\/#primaryimage\"},\"image\":{\"@id\":\"https:\/\/adoa.es\/producto\/pulverizador-de-presion-previa-galaxia-2\/#primaryimage\"},\"thumbnailUrl\":\"https:\/\/adoa.es\/wp-content\/uploads\/2018\/03\/pukverizador-presi\u00f3nGalaxia2.jpg\",\"datePublished\":\"2018-03-26T16:06:06+00:00\",\"dateModified\":\"2022-02-10T17:04:38+00:00\",\"breadcrumb\":{\"@id\":\"https:\/\/adoa.es\/producto\/pulverizador-de-presion-previa-galaxia-2\/#breadcrumb\"},\"inLanguage\":\"gl-ES\",\"potentialAction\":[{\"@type\":\"ReadAction\",\"target\":[\"https:\/\/adoa.es\/producto\/pulverizador-de-presion-previa-galaxia-2\/\"]}]},{\"@type\":\"ImageObject\",\"inLanguage\":\"gl-ES\",\"@id\":\"https:\/\/adoa.es\/producto\/pulverizador-de-presion-previa-galaxia-2\/#primaryimage\",\"url\":\"https:\/\/adoa.es\/wp-content\/uploads\/2018\/03\/pukverizador-presi\u00f3nGalaxia2.jpg\",\"contentUrl\":\"https:\/\/adoa.es\/wp-content\/uploads\/2018\/03\/pukverizador-presi\u00f3nGalaxia2.jpg\",\"width\":800,\"height\":800,\"caption\":\"Pulverizador presi\u00f3n previa galaxia 2\"},{\"@type\":\"BreadcrumbList\",\"@id\":\"https:\/\/adoa.es\/producto\/pulverizador-de-presion-previa-galaxia-2\/#breadcrumb\",\"itemListElement\":[{\"@type\":\"ListItem\",\"position\":1,\"name\":\"Portada\",\"item\":\"https:\/\/adoa.es\/gl\/\"},{\"@type\":\"ListItem\",\"position\":2,\"name\":\"Tienda\",\"item\":\"https:\/\/adoa.es\/tienda\/\"},{\"@type\":\"ListItem\",\"position\":3,\"name\":\"Pulverizador de presi\u00f3n previa Galaxia 2\"}]},{\"@type\":\"WebSite\",\"@id\":\"https:\/\/adoa.es\/gl\/#website\",\"url\":\"https:\/\/adoa.es\/gl\/\",\"name\":\"Adoa\",\"description\":\"Centros de Xardiner\u00eda\",\"potentialAction\":[{\"@type\":\"SearchAction\",\"target\":{\"@type\":\"EntryPoint\",\"urlTemplate\":\"https:\/\/adoa.es\/gl\/?s={search_term_string}\"},\"query-input\":{\"@type\":\"PropertyValueSpecification\",\"valueRequired\":true,\"valueName\":\"search_term_string\"}}],\"inLanguage\":\"gl-ES\"}]}<\/script>\n<!-- \/ Yoast SEO plugin. -->","yoast_head_json":{"title":"Pulverizador de presi\u00f3n previa Galaxia 2 - Adoa","robots":{"index":"index","follow":"follow","max-snippet":"max-snippet:-1","max-image-preview":"max-image-preview:large","max-video-preview":"max-video-preview:-1"},"canonical":"https:\/\/adoa.es\/producto\/pulverizador-de-presion-previa-galaxia-2\/","schema":{"@context":"https:\/\/schema.org","@graph":[{"@type":"WebPage","@id":"https:\/\/adoa.es\/producto\/pulverizador-de-presion-previa-galaxia-2\/","url":"https:\/\/adoa.es\/producto\/pulverizador-de-presion-previa-galaxia-2\/","name":"Pulverizador de presi\u00f3n previa Galaxia 2 - Adoa","isPartOf":{"@id":"https:\/\/adoa.es\/gl\/#website"},"primaryImageOfPage":{"@id":"https:\/\/adoa.es\/producto\/pulverizador-de-presion-previa-galaxia-2\/#primaryimage"},"image":{"@id":"https:\/\/adoa.es\/producto\/pulverizador-de-presion-previa-galaxia-2\/#primaryimage"},"thumbnailUrl":"https:\/\/adoa.es\/wp-content\/uploads\/2018\/03\/pukverizador-presi\u00f3nGalaxia2.jpg","datePublished":"2018-03-26T16:06:06+00:00","dateModified":"2022-02-10T17:04:38+00:00","breadcrumb":{"@id":"https:\/\/adoa.es\/producto\/pulverizador-de-presion-previa-galaxia-2\/#breadcrumb"},"inLanguage":"gl-ES","potentialAction":[{"@type":"ReadAction","target":["https:\/\/adoa.es\/producto\/pulverizador-de-presion-previa-galaxia-2\/"]}]},{"@type":"ImageObject","inLanguage":"gl-ES","@id":"https:\/\/adoa.es\/producto\/pulverizador-de-presion-previa-galaxia-2\/#primaryimage","url":"https:\/\/adoa.es\/wp-content\/uploads\/2018\/03\/pukverizador-presi\u00f3nGalaxia2.jpg","contentUrl":"https:\/\/adoa.es\/wp-content\/uploads\/2018\/03\/pukverizador-presi\u00f3nGalaxia2.jpg","width":800,"height":800,"caption":"Pulverizador presi\u00f3n previa galaxia 2"},{"@type":"BreadcrumbList","@id":"https:\/\/adoa.es\/producto\/pulverizador-de-presion-previa-galaxia-2\/#breadcrumb","itemListElement":[{"@type":"ListItem","position":1,"name":"Portada","item":"https:\/\/adoa.es\/gl\/"},{"@type":"ListItem","position":2,"name":"Tienda","item":"https:\/\/adoa.es\/tienda\/"},{"@type":"ListItem","position":3,"name":"Pulverizador de presi\u00f3n previa Galaxia 2"}]},{"@type":"WebSite","@id":"https:\/\/adoa.es\/gl\/#website","url":"https:\/\/adoa.es\/gl\/","name":"Adoa","description":"Centros de Xardiner\u00eda","potentialAction":[{"@type":"SearchAction","target":{"@type":"EntryPoint","urlTemplate":"https:\/\/adoa.es\/gl\/?s={search_term_string}"},"query-input":{"@type":"PropertyValueSpecification","valueRequired":true,"valueName":"search_term_string"}}],"inLanguage":"gl-ES"}]}},"_links":{"self":[{"href":"https:\/\/adoa.es\/gl\/wp-json\/wp\/v2\/product\/2270","targetHints":{"allow":["GET"]}}],"collection":[{"href":"https:\/\/adoa.es\/gl\/wp-json\/wp\/v2\/product"}],"about":[{"href":"https:\/\/adoa.es\/gl\/wp-json\/wp\/v2\/types\/product"}],"wp:featuredmedia":[{"embeddable":true,"href":"https:\/\/adoa.es\/gl\/wp-json\/wp\/v2\/media\/2271"}],"wp:attachment":[{"href":"https:\/\/adoa.es\/gl\/wp-json\/wp\/v2\/media?parent=2270"}],"wp:term":[{"taxonomy":"product_brand","embeddable":true,"href":"https:\/\/adoa.es\/gl\/wp-json\/wp\/v2\/product_brand?post=2270"},{"taxonomy":"product_cat","embeddable":true,"href":"https:\/\/adoa.es\/gl\/wp-json\/wp\/v2\/product_cat?post=2270"},{"taxonomy":"product_tag","embeddable":true,"href":"https:\/\/adoa.es\/gl\/wp-json\/wp\/v2\/product_tag?post=2270"}],"curies":[{"name":"wp","href":"https:\/\/api.w.org\/{rel}","templated":true}]}}