{"id":2267,"date":"2018-03-26T15:37:01","date_gmt":"2018-03-26T15:37:01","guid":{"rendered":"https:\/\/adoa.es\/?post_type=product&#038;p=2267"},"modified":"2022-02-10T18:05:14","modified_gmt":"2022-02-10T17:05:14","slug":"pulverizador-de-presion-previa-solare-2","status":"publish","type":"product","link":"https:\/\/adoa.es\/gl\/producto\/pulverizador-de-presion-previa-solare-2\/","title":{"rendered":"Pulverizador de presi\u00f3n previa Solare 2"},"content":{"rendered":"<p>Pulverizador de presi\u00f3n previa Solare 2. Con una capacidad de 2 litros, ideal para refrescar\u00a0 plantas de interior o cualquier tipo de riego por pulverizaci\u00f3n, tambi\u00e9n se puede utilizar para aplicar productos fitosanitarios o abonos foliares. Muy c\u00f3modo gracias a su ligereza, se puede utilizar en modo lluvia o bien en chorro directo.<\/p>\n","protected":false},"excerpt":{"rendered":"<p>Pulverizador presi\u00f3n previa Solare 2 con capacidad para dos litros.<\/p>\n","protected":false},"featured_media":2268,"template":"","meta":[],"product_brand":[],"product_cat":[154],"product_tag":[],"class_list":{"0":"post-2267","1":"product","2":"type-product","3":"status-publish","4":"has-post-thumbnail","6":"product_cat-pulverizadores-regaderas","8":"first","9":"instock","10":"taxable","11":"shipping-taxable","12":"purchasable","13":"product-type-simple"},"yoast_head":"<!-- This site is optimized with the Yoast SEO plugin v25.8 - https:\/\/yoast.com\/wordpress\/plugins\/seo\/ -->\n<title>Pulverizador de presi\u00f3n previa Solare 2 - Adoa<\/title>\n<meta name=\"robots\" content=\"index, follow, max-snippet:-1, max-image-preview:large, max-video-preview:-1\" \/>\n<link rel=\"canonical\" href=\"https:\/\/adoa.es\/producto\/pulverizador-de-presion-previa-solare-2\/\" \/>\n<script type=\"application\/ld+json\" class=\"yoast-schema-graph\">{\"@context\":\"https:\/\/schema.org\",\"@graph\":[{\"@type\":\"WebPage\",\"@id\":\"https:\/\/adoa.es\/producto\/pulverizador-de-presion-previa-solare-2\/\",\"url\":\"https:\/\/adoa.es\/producto\/pulverizador-de-presion-previa-solare-2\/\",\"name\":\"Pulverizador de presi\u00f3n previa Solare 2 - Adoa\",\"isPartOf\":{\"@id\":\"https:\/\/adoa.es\/gl\/#website\"},\"primaryImageOfPage\":{\"@id\":\"https:\/\/adoa.es\/producto\/pulverizador-de-presion-previa-solare-2\/#primaryimage\"},\"image\":{\"@id\":\"https:\/\/adoa.es\/producto\/pulverizador-de-presion-previa-solare-2\/#primaryimage\"},\"thumbnailUrl\":\"https:\/\/adoa.es\/wp-content\/uploads\/2018\/03\/pulverizador_solare2.jpg.jpg\",\"datePublished\":\"2018-03-26T15:37:01+00:00\",\"dateModified\":\"2022-02-10T17:05:14+00:00\",\"breadcrumb\":{\"@id\":\"https:\/\/adoa.es\/producto\/pulverizador-de-presion-previa-solare-2\/#breadcrumb\"},\"inLanguage\":\"gl-ES\",\"potentialAction\":[{\"@type\":\"ReadAction\",\"target\":[\"https:\/\/adoa.es\/producto\/pulverizador-de-presion-previa-solare-2\/\"]}]},{\"@type\":\"ImageObject\",\"inLanguage\":\"gl-ES\",\"@id\":\"https:\/\/adoa.es\/producto\/pulverizador-de-presion-previa-solare-2\/#primaryimage\",\"url\":\"https:\/\/adoa.es\/wp-content\/uploads\/2018\/03\/pulverizador_solare2.jpg.jpg\",\"contentUrl\":\"https:\/\/adoa.es\/wp-content\/uploads\/2018\/03\/pulverizador_solare2.jpg.jpg\",\"width\":1000,\"height\":750,\"caption\":\"Pulverizador Solare2\"},{\"@type\":\"BreadcrumbList\",\"@id\":\"https:\/\/adoa.es\/producto\/pulverizador-de-presion-previa-solare-2\/#breadcrumb\",\"itemListElement\":[{\"@type\":\"ListItem\",\"position\":1,\"name\":\"Portada\",\"item\":\"https:\/\/adoa.es\/gl\/\"},{\"@type\":\"ListItem\",\"position\":2,\"name\":\"Tienda\",\"item\":\"https:\/\/adoa.es\/tienda\/\"},{\"@type\":\"ListItem\",\"position\":3,\"name\":\"Pulverizador de presi\u00f3n previa Solare 2\"}]},{\"@type\":\"WebSite\",\"@id\":\"https:\/\/adoa.es\/gl\/#website\",\"url\":\"https:\/\/adoa.es\/gl\/\",\"name\":\"Adoa\",\"description\":\"Centros de Xardiner\u00eda\",\"potentialAction\":[{\"@type\":\"SearchAction\",\"target\":{\"@type\":\"EntryPoint\",\"urlTemplate\":\"https:\/\/adoa.es\/gl\/?s={search_term_string}\"},\"query-input\":{\"@type\":\"PropertyValueSpecification\",\"valueRequired\":true,\"valueName\":\"search_term_string\"}}],\"inLanguage\":\"gl-ES\"}]}<\/script>\n<!-- \/ Yoast SEO plugin. -->","yoast_head_json":{"title":"Pulverizador de presi\u00f3n previa Solare 2 - Adoa","robots":{"index":"index","follow":"follow","max-snippet":"max-snippet:-1","max-image-preview":"max-image-preview:large","max-video-preview":"max-video-preview:-1"},"canonical":"https:\/\/adoa.es\/producto\/pulverizador-de-presion-previa-solare-2\/","schema":{"@context":"https:\/\/schema.org","@graph":[{"@type":"WebPage","@id":"https:\/\/adoa.es\/producto\/pulverizador-de-presion-previa-solare-2\/","url":"https:\/\/adoa.es\/producto\/pulverizador-de-presion-previa-solare-2\/","name":"Pulverizador de presi\u00f3n previa Solare 2 - Adoa","isPartOf":{"@id":"https:\/\/adoa.es\/gl\/#website"},"primaryImageOfPage":{"@id":"https:\/\/adoa.es\/producto\/pulverizador-de-presion-previa-solare-2\/#primaryimage"},"image":{"@id":"https:\/\/adoa.es\/producto\/pulverizador-de-presion-previa-solare-2\/#primaryimage"},"thumbnailUrl":"https:\/\/adoa.es\/wp-content\/uploads\/2018\/03\/pulverizador_solare2.jpg.jpg","datePublished":"2018-03-26T15:37:01+00:00","dateModified":"2022-02-10T17:05:14+00:00","breadcrumb":{"@id":"https:\/\/adoa.es\/producto\/pulverizador-de-presion-previa-solare-2\/#breadcrumb"},"inLanguage":"gl-ES","potentialAction":[{"@type":"ReadAction","target":["https:\/\/adoa.es\/producto\/pulverizador-de-presion-previa-solare-2\/"]}]},{"@type":"ImageObject","inLanguage":"gl-ES","@id":"https:\/\/adoa.es\/producto\/pulverizador-de-presion-previa-solare-2\/#primaryimage","url":"https:\/\/adoa.es\/wp-content\/uploads\/2018\/03\/pulverizador_solare2.jpg.jpg","contentUrl":"https:\/\/adoa.es\/wp-content\/uploads\/2018\/03\/pulverizador_solare2.jpg.jpg","width":1000,"height":750,"caption":"Pulverizador Solare2"},{"@type":"BreadcrumbList","@id":"https:\/\/adoa.es\/producto\/pulverizador-de-presion-previa-solare-2\/#breadcrumb","itemListElement":[{"@type":"ListItem","position":1,"name":"Portada","item":"https:\/\/adoa.es\/gl\/"},{"@type":"ListItem","position":2,"name":"Tienda","item":"https:\/\/adoa.es\/tienda\/"},{"@type":"ListItem","position":3,"name":"Pulverizador de presi\u00f3n previa Solare 2"}]},{"@type":"WebSite","@id":"https:\/\/adoa.es\/gl\/#website","url":"https:\/\/adoa.es\/gl\/","name":"Adoa","description":"Centros de Xardiner\u00eda","potentialAction":[{"@type":"SearchAction","target":{"@type":"EntryPoint","urlTemplate":"https:\/\/adoa.es\/gl\/?s={search_term_string}"},"query-input":{"@type":"PropertyValueSpecification","valueRequired":true,"valueName":"search_term_string"}}],"inLanguage":"gl-ES"}]}},"_links":{"self":[{"href":"https:\/\/adoa.es\/gl\/wp-json\/wp\/v2\/product\/2267","targetHints":{"allow":["GET"]}}],"collection":[{"href":"https:\/\/adoa.es\/gl\/wp-json\/wp\/v2\/product"}],"about":[{"href":"https:\/\/adoa.es\/gl\/wp-json\/wp\/v2\/types\/product"}],"wp:featuredmedia":[{"embeddable":true,"href":"https:\/\/adoa.es\/gl\/wp-json\/wp\/v2\/media\/2268"}],"wp:attachment":[{"href":"https:\/\/adoa.es\/gl\/wp-json\/wp\/v2\/media?parent=2267"}],"wp:term":[{"taxonomy":"product_brand","embeddable":true,"href":"https:\/\/adoa.es\/gl\/wp-json\/wp\/v2\/product_brand?post=2267"},{"taxonomy":"product_cat","embeddable":true,"href":"https:\/\/adoa.es\/gl\/wp-json\/wp\/v2\/product_cat?post=2267"},{"taxonomy":"product_tag","embeddable":true,"href":"https:\/\/adoa.es\/gl\/wp-json\/wp\/v2\/product_tag?post=2267"}],"curies":[{"name":"wp","href":"https:\/\/api.w.org\/{rel}","templated":true}]}}