{"id":2243,"date":"2018-03-26T09:07:29","date_gmt":"2018-03-26T09:07:29","guid":{"rendered":"https:\/\/adoa.es\/?post_type=product&#038;p=2243"},"modified":"2022-02-12T16:25:47","modified_gmt":"2022-02-12T15:25:47","slug":"abono-granulado-orquideas","status":"publish","type":"product","link":"https:\/\/adoa.es\/gl\/producto\/abono-granulado-orquideas\/","title":{"rendered":"Abono Granulado orqu\u00eddeas"},"content":{"rendered":"<p>Abono de liberaci\u00f3n lenta, granulado ideal para orqu\u00eddeas. Composici\u00f3n N-P-K: 17+17+17 con micro nutrientes,liberaci\u00f3n lenta aproximadamente 6 meses.<\/p>\n","protected":false},"excerpt":{"rendered":"<p>Abono de liberaci\u00f3n lenta ideal para oqu\u00eddeas.<\/p>\n","protected":false},"featured_media":2247,"template":"","meta":[],"product_brand":[],"product_cat":[49,200],"product_tag":[],"class_list":{"0":"post-2243","1":"product","2":"type-product","3":"status-publish","4":"has-post-thumbnail","6":"product_cat-abonos-solidos","7":"product_cat-orquideas","9":"first","10":"outofstock","11":"taxable","12":"shipping-taxable","13":"purchasable","14":"product-type-variable"},"yoast_head":"<!-- This site is optimized with the Yoast SEO plugin v25.8 - https:\/\/yoast.com\/wordpress\/plugins\/seo\/ -->\n<title>Abono Granulado orqu\u00eddeas - Adoa<\/title>\n<meta name=\"robots\" content=\"index, follow, max-snippet:-1, max-image-preview:large, max-video-preview:-1\" \/>\n<link rel=\"canonical\" href=\"https:\/\/adoa.es\/gl\/producto\/abono-granulado-orquideas\/\" \/>\n<script type=\"application\/ld+json\" class=\"yoast-schema-graph\">{\"@context\":\"https:\/\/schema.org\",\"@graph\":[{\"@type\":\"WebPage\",\"@id\":\"https:\/\/adoa.es\/gl\/producto\/abono-granulado-orquideas\/\",\"url\":\"https:\/\/adoa.es\/gl\/producto\/abono-granulado-orquideas\/\",\"name\":\"Abono Granulado orqu\u00eddeas - Adoa\",\"isPartOf\":{\"@id\":\"https:\/\/adoa.es\/gl\/#website\"},\"primaryImageOfPage\":{\"@id\":\"https:\/\/adoa.es\/gl\/producto\/abono-granulado-orquideas\/#primaryimage\"},\"image\":{\"@id\":\"https:\/\/adoa.es\/gl\/producto\/abono-granulado-orquideas\/#primaryimage\"},\"thumbnailUrl\":\"https:\/\/adoa.es\/wp-content\/uploads\/2018\/03\/abono-orquideas-granulado-1.jpg\",\"datePublished\":\"2018-03-26T09:07:29+00:00\",\"dateModified\":\"2022-02-12T15:25:47+00:00\",\"breadcrumb\":{\"@id\":\"https:\/\/adoa.es\/gl\/producto\/abono-granulado-orquideas\/#breadcrumb\"},\"inLanguage\":\"gl-ES\",\"potentialAction\":[{\"@type\":\"ReadAction\",\"target\":[\"https:\/\/adoa.es\/gl\/producto\/abono-granulado-orquideas\/\"]}]},{\"@type\":\"ImageObject\",\"inLanguage\":\"gl-ES\",\"@id\":\"https:\/\/adoa.es\/gl\/producto\/abono-granulado-orquideas\/#primaryimage\",\"url\":\"https:\/\/adoa.es\/wp-content\/uploads\/2018\/03\/abono-orquideas-granulado-1.jpg\",\"contentUrl\":\"https:\/\/adoa.es\/wp-content\/uploads\/2018\/03\/abono-orquideas-granulado-1.jpg\",\"width\":800,\"height\":800},{\"@type\":\"BreadcrumbList\",\"@id\":\"https:\/\/adoa.es\/gl\/producto\/abono-granulado-orquideas\/#breadcrumb\",\"itemListElement\":[{\"@type\":\"ListItem\",\"position\":1,\"name\":\"Portada\",\"item\":\"https:\/\/adoa.es\/gl\/\"},{\"@type\":\"ListItem\",\"position\":2,\"name\":\"Tienda\",\"item\":\"https:\/\/adoa.es\/tienda\/\"},{\"@type\":\"ListItem\",\"position\":3,\"name\":\"Abono Granulado orqu\u00eddeas\"}]},{\"@type\":\"WebSite\",\"@id\":\"https:\/\/adoa.es\/gl\/#website\",\"url\":\"https:\/\/adoa.es\/gl\/\",\"name\":\"Adoa\",\"description\":\"Centros de Xardiner\u00eda\",\"potentialAction\":[{\"@type\":\"SearchAction\",\"target\":{\"@type\":\"EntryPoint\",\"urlTemplate\":\"https:\/\/adoa.es\/gl\/?s={search_term_string}\"},\"query-input\":{\"@type\":\"PropertyValueSpecification\",\"valueRequired\":true,\"valueName\":\"search_term_string\"}}],\"inLanguage\":\"gl-ES\"}]}<\/script>\n<!-- \/ Yoast SEO plugin. -->","yoast_head_json":{"title":"Abono Granulado orqu\u00eddeas - Adoa","robots":{"index":"index","follow":"follow","max-snippet":"max-snippet:-1","max-image-preview":"max-image-preview:large","max-video-preview":"max-video-preview:-1"},"canonical":"https:\/\/adoa.es\/gl\/producto\/abono-granulado-orquideas\/","schema":{"@context":"https:\/\/schema.org","@graph":[{"@type":"WebPage","@id":"https:\/\/adoa.es\/gl\/producto\/abono-granulado-orquideas\/","url":"https:\/\/adoa.es\/gl\/producto\/abono-granulado-orquideas\/","name":"Abono Granulado orqu\u00eddeas - Adoa","isPartOf":{"@id":"https:\/\/adoa.es\/gl\/#website"},"primaryImageOfPage":{"@id":"https:\/\/adoa.es\/gl\/producto\/abono-granulado-orquideas\/#primaryimage"},"image":{"@id":"https:\/\/adoa.es\/gl\/producto\/abono-granulado-orquideas\/#primaryimage"},"thumbnailUrl":"https:\/\/adoa.es\/wp-content\/uploads\/2018\/03\/abono-orquideas-granulado-1.jpg","datePublished":"2018-03-26T09:07:29+00:00","dateModified":"2022-02-12T15:25:47+00:00","breadcrumb":{"@id":"https:\/\/adoa.es\/gl\/producto\/abono-granulado-orquideas\/#breadcrumb"},"inLanguage":"gl-ES","potentialAction":[{"@type":"ReadAction","target":["https:\/\/adoa.es\/gl\/producto\/abono-granulado-orquideas\/"]}]},{"@type":"ImageObject","inLanguage":"gl-ES","@id":"https:\/\/adoa.es\/gl\/producto\/abono-granulado-orquideas\/#primaryimage","url":"https:\/\/adoa.es\/wp-content\/uploads\/2018\/03\/abono-orquideas-granulado-1.jpg","contentUrl":"https:\/\/adoa.es\/wp-content\/uploads\/2018\/03\/abono-orquideas-granulado-1.jpg","width":800,"height":800},{"@type":"BreadcrumbList","@id":"https:\/\/adoa.es\/gl\/producto\/abono-granulado-orquideas\/#breadcrumb","itemListElement":[{"@type":"ListItem","position":1,"name":"Portada","item":"https:\/\/adoa.es\/gl\/"},{"@type":"ListItem","position":2,"name":"Tienda","item":"https:\/\/adoa.es\/tienda\/"},{"@type":"ListItem","position":3,"name":"Abono Granulado orqu\u00eddeas"}]},{"@type":"WebSite","@id":"https:\/\/adoa.es\/gl\/#website","url":"https:\/\/adoa.es\/gl\/","name":"Adoa","description":"Centros de Xardiner\u00eda","potentialAction":[{"@type":"SearchAction","target":{"@type":"EntryPoint","urlTemplate":"https:\/\/adoa.es\/gl\/?s={search_term_string}"},"query-input":{"@type":"PropertyValueSpecification","valueRequired":true,"valueName":"search_term_string"}}],"inLanguage":"gl-ES"}]}},"_links":{"self":[{"href":"https:\/\/adoa.es\/gl\/wp-json\/wp\/v2\/product\/2243","targetHints":{"allow":["GET"]}}],"collection":[{"href":"https:\/\/adoa.es\/gl\/wp-json\/wp\/v2\/product"}],"about":[{"href":"https:\/\/adoa.es\/gl\/wp-json\/wp\/v2\/types\/product"}],"wp:featuredmedia":[{"embeddable":true,"href":"https:\/\/adoa.es\/gl\/wp-json\/wp\/v2\/media\/2247"}],"wp:attachment":[{"href":"https:\/\/adoa.es\/gl\/wp-json\/wp\/v2\/media?parent=2243"}],"wp:term":[{"taxonomy":"product_brand","embeddable":true,"href":"https:\/\/adoa.es\/gl\/wp-json\/wp\/v2\/product_brand?post=2243"},{"taxonomy":"product_cat","embeddable":true,"href":"https:\/\/adoa.es\/gl\/wp-json\/wp\/v2\/product_cat?post=2243"},{"taxonomy":"product_tag","embeddable":true,"href":"https:\/\/adoa.es\/gl\/wp-json\/wp\/v2\/product_tag?post=2243"}],"curies":[{"name":"wp","href":"https:\/\/api.w.org\/{rel}","templated":true}]}}