{"id":1160,"date":"2017-09-07T12:52:31","date_gmt":"2017-09-07T12:52:31","guid":{"rendered":"https:\/\/adoa.es\/?post_type=product&#038;p=1160"},"modified":"2022-02-11T09:28:41","modified_gmt":"2022-02-11T08:28:41","slug":"arqueta-redonda","status":"publish","type":"product","link":"https:\/\/adoa.es\/gl\/producto\/arqueta-redonda\/","title":{"rendered":"Arqueta redonda"},"content":{"rendered":"<p>Arqueta para electrov\u00e1lvulas redonda con tapa para cierra a presi\u00f3n. Di\u00e1metro: 5cm \u00d8<\/p>\n","protected":false},"excerpt":{"rendered":"<p>Arqueta redonda \u00d85cm<\/p>\n","protected":false},"featured_media":1161,"template":"","meta":[],"product_brand":[],"product_cat":[46],"product_tag":[],"class_list":{"0":"post-1160","1":"product","2":"type-product","3":"status-publish","4":"has-post-thumbnail","6":"product_cat-riego","8":"first","9":"instock","10":"taxable","11":"shipping-taxable","12":"purchasable","13":"product-type-simple"},"yoast_head":"<!-- This site is optimized with the Yoast SEO plugin v25.8 - https:\/\/yoast.com\/wordpress\/plugins\/seo\/ -->\n<title>Arqueta redonda - Adoa<\/title>\n<meta name=\"robots\" content=\"index, follow, max-snippet:-1, max-image-preview:large, max-video-preview:-1\" \/>\n<link rel=\"canonical\" href=\"https:\/\/adoa.es\/producto\/arqueta-redonda\/\" \/>\n<script type=\"application\/ld+json\" class=\"yoast-schema-graph\">{\"@context\":\"https:\/\/schema.org\",\"@graph\":[{\"@type\":\"WebPage\",\"@id\":\"https:\/\/adoa.es\/producto\/arqueta-redonda\/\",\"url\":\"https:\/\/adoa.es\/producto\/arqueta-redonda\/\",\"name\":\"Arqueta redonda - Adoa\",\"isPartOf\":{\"@id\":\"https:\/\/adoa.es\/gl\/#website\"},\"primaryImageOfPage\":{\"@id\":\"https:\/\/adoa.es\/producto\/arqueta-redonda\/#primaryimage\"},\"image\":{\"@id\":\"https:\/\/adoa.es\/producto\/arqueta-redonda\/#primaryimage\"},\"thumbnailUrl\":\"https:\/\/adoa.es\/wp-content\/uploads\/2017\/09\/Arqueta.jpg\",\"datePublished\":\"2017-09-07T12:52:31+00:00\",\"dateModified\":\"2022-02-11T08:28:41+00:00\",\"breadcrumb\":{\"@id\":\"https:\/\/adoa.es\/producto\/arqueta-redonda\/#breadcrumb\"},\"inLanguage\":\"gl-ES\",\"potentialAction\":[{\"@type\":\"ReadAction\",\"target\":[\"https:\/\/adoa.es\/producto\/arqueta-redonda\/\"]}]},{\"@type\":\"ImageObject\",\"inLanguage\":\"gl-ES\",\"@id\":\"https:\/\/adoa.es\/producto\/arqueta-redonda\/#primaryimage\",\"url\":\"https:\/\/adoa.es\/wp-content\/uploads\/2017\/09\/Arqueta.jpg\",\"contentUrl\":\"https:\/\/adoa.es\/wp-content\/uploads\/2017\/09\/Arqueta.jpg\",\"width\":800,\"height\":800},{\"@type\":\"BreadcrumbList\",\"@id\":\"https:\/\/adoa.es\/producto\/arqueta-redonda\/#breadcrumb\",\"itemListElement\":[{\"@type\":\"ListItem\",\"position\":1,\"name\":\"Portada\",\"item\":\"https:\/\/adoa.es\/gl\/\"},{\"@type\":\"ListItem\",\"position\":2,\"name\":\"Tienda\",\"item\":\"https:\/\/adoa.es\/tienda\/\"},{\"@type\":\"ListItem\",\"position\":3,\"name\":\"Arqueta redonda\"}]},{\"@type\":\"WebSite\",\"@id\":\"https:\/\/adoa.es\/gl\/#website\",\"url\":\"https:\/\/adoa.es\/gl\/\",\"name\":\"Adoa\",\"description\":\"Centros de Xardiner\u00eda\",\"potentialAction\":[{\"@type\":\"SearchAction\",\"target\":{\"@type\":\"EntryPoint\",\"urlTemplate\":\"https:\/\/adoa.es\/gl\/?s={search_term_string}\"},\"query-input\":{\"@type\":\"PropertyValueSpecification\",\"valueRequired\":true,\"valueName\":\"search_term_string\"}}],\"inLanguage\":\"gl-ES\"}]}<\/script>\n<!-- \/ Yoast SEO plugin. -->","yoast_head_json":{"title":"Arqueta redonda - Adoa","robots":{"index":"index","follow":"follow","max-snippet":"max-snippet:-1","max-image-preview":"max-image-preview:large","max-video-preview":"max-video-preview:-1"},"canonical":"https:\/\/adoa.es\/producto\/arqueta-redonda\/","schema":{"@context":"https:\/\/schema.org","@graph":[{"@type":"WebPage","@id":"https:\/\/adoa.es\/producto\/arqueta-redonda\/","url":"https:\/\/adoa.es\/producto\/arqueta-redonda\/","name":"Arqueta redonda - Adoa","isPartOf":{"@id":"https:\/\/adoa.es\/gl\/#website"},"primaryImageOfPage":{"@id":"https:\/\/adoa.es\/producto\/arqueta-redonda\/#primaryimage"},"image":{"@id":"https:\/\/adoa.es\/producto\/arqueta-redonda\/#primaryimage"},"thumbnailUrl":"https:\/\/adoa.es\/wp-content\/uploads\/2017\/09\/Arqueta.jpg","datePublished":"2017-09-07T12:52:31+00:00","dateModified":"2022-02-11T08:28:41+00:00","breadcrumb":{"@id":"https:\/\/adoa.es\/producto\/arqueta-redonda\/#breadcrumb"},"inLanguage":"gl-ES","potentialAction":[{"@type":"ReadAction","target":["https:\/\/adoa.es\/producto\/arqueta-redonda\/"]}]},{"@type":"ImageObject","inLanguage":"gl-ES","@id":"https:\/\/adoa.es\/producto\/arqueta-redonda\/#primaryimage","url":"https:\/\/adoa.es\/wp-content\/uploads\/2017\/09\/Arqueta.jpg","contentUrl":"https:\/\/adoa.es\/wp-content\/uploads\/2017\/09\/Arqueta.jpg","width":800,"height":800},{"@type":"BreadcrumbList","@id":"https:\/\/adoa.es\/producto\/arqueta-redonda\/#breadcrumb","itemListElement":[{"@type":"ListItem","position":1,"name":"Portada","item":"https:\/\/adoa.es\/gl\/"},{"@type":"ListItem","position":2,"name":"Tienda","item":"https:\/\/adoa.es\/tienda\/"},{"@type":"ListItem","position":3,"name":"Arqueta redonda"}]},{"@type":"WebSite","@id":"https:\/\/adoa.es\/gl\/#website","url":"https:\/\/adoa.es\/gl\/","name":"Adoa","description":"Centros de Xardiner\u00eda","potentialAction":[{"@type":"SearchAction","target":{"@type":"EntryPoint","urlTemplate":"https:\/\/adoa.es\/gl\/?s={search_term_string}"},"query-input":{"@type":"PropertyValueSpecification","valueRequired":true,"valueName":"search_term_string"}}],"inLanguage":"gl-ES"}]}},"_links":{"self":[{"href":"https:\/\/adoa.es\/gl\/wp-json\/wp\/v2\/product\/1160","targetHints":{"allow":["GET"]}}],"collection":[{"href":"https:\/\/adoa.es\/gl\/wp-json\/wp\/v2\/product"}],"about":[{"href":"https:\/\/adoa.es\/gl\/wp-json\/wp\/v2\/types\/product"}],"wp:featuredmedia":[{"embeddable":true,"href":"https:\/\/adoa.es\/gl\/wp-json\/wp\/v2\/media\/1161"}],"wp:attachment":[{"href":"https:\/\/adoa.es\/gl\/wp-json\/wp\/v2\/media?parent=1160"}],"wp:term":[{"taxonomy":"product_brand","embeddable":true,"href":"https:\/\/adoa.es\/gl\/wp-json\/wp\/v2\/product_brand?post=1160"},{"taxonomy":"product_cat","embeddable":true,"href":"https:\/\/adoa.es\/gl\/wp-json\/wp\/v2\/product_cat?post=1160"},{"taxonomy":"product_tag","embeddable":true,"href":"https:\/\/adoa.es\/gl\/wp-json\/wp\/v2\/product_tag?post=1160"}],"curies":[{"name":"wp","href":"https:\/\/api.w.org\/{rel}","templated":true}]}}