{"id":1506,"date":"2018-02-06T10:48:58","date_gmt":"2018-02-06T10:48:58","guid":{"rendered":"https:\/\/adoa.es\/politica-de-privacidad\/"},"modified":"2018-02-08T16:54:53","modified_gmt":"2018-02-08T16:54:53","slug":"politica-de-privacidade","status":"publish","type":"page","link":"https:\/\/adoa.es\/gl\/politica-de-privacidade\/","title":{"rendered":"Pol\u00edtica de Privacidade"},"content":{"rendered":"<ol>\n<li><strong>INFORMACI\u00d3N AO USUARIO<\/strong><\/li>\n<\/ol>\n<p>VIVEIROS ADOA S.L., \u00e9 o Responsable do tratamento dos datos persoais do Usuario e lle informa que estes datos ser\u00e1n tratados de conformidade co disposto nas normativas vixentes en protecci\u00f3n de datos persoais, o Regulamento (UE) 2016\/679 de 27 de abril de 2016 (GDPR) relativo a protecci\u00f3n das persoas f\u00edsicas en o que respecta ao tratamento de datos persoais e a libre circulaci\u00f3n destes datos e a Lei Org\u00e1nica (ES) 15\/1999 de 13 de decembro (LOPD) relativa a protecci\u00f3n de datos de car\u00e1cter persoal, polo que se lle facilita a seguinte informaci\u00f3n do tratamento:<\/p>\n<p><strong>Fin do tratamento<\/strong>: manter unha relaci\u00f3n comercial co Usuario. As operaci\u00f3ns previstas para realizalo tratamento son:<\/p>\n<ul>\n<li>Remisi\u00f3n de comunicaci\u00f3ns comerciais publicitarias por email, fax, SMS, MMS, comunidades sociais o calquera outro medio electr\u00f3nico ou f\u00edsico, presente ou futuro, que posibilite realizar comunicaci\u00f3ns comerciais. Estas comunicaci\u00f3ns ser\u00e1n realizadas por VIVEIROS ADOA S.L. e relacionadas sobre os seus produtos e servizos, ou dos seus colaboradores ou provedores cos que este alcanzase alg\u00fan acordo de promoci\u00f3n. Neste caso, os terceiros nunca ter\u00e1n acceso aos datos persoais.<\/li>\n<li>Realizar estudios estat\u00edsticos.<\/li>\n<li>Tramitar encargos, solicitudes o calquera tipo de petici\u00f3n que sexa realizada polo usuario a trav\u00e9s de calquera das formas de contacto que se po\u00f1en a s\u00faa disposici\u00f3n.<\/li>\n<li>Remitir o bolet\u00edn de noticias da p\u00e1xina web.<\/li>\n<\/ul>\n<p><strong>Criterios de conservaci\u00f3n dos datos:<\/strong> conservaranse\u00a0 mentres exista un interese mutuo para manter o fin do tratamento e cando xa non sexa necesario para tal fin, se suprimir\u00e1n con medidas de seguridade adecuadas para garantir a seudonimizaci\u00f3n dos datos ou a destruci\u00f3n total dos mesmos.<\/p>\n<p><strong>Comunicaci\u00f3n de los datos:<\/strong> Non se comunicar\u00e1n os datos a terceiros, salvo obriga legal.<\/p>\n<p><strong>Dereitos que asisten ao Usuario:<\/strong><\/p>\n<ul>\n<li>Dereito a retirar o consentimento en calquera momento.<\/li>\n<li>Dereito de acceso, rectificaci\u00f3n, portabilidade e supresi\u00f3n dos datos e a limitaci\u00f3n u oposici\u00f3n o seu tratamento.<\/li>\n<li>Dereito a presentar unha reclamaci\u00f3n ante a autoridade de control (agpd.es) si considera que o tratamento non se axusta a normativa vixente.<\/li>\n<\/ul>\n<p><strong>Datos de contacto para exercer seus dereitos:<\/strong><\/p>\n<p>Direcci\u00f3n postal: VIVEIROS ADOA S.L. ESTRADA DAS PLANTAS-SUBIDA A UNIVERSIDADE DE VIGO, S\/N 36416 TAMEIGA-MOS (PONTEVEDRA)<\/p>\n<p>Direcci\u00f3n electr\u00f3nica: <a href=\"mailto:tenda@adoa.es\">tenda@adoa.es<\/a><\/p>\n<ol start=\"2\">\n<li><strong>CAR\u00c1CTER OBRIGATORIO OU FACULTATIVO DA INFORMACI\u00d3N FACILITADA POLO USUARIO<\/strong><\/li>\n<\/ol>\n<p>Os Usuarios, mediante a marcaci\u00f3n das casi\u00f1as correspondentes e entrada de datos nos campos, marcados con un asterisco (*) no formulario de contacto ou presentados en formularios de descarga, aceptan expresamente e de forma libre e inequ\u00edvoca, que os seus datos son necesarios para atender a s\u00faa petici\u00f3n, por parte do prestador, sendo voluntaria a inclusi\u00f3n de datos nos campos restantes. O Usuario garante que os datos persoais facilitados a VIVEIROS ADOA S.L. son veraces e faise responsable de comunicar calquera modificaci\u00f3n dos mesmos.<\/p>\n<p>VIVEIROS ADOA S.L. informa e garante expresamente aos usuarios que os seus datos persoais non ser\u00e1n cedidos en ning\u00fan caso a terceiros, e que sempre que realizara alg\u00fan tipo de cesi\u00f3n de datos persoais, se pedir\u00e1 previamente o consentimento expreso, informado e inequ\u00edvoco por parte dos Usuarios. T\u00f3dolos datos solicitados a trav\u00e9s do sitio web son obrigatorios, xa que son necesarios para la prestaci\u00f3n dun servizo \u00f3ptimo ao Usuario. No caso de que non sexan facilitados t\u00f3dolos datos, non se garante que a informaci\u00f3n e servizos facilitados sexan completamente axustados as s\u00faas necesidades.<\/p>\n<ol start=\"3\">\n<li><strong>MEDIDAS DE SEGURIDADE <\/strong><\/li>\n<\/ol>\n<p>Que de conformidade co disposto nas normativas vixentes en protecci\u00f3n de datos persoais, VIVEIROS ADOA S.L. est\u00e1 cumprindo con t\u00f3dalas disposici\u00f3ns das normativas GDPR y LOPD para o tratamento dos datos persoais da s\u00faa responsabilidade, e manifestamente cos principios descritos no artigo 5 del GDPR e no artigo 4 de la LOPD, polos cales son tratados de maneira l\u00edcita, leal e transparente en relaci\u00f3n co interesado e adecuados, pertinentes e limitados ao necesario en relaci\u00f3n cos fins para os que son tratados.<\/p>\n<p>VIVEIROS ADOA S.L. garante que implementou pol\u00edticas t\u00e9cnicas e organizativas apropiadas para aplicalas medidas de seguridade que establecen o GDPR e a LOPD co fin de protexer os dereitos e liberdades dos Usuarios e lles comunicou a informaci\u00f3n adecuada para que poidan exercelos.<\/p>\n<p>&nbsp;<\/p>\n<p>&nbsp;<\/p>\n","protected":false},"excerpt":{"rendered":"<p>INFORMACI\u00d3N AO USUARIO VIVEIROS ADOA S.L., \u00e9 o Responsable do tratamento dos datos persoais do Usuario e lle informa que estes datos ser\u00e1n tratados de conformidade co disposto nas normativas vixentes en protecci\u00f3n de datos persoais, o Regulamento (UE) 2016\/679 de 27 de abril de 2016 (GDPR) relativo a protecci\u00f3n das persoas f\u00edsicas en o [&hellip;]<\/p>\n","protected":false},"author":1,"featured_media":0,"parent":0,"menu_order":0,"comment_status":"closed","ping_status":"closed","template":"","meta":{"footnotes":""},"class_list":["post-1506","page","type-page","status-publish","hentry"],"yoast_head":"<!-- This site is optimized with the Yoast SEO plugin v25.8 - https:\/\/yoast.com\/wordpress\/plugins\/seo\/ -->\n<title>Pol\u00edtica de Privacidade - Adoa<\/title>\n<meta name=\"robots\" content=\"index, follow, max-snippet:-1, max-image-preview:large, max-video-preview:-1\" \/>\n<link rel=\"canonical\" href=\"https:\/\/adoa.es\/gl\/politica-de-privacidade\/\" \/>\n<meta name=\"twitter:label1\" content=\"Tempo de lectura\" \/>\n\t<meta name=\"twitter:data1\" content=\"4 minutos\" \/>\n<script type=\"application\/ld+json\" class=\"yoast-schema-graph\">{\"@context\":\"https:\/\/schema.org\",\"@graph\":[{\"@type\":\"WebPage\",\"@id\":\"https:\/\/adoa.es\/gl\/politica-de-privacidade\/\",\"url\":\"https:\/\/adoa.es\/gl\/politica-de-privacidade\/\",\"name\":\"Pol\u00edtica de Privacidade - Adoa\",\"isPartOf\":{\"@id\":\"https:\/\/adoa.es\/gl\/#website\"},\"datePublished\":\"2018-02-06T10:48:58+00:00\",\"dateModified\":\"2018-02-08T16:54:53+00:00\",\"breadcrumb\":{\"@id\":\"https:\/\/adoa.es\/gl\/politica-de-privacidade\/#breadcrumb\"},\"inLanguage\":\"gl-ES\",\"potentialAction\":[{\"@type\":\"ReadAction\",\"target\":[\"https:\/\/adoa.es\/gl\/politica-de-privacidade\/\"]}]},{\"@type\":\"BreadcrumbList\",\"@id\":\"https:\/\/adoa.es\/gl\/politica-de-privacidade\/#breadcrumb\",\"itemListElement\":[{\"@type\":\"ListItem\",\"position\":1,\"name\":\"Portada\",\"item\":\"https:\/\/adoa.es\/gl\/\"},{\"@type\":\"ListItem\",\"position\":2,\"name\":\"Pol\u00edtica de Privacidade\"}]},{\"@type\":\"WebSite\",\"@id\":\"https:\/\/adoa.es\/gl\/#website\",\"url\":\"https:\/\/adoa.es\/gl\/\",\"name\":\"Adoa\",\"description\":\"Centros de Xardiner\u00eda\",\"potentialAction\":[{\"@type\":\"SearchAction\",\"target\":{\"@type\":\"EntryPoint\",\"urlTemplate\":\"https:\/\/adoa.es\/gl\/?s={search_term_string}\"},\"query-input\":{\"@type\":\"PropertyValueSpecification\",\"valueRequired\":true,\"valueName\":\"search_term_string\"}}],\"inLanguage\":\"gl-ES\"}]}<\/script>\n<!-- \/ Yoast SEO plugin. -->","yoast_head_json":{"title":"Pol\u00edtica de Privacidade - Adoa","robots":{"index":"index","follow":"follow","max-snippet":"max-snippet:-1","max-image-preview":"max-image-preview:large","max-video-preview":"max-video-preview:-1"},"canonical":"https:\/\/adoa.es\/gl\/politica-de-privacidade\/","twitter_misc":{"Tempo de lectura":"4 minutos"},"schema":{"@context":"https:\/\/schema.org","@graph":[{"@type":"WebPage","@id":"https:\/\/adoa.es\/gl\/politica-de-privacidade\/","url":"https:\/\/adoa.es\/gl\/politica-de-privacidade\/","name":"Pol\u00edtica de Privacidade - Adoa","isPartOf":{"@id":"https:\/\/adoa.es\/gl\/#website"},"datePublished":"2018-02-06T10:48:58+00:00","dateModified":"2018-02-08T16:54:53+00:00","breadcrumb":{"@id":"https:\/\/adoa.es\/gl\/politica-de-privacidade\/#breadcrumb"},"inLanguage":"gl-ES","potentialAction":[{"@type":"ReadAction","target":["https:\/\/adoa.es\/gl\/politica-de-privacidade\/"]}]},{"@type":"BreadcrumbList","@id":"https:\/\/adoa.es\/gl\/politica-de-privacidade\/#breadcrumb","itemListElement":[{"@type":"ListItem","position":1,"name":"Portada","item":"https:\/\/adoa.es\/gl\/"},{"@type":"ListItem","position":2,"name":"Pol\u00edtica de Privacidade"}]},{"@type":"WebSite","@id":"https:\/\/adoa.es\/gl\/#website","url":"https:\/\/adoa.es\/gl\/","name":"Adoa","description":"Centros de Xardiner\u00eda","potentialAction":[{"@type":"SearchAction","target":{"@type":"EntryPoint","urlTemplate":"https:\/\/adoa.es\/gl\/?s={search_term_string}"},"query-input":{"@type":"PropertyValueSpecification","valueRequired":true,"valueName":"search_term_string"}}],"inLanguage":"gl-ES"}]}},"_links":{"self":[{"href":"https:\/\/adoa.es\/gl\/wp-json\/wp\/v2\/pages\/1506","targetHints":{"allow":["GET"]}}],"collection":[{"href":"https:\/\/adoa.es\/gl\/wp-json\/wp\/v2\/pages"}],"about":[{"href":"https:\/\/adoa.es\/gl\/wp-json\/wp\/v2\/types\/page"}],"author":[{"embeddable":true,"href":"https:\/\/adoa.es\/gl\/wp-json\/wp\/v2\/users\/1"}],"replies":[{"embeddable":true,"href":"https:\/\/adoa.es\/gl\/wp-json\/wp\/v2\/comments?post=1506"}],"version-history":[{"count":3,"href":"https:\/\/adoa.es\/gl\/wp-json\/wp\/v2\/pages\/1506\/revisions"}],"predecessor-version":[{"id":1638,"href":"https:\/\/adoa.es\/gl\/wp-json\/wp\/v2\/pages\/1506\/revisions\/1638"}],"wp:attachment":[{"href":"https:\/\/adoa.es\/gl\/wp-json\/wp\/v2\/media?parent=1506"}],"curies":[{"name":"wp","href":"https:\/\/api.w.org\/{rel}","templated":true}]}}