{"id":1487,"date":"2018-02-05T16:13:42","date_gmt":"2018-02-05T16:13:42","guid":{"rendered":"https:\/\/adoa.es\/empresa\/"},"modified":"2021-11-15T20:13:33","modified_gmt":"2021-11-15T19:13:33","slug":"empresa","status":"publish","type":"page","link":"https:\/\/adoa.es\/gl\/empresa\/","title":{"rendered":"Empresa"},"content":{"rendered":"<div id='full_slider_1'  class='avia-fullwidth-slider main_color avia-shadow   avia-builder-el-0  el_before_av_section  avia-builder-el-first   container_wrap sidebar_right'  ><div  class='avia-slideshow av-k6nsov-9c3d34bd220277426091ebc91cacc07a avia-slideshow-featured av_slideshow_full avia-slide-slider av-slideshow-ui av-control-minimal av-slideshow-autoplay av-loop-endless av-loop-manual-endless av-default-height-applied   avia-slideshow-1' data-slideshow-options=\"{&quot;animation&quot;:&quot;slide&quot;,&quot;autoplay&quot;:true,&quot;loop_autoplay&quot;:&quot;endless&quot;,&quot;interval&quot;:7,&quot;loop_manual&quot;:&quot;manual-endless&quot;,&quot;autoplay_stopper&quot;:false,&quot;noNavigation&quot;:false,&quot;bg_slider&quot;:false,&quot;keep_padding&quot;:false,&quot;hoverpause&quot;:false,&quot;show_slide_delay&quot;:0}\"  itemprop=\"image\" itemscope=\"itemscope\" itemtype=\"https:\/\/schema.org\/ImageObject\" ><ul class='avia-slideshow-inner ' style='padding-bottom: 35.833333333333%;'><li  class='avia-slideshow-slide av-k6nsov-9c3d34bd220277426091ebc91cacc07a__0  av-single-slide slide-1 slide-odd'><div data-rel='slideshow-1' class='avia-slide-wrap '   ><img decoding=\"async\" fetchpriority=\"high\" class=\"wp-image-3757 avia-img-lazy-loading-not-3757\"  src=\"https:\/\/adoa.es\/wp-content\/uploads\/2021\/11\/Adoa-estanque-1-1200x430.jpg\" width=\"1200\" height=\"430\" title='Adoa-estanque' alt=''  itemprop=\"thumbnailUrl\"   \/><\/div><\/li><\/ul><\/div><\/div>\n<div id='av_section_1'  class='avia-section av-eguw0f-33ef4044bf62b9759d1abae5ba4b76fa main_color avia-section-default avia-no-border-styling  avia-builder-el-1  el_after_av_slideshow_full  avia-builder-el-last  avia-bg-style-scroll container_wrap sidebar_right'  ><div class='container av-section-cont-open' ><div class='template-page content  av-content-small alpha units'><div class='post-entry post-entry-type-page post-entry-1487'><div class='entry-content-wrapper clearfix'>\n\n<style type=\"text\/css\" data-created_by=\"avia_inline_auto\" id=\"style-css-av-17ie1b-7ce88a6f843497ce1ae69a3a5e7aa121\">\n.flex_column.av-17ie1b-7ce88a6f843497ce1ae69a3a5e7aa121{\nborder-radius:0px 0px 0px 0px;\npadding:0px 0px 0px 0px;\n}\n<\/style>\n<div  class='flex_column av-17ie1b-7ce88a6f843497ce1ae69a3a5e7aa121 av_one_half  avia-builder-el-2  el_before_av_one_half  avia-builder-el-first  first flex_column_div av-zero-column-padding  '     ><p>\n<style type=\"text\/css\" data-created_by=\"avia_inline_auto\" id=\"style-css-av-aosp4v-2218d177f2a206503f13adc768965550\">\n#top .av-special-heading.av-aosp4v-2218d177f2a206503f13adc768965550{\npadding-bottom:0;\n}\nbody .av-special-heading.av-aosp4v-2218d177f2a206503f13adc768965550 .av-special-heading-tag .heading-char{\nfont-size:25px;\n}\n.av-special-heading.av-aosp4v-2218d177f2a206503f13adc768965550 .av-subheading{\nfont-size:15px;\n}\n<\/style>\n<div  class='av-special-heading av-aosp4v-2218d177f2a206503f13adc768965550 av-special-heading-h3 blockquote modern-quote  avia-builder-el-3  el_before_av_textblock  avia-builder-el-first '><h3 class='av-special-heading-tag '  itemprop=\"headline\"  >EXPERIENCIA<\/h3><div class=\"special-heading-border\"><div class=\"special-heading-inner-border\"><\/div><\/div><\/div><br \/>\n<section  class='av_textblock_section av-9ngti7-0a8bf344f9fcb1c0671601aa9adf2161 '   itemscope=\"itemscope\" itemtype=\"https:\/\/schema.org\/CreativeWork\" ><div class='avia_textblock'  itemprop=\"text\" ><p><strong>ADOA<\/strong> \u00e9 unha empresa con m\u00e1is de vinte e cinco anos de antig\u00fcidade no sector. Iniciou a s\u00faa actividade en Sangui\u00f1eda &#8211; Mos e foi transform\u00e1ndose e adecu\u00e1ndose aos tempos ata constitu\u00edr o que \u00e9 hoxe en d\u00eda, unha empresa consolidada no sector que iniciou o seu cami\u00f1o no ano 1997 baixo a forma xur\u00eddica de sociedade limitada.<\/p>\n<\/div><\/section><\/p><\/div>\n<style type=\"text\/css\" data-created_by=\"avia_inline_auto\" id=\"style-css-av-747xbz-50f67d995f6dc63cdc1d5306c92573a0\">\n.flex_column.av-747xbz-50f67d995f6dc63cdc1d5306c92573a0{\nborder-radius:0px 0px 0px 0px;\npadding:0px 0px 0px 0px;\n}\n<\/style>\n<div  class='flex_column av-747xbz-50f67d995f6dc63cdc1d5306c92573a0 av_one_half  avia-builder-el-5  el_after_av_one_half  el_before_av_one_full  flex_column_div av-zero-column-padding  '     ><p>\n<style type=\"text\/css\" data-created_by=\"avia_inline_auto\" id=\"style-css-av-6dd28f-6bafb1ab2756bcaab0e7dace369c8361\">\n#top .av-special-heading.av-6dd28f-6bafb1ab2756bcaab0e7dace369c8361{\npadding-bottom:0;\n}\nbody .av-special-heading.av-6dd28f-6bafb1ab2756bcaab0e7dace369c8361 .av-special-heading-tag .heading-char{\nfont-size:25px;\n}\n.av-special-heading.av-6dd28f-6bafb1ab2756bcaab0e7dace369c8361 .av-subheading{\nfont-size:15px;\n}\n<\/style>\n<div  class='av-special-heading av-6dd28f-6bafb1ab2756bcaab0e7dace369c8361 av-special-heading-h3 blockquote modern-quote  avia-builder-el-6  el_before_av_textblock  avia-builder-el-first '><h3 class='av-special-heading-tag '  itemprop=\"headline\"  >INSTALACI\u00d3NS<\/h3><div class=\"special-heading-border\"><div class=\"special-heading-inner-border\"><\/div><\/div><\/div><br \/>\n<section  class='av_textblock_section av-3qdztb-c57a6fff34bcb06a39ede1072401fad5 '   itemscope=\"itemscope\" itemtype=\"https:\/\/schema.org\/CreativeWork\" ><div class='avia_textblock'  itemprop=\"text\" ><p>Na actualidade pos\u00fae <strong>un centro situado nas proximidades da cidade de Vigo, cuxa superficie total supera os 11.000 m2<\/strong>. Nas s\u00faas instalaci\u00f3ns real\u00edzase o ciclo completo de produci\u00f3n, crecemento e venda; ofr\u00e9cese todo aquilo relacionado coa xardiner\u00eda, o paisaxismo, o campo e o fogar, dende un cacto a unha oliveira de 1.000 anos de antig\u00fcidade, e un servizo integral de dese\u00f1o, direcci\u00f3n e execuci\u00f3n de proxectos.<\/p>\n<\/div><\/section><\/p><\/div>\n<style type=\"text\/css\" data-created_by=\"avia_inline_auto\" id=\"style-css-av-2bz0b3-d1a66bbb489657478272f0ef8ce9ff0e\">\n.flex_column.av-2bz0b3-d1a66bbb489657478272f0ef8ce9ff0e{\nborder-radius:5px 5px 5px 5px;\npadding:35px 35px 35px 35px;\nbackground-color:#1a6665;\n}\n<\/style>\n<div  class='flex_column av-2bz0b3-d1a66bbb489657478272f0ef8ce9ff0e av_one_full  avia-builder-el-8  el_after_av_one_half  avia-builder-el-last  first flex_column_div  column-top-margin'     ><style type=\"text\/css\" data-created_by=\"avia_inline_auto\" id=\"style-css-av-kvwq1eh2-ef9e14061f3885fe0caae3071c962264\">\n#top .av_textblock_section.av-kvwq1eh2-ef9e14061f3885fe0caae3071c962264 .avia_textblock{\nfont-size:16px;\ncolor:#ffffff;\n}\n<\/style>\n<section  class='av_textblock_section av-kvwq1eh2-ef9e14061f3885fe0caae3071c962264 '   itemscope=\"itemscope\" itemtype=\"https:\/\/schema.org\/CreativeWork\" ><div class='avia_textblock av_inherit_color'  itemprop=\"text\" ><p>O persoal de ADOA est\u00e1 composto por persoas altamente cualificadas: enxe\u00f1eiros, enxe\u00f1eiros agr\u00f3nomos, paisajistas, dese\u00f1adores, especialistas en sistemas de rega, oficiais floristas, etc. Profesionais que ofrecen sempre unha esmerada atenci\u00f3n ao cliente.<\/p>\n<\/div><\/section><\/div>\n<\/div><\/div><\/div><!-- close content main div --><\/div><\/div><div id='after_section_1'  class='main_color av_default_container_wrap container_wrap sidebar_right'  ><div class='container av-section-cont-open' ><div class='template-page content  av-content-small alpha units'><div class='post-entry post-entry-type-page post-entry-1487'><div class='entry-content-wrapper clearfix'>\n","protected":false},"excerpt":{"rendered":"","protected":false},"author":1,"featured_media":0,"parent":0,"menu_order":0,"comment_status":"closed","ping_status":"closed","template":"","meta":{"footnotes":""},"class_list":["post-1487","page","type-page","status-publish","hentry"],"yoast_head":"<!-- This site is optimized with the Yoast SEO plugin v25.8 - https:\/\/yoast.com\/wordpress\/plugins\/seo\/ -->\n<title>Empresa - Adoa<\/title>\n<meta name=\"robots\" content=\"index, follow, max-snippet:-1, max-image-preview:large, max-video-preview:-1\" \/>\n<link rel=\"canonical\" href=\"https:\/\/adoa.es\/gl\/empresa\/\" \/>\n<meta name=\"twitter:label1\" content=\"Tempo de lectura\" \/>\n\t<meta name=\"twitter:data1\" content=\"4 minutos\" \/>\n<script type=\"application\/ld+json\" class=\"yoast-schema-graph\">{\"@context\":\"https:\/\/schema.org\",\"@graph\":[{\"@type\":\"WebPage\",\"@id\":\"https:\/\/adoa.es\/gl\/empresa\/\",\"url\":\"https:\/\/adoa.es\/gl\/empresa\/\",\"name\":\"Empresa - Adoa\",\"isPartOf\":{\"@id\":\"https:\/\/adoa.es\/gl\/#website\"},\"datePublished\":\"2018-02-05T16:13:42+00:00\",\"dateModified\":\"2021-11-15T19:13:33+00:00\",\"breadcrumb\":{\"@id\":\"https:\/\/adoa.es\/gl\/empresa\/#breadcrumb\"},\"inLanguage\":\"gl-ES\",\"potentialAction\":[{\"@type\":\"ReadAction\",\"target\":[\"https:\/\/adoa.es\/gl\/empresa\/\"]}]},{\"@type\":\"BreadcrumbList\",\"@id\":\"https:\/\/adoa.es\/gl\/empresa\/#breadcrumb\",\"itemListElement\":[{\"@type\":\"ListItem\",\"position\":1,\"name\":\"Portada\",\"item\":\"https:\/\/adoa.es\/gl\/\"},{\"@type\":\"ListItem\",\"position\":2,\"name\":\"Empresa\"}]},{\"@type\":\"WebSite\",\"@id\":\"https:\/\/adoa.es\/gl\/#website\",\"url\":\"https:\/\/adoa.es\/gl\/\",\"name\":\"Adoa\",\"description\":\"Centros de Xardiner\u00eda\",\"potentialAction\":[{\"@type\":\"SearchAction\",\"target\":{\"@type\":\"EntryPoint\",\"urlTemplate\":\"https:\/\/adoa.es\/gl\/?s={search_term_string}\"},\"query-input\":{\"@type\":\"PropertyValueSpecification\",\"valueRequired\":true,\"valueName\":\"search_term_string\"}}],\"inLanguage\":\"gl-ES\"}]}<\/script>\n<!-- \/ Yoast SEO plugin. -->","yoast_head_json":{"title":"Empresa - Adoa","robots":{"index":"index","follow":"follow","max-snippet":"max-snippet:-1","max-image-preview":"max-image-preview:large","max-video-preview":"max-video-preview:-1"},"canonical":"https:\/\/adoa.es\/gl\/empresa\/","twitter_misc":{"Tempo de lectura":"4 minutos"},"schema":{"@context":"https:\/\/schema.org","@graph":[{"@type":"WebPage","@id":"https:\/\/adoa.es\/gl\/empresa\/","url":"https:\/\/adoa.es\/gl\/empresa\/","name":"Empresa - Adoa","isPartOf":{"@id":"https:\/\/adoa.es\/gl\/#website"},"datePublished":"2018-02-05T16:13:42+00:00","dateModified":"2021-11-15T19:13:33+00:00","breadcrumb":{"@id":"https:\/\/adoa.es\/gl\/empresa\/#breadcrumb"},"inLanguage":"gl-ES","potentialAction":[{"@type":"ReadAction","target":["https:\/\/adoa.es\/gl\/empresa\/"]}]},{"@type":"BreadcrumbList","@id":"https:\/\/adoa.es\/gl\/empresa\/#breadcrumb","itemListElement":[{"@type":"ListItem","position":1,"name":"Portada","item":"https:\/\/adoa.es\/gl\/"},{"@type":"ListItem","position":2,"name":"Empresa"}]},{"@type":"WebSite","@id":"https:\/\/adoa.es\/gl\/#website","url":"https:\/\/adoa.es\/gl\/","name":"Adoa","description":"Centros de Xardiner\u00eda","potentialAction":[{"@type":"SearchAction","target":{"@type":"EntryPoint","urlTemplate":"https:\/\/adoa.es\/gl\/?s={search_term_string}"},"query-input":{"@type":"PropertyValueSpecification","valueRequired":true,"valueName":"search_term_string"}}],"inLanguage":"gl-ES"}]}},"_links":{"self":[{"href":"https:\/\/adoa.es\/gl\/wp-json\/wp\/v2\/pages\/1487","targetHints":{"allow":["GET"]}}],"collection":[{"href":"https:\/\/adoa.es\/gl\/wp-json\/wp\/v2\/pages"}],"about":[{"href":"https:\/\/adoa.es\/gl\/wp-json\/wp\/v2\/types\/page"}],"author":[{"embeddable":true,"href":"https:\/\/adoa.es\/gl\/wp-json\/wp\/v2\/users\/1"}],"replies":[{"embeddable":true,"href":"https:\/\/adoa.es\/gl\/wp-json\/wp\/v2\/comments?post=1487"}],"version-history":[{"count":6,"href":"https:\/\/adoa.es\/gl\/wp-json\/wp\/v2\/pages\/1487\/revisions"}],"predecessor-version":[{"id":3756,"href":"https:\/\/adoa.es\/gl\/wp-json\/wp\/v2\/pages\/1487\/revisions\/3756"}],"wp:attachment":[{"href":"https:\/\/adoa.es\/gl\/wp-json\/wp\/v2\/media?parent=1487"}],"curies":[{"name":"wp","href":"https:\/\/api.w.org\/{rel}","templated":true}]}}