{"id":1468,"date":"2018-02-06T10:48:46","date_gmt":"2018-02-06T10:48:46","guid":{"rendered":"https:\/\/adoa.es\/aviso-legal\/"},"modified":"2018-02-08T16:53:48","modified_gmt":"2018-02-08T16:53:48","slug":"aviso-legal","status":"publish","type":"page","link":"https:\/\/adoa.es\/gl\/aviso-legal\/","title":{"rendered":"Aviso Legal"},"content":{"rendered":"<p><strong>LEI DOS SERVICIOS DA SOCIEDADE DA INFORMACI\u00d3N (LSSI)<\/strong><\/p>\n<p>VIVEIROS ADOA S.L., responsable do sitio web, pon a disposici\u00f3n dos usuarios o presente documento, co que pretende dar cumprimento as obrigas dispostas na Lei 34\/2002, de 11 de xullo, de Servizos da Sociedade da Informaci\u00f3n e de Comercio Electr\u00f3nico (LSSICE), BOE N\u00ba166, as\u00ed como informar a t\u00f3dolos usuarios do sitio web respecto os cales son as condici\u00f3n de uso.<\/p>\n<p>Toda persoa que acceda a este sitio web asume o papel de usuario, compromet\u00e9ndose a observancia e cumprimento rigoroso das disposici\u00f3ns aqu\u00ed dispostas, as\u00ed como a calquera outra disposici\u00f3n legal que fora de aplicaci\u00f3n.<\/p>\n<p>VIVEIROS ADOA S.L. se reserva o dereito de modificar calquera tipo de informaci\u00f3n que puidera aparecer no sitio web, sen que exista obriga de preavisar ou po\u00f1er en co\u00f1ecemento dos usuarios ditas obrigas, entend\u00e9ndose como suficiente ca publicaci\u00f3n no sitio web de VIVEIROS ADOA S.L.<\/p>\n<ol>\n<li><strong>DATOS IDENTIFICATIVOS<\/strong><\/li>\n<\/ol>\n<p>Nome de dominio: <a href=\"http:\/\/www.viveirosadoa.com\/\">http:\/\/www.viveirosadoa.com\/<\/a><\/p>\n<p>Nome comercial: VIVEIROS ADOA<\/p>\n<p>Denominaci\u00f3n social: VIVEIROS ADOA S.L.<\/p>\n<p>NIF: B36300564<\/p>\n<p>Domicilio social: ESTRADA DAS PLANTAS-SUBIDA A UNIVERSIDADE DE VIGO s\/n TAMEIGA-MOS C.P.: 36416<\/p>\n<p>Tel\u00e9fono: 986281932<\/p>\n<p>e-mail: <a href=\"mailto:tienda@adoa.es\">tienda@adoa.es<\/a><\/p>\n<p>Inscrita en el Rexistro (Mercantil \/ P\u00fablico): PONTEVEDRA \u2013 LIBRO 2058 \u2013 FOLIO 69 n.\u00ba8 \u2013 FOLLA PO 20626<\/p>\n<p><strong>\u00a0<\/strong><\/p>\n<ol start=\"2\">\n<li><strong>DEREITOS DE PROPIEDADE INTELECTUAL E INDUSTRIAL <\/strong><\/li>\n<\/ol>\n<p>O sitio web, inclu\u00edndo a t\u00edtulo enunciativo pero non limitativo a s\u00faa programaci\u00f3n, edici\u00f3n, compilaci\u00f3n e demais elementos necesarios para o seu funcionamento, os dese\u00f1os, logotipos, textos e\/ou gr\u00e1ficos, son propiedade de VIVEIROS ADOA S.L. ou, se e o caso, disp\u00f3n de licenza ou autorizaci\u00f3n expresa por parte dos autores. T\u00f3dolos contidos do sitio web se encontran debidamente protexidos pola normativa da propiedade intelectual e industrial, as\u00ed como inscritos nos rexistros p\u00fablicos correspondentes.<\/p>\n<p>Independentemente da finalidade para a que foran destinados, a reproduci\u00f3n total ou parcial, uso, explotaci\u00f3n, distribuci\u00f3n e comercializaci\u00f3n, require en todo caso da autorizaci\u00f3n escrita previa por parte de VIVEIROS ADOA S.L. Calquera uso non autorizado previamente se considera un incumprimento grave dos dereitos da propiedade intelectual ou industrial do autor.<\/p>\n<p>Os dese\u00f1os, logotipos, texto e\/ou gr\u00e1ficos alleos a VIVEIROS ADOA, S.L. e que puideran aparecer no sitio web, pertencen os seus respectivos propietarios, sendo eles mesmos responsables de calquera posible controversia que puidera suscitarse respecto os mesmos . VIVEIROS ADOA S.L. autoriza expresamente a que terceiros puideran redir\u00edxese o sitio web principal de <a href=\"http:\/\/www.viveirosadoa.com\/\">http:\/\/www.viveirosadoa.com\/<\/a>.<\/p>\n<p>VIVEIROS ADOA S.L. reco\u00f1ece a favor dos seus titulares os correspondentes dereitos de propiedade intelectual e industrial, non implicando a s\u00faa sola menci\u00f3n ou participaci\u00f3n no sitio web a existencia de dereitos ou responsabilidade algunha sobre os mesmos, como tampouco respaldo, patrocinio ou recomendaci\u00f3n por parte do mesmo.<\/p>\n<p>Para realizar calquera tipo de observaci\u00f3n o posibles incumprimentos dos dereitos de propiedade intelectual ou industrial, as\u00ed como sobre calquera dos contidos do sitio web, pode facelo a trav\u00e9s do correo electr\u00f3nico <a href=\"mailto:tienda@adoa.es\">tienda@adoa.es<\/a>.<\/p>\n<p><strong>\u00a0<\/strong><\/p>\n<ol start=\"3\">\n<li><strong>EXENCI\u00d3N DE RESPONSABILIDADES <\/strong><\/li>\n<\/ol>\n<p>VIVEIROS ADOA S.L. ex\u00edmese de calquera tipo de responsabilidade derivada da informaci\u00f3n publicada no seu sitio web sempre que esta informaci\u00f3n fora manipulada ou introducida por un terceiro alleo o mesmo.<\/p>\n<p><strong>Uso de Cookies <\/strong><\/p>\n<p>Este sitio web pode utilizar cookies t\u00e9cnicas (pequenos arquivos de informaci\u00f3n que o servidor env\u00eda ao ordenador de quen accede a p\u00e1xina) para levar a cabo determinadas funci\u00f3ns que con consideradas imprescindibles para o correcto funcionamento e visualizaci\u00f3n do sitio. As cookies utilizadas te\u00f1en en todo caso, car\u00e1cter temporal, coa \u00fanica finalidade de facer m\u00e1is eficaz a navegaci\u00f3n, e desaparecen ao terminar a sesi\u00f3n do usuario. En ning\u00fan caso, estas cookies proporcionan por si mesmas datos de car\u00e1cter persoal e non se utilizar\u00e1n para a recollida dos mesmos.<\/p>\n<p>Mediante o uso de cookies tam\u00e9n e posible que o servidor onde se atopa a web reco\u00f1eza o navegador utilizado polo usuario coa finalidade de que a navegaci\u00f3n sexa m\u00e1is sinxela, permitindo, por exemplo, o acceso dos usuarios que se rexistren previamente \u00e1s \u00e1reas, servizos, promoci\u00f3ns ou concursos reservados exclusivamente a eles sen ter que rexistrarse en cada visita. Tam\u00e9n se pode utilizar para medir a audiencia, par\u00e1metros de tr\u00e1fico, controlar o progreso e n\u00famero de entradas, etc, sendo nestes casos cookies prescindibles tecnicamente pero beneficiosas para o usuario. Este sitio web non instalar\u00e1 cookies prescindibles sen o consentimento previo do usuario.<\/p>\n<p>O usuario ten a posibilidade de configurar o seu navegador para ser alertado da recepci\u00f3n de cookies e para impedir a s\u00faa instalaci\u00f3n no equipo. Por favor, consulte as instalaci\u00f3ns do seu navegador para ampliar esta informaci\u00f3n.<\/p>\n<p><strong>Pol\u00edtica de enlaces<\/strong><\/p>\n<p>Desde o sitio web, \u00e9 posible que se redirixa a contidos de terceiros sitios web. Dado que VIVEIROS ADOA S.L. non pode controlar sempre os contidos introducidos polos terceiros non seus respectivos sitios web, non asume ning\u00fan tipo de responsabilidade respecto a ditos contidos. En todo caso, proceder\u00e1 \u00e1 retirada inmediata de calquera contido que puidera contravir a lexislaci\u00f3n nacional ou internacional, a moral ou o orden p\u00fablico, procedendo a retirada inmediata da redirecci\u00f3n a dito sitio web, pondo en co\u00f1ecemento das autoridades competentes o contido en cuesti\u00f3n.<\/p>\n<p>VIVEIROS ADOA S.L non se fai responsable da informaci\u00f3n e contidos almacenados, a t\u00edtulo enunciativo pero non limitativo, en foros, chats, xeradores de blogs, comentarios , redes sociais ou calquera outro medio que permita a terceiros publicar contidos de forma independentes na p\u00e1xina web de VIVEIROS ADOA S.L. Sen embargo, e en cumprimento do disposto nos artigos 11 e 16 da LSSICE, ponse a disposici\u00f3n de t\u00f3dolos usuarios, autoridades e forzas de seguridade, colaborando de forma activa na retirada ou, no seu caso, bloqueo de todos aqueles contidos que poidan afectar ou contravir a lexislaci\u00f3n nacional ou internacional, os dereitos de terceiros ou a moral e o orden p\u00fablico. No caso de que o usuario considere que existe no sitio web alg\u00fan contido que puidera ser susceptible de esta clasificaci\u00f3n, r\u00f3gase o notifique de forma inmediata ao administrador do sitio web.<\/p>\n<p>Este sitio web foi revisado e probado para que funcione correctamente. En principio pode garantirse o correcto funcionamento os 365 d\u00edas do ano, 24 horas ao d\u00eda. Sen embargo, VIVEIROS ADOA S.L. non descarta a posibilidade de que existan certos erros de programaci\u00f3n, ou que acontezan causas de forza maior, cat\u00e1strofes naturais, folgas ou circunstancias semellantes que fagan imposible o acceso a p\u00e1xina web.<\/p>\n<p><strong>Direcci\u00f3ns IP<\/strong><\/p>\n<p>Os servizos do sitio web poder\u00e1n detectar de maneira autom\u00e1tica a direcci\u00f3n IP e o nome de dominio utilizados polo usuario. Unha direcci\u00f3n IP \u00e9 o n\u00famero asignado automaticamente a un ordenador cando este se conecta a Internet. Toda esta informaci\u00f3n \u00e9 rexistrada nun ficheiro de actividade do servidor debidamente inscrito que permite o posterior procesamento dos datos co fin de obter medici\u00f3ns unicamente estat\u00edsticas que permitan co\u00f1ecer o n\u00famero de impresi\u00f3ns de p\u00e1xinas, o n\u00famero de visitas realizadas aos servidores web, o orden de visitas, o punto de acceso, etc.<\/p>\n<ol start=\"4\">\n<li><strong>LEI APLICABLE E XURISDICCI\u00d3N <\/strong><\/li>\n<\/ol>\n<p>Para a resoluci\u00f3n de t\u00f3dalas controversias ou cuesti\u00f3ns relacionadas co presente sitio web ou das actividades nel desenroladas, ser\u00e1 de aplicaci\u00f3n a lexislaci\u00f3n espa\u00f1ola, a que se someten expresamente as partes, sendo compo\u00f1entes para a resoluci\u00f3n de t\u00f3dolos conflitos derivados ou relacionados co seu uso os Xulgados e Tribunais m\u00e1is pretos a TAMEIGA-MOS. M\u00c1IS INFO PROTECCI\u00d3N DE DATOS: https:\/\/www.legalveritas.es<\/p>\n","protected":false},"excerpt":{"rendered":"<p>LEI DOS SERVICIOS DA SOCIEDADE DA INFORMACI\u00d3N (LSSI) VIVEIROS ADOA S.L., responsable do sitio web, pon a disposici\u00f3n dos usuarios o presente documento, co que pretende dar cumprimento as obrigas dispostas na Lei 34\/2002, de 11 de xullo, de Servizos da Sociedade da Informaci\u00f3n e de Comercio Electr\u00f3nico (LSSICE), BOE N\u00ba166, as\u00ed como informar a [&hellip;]<\/p>\n","protected":false},"author":1,"featured_media":0,"parent":0,"menu_order":0,"comment_status":"closed","ping_status":"closed","template":"","meta":{"footnotes":""},"class_list":["post-1468","page","type-page","status-publish","hentry"],"yoast_head":"<!-- This site is optimized with the Yoast SEO plugin v25.8 - https:\/\/yoast.com\/wordpress\/plugins\/seo\/ -->\n<title>Aviso Legal - Adoa<\/title>\n<meta name=\"robots\" content=\"index, follow, max-snippet:-1, max-image-preview:large, max-video-preview:-1\" \/>\n<link rel=\"canonical\" href=\"https:\/\/adoa.es\/gl\/aviso-legal\/\" \/>\n<meta name=\"twitter:label1\" content=\"Tempo de lectura\" \/>\n\t<meta name=\"twitter:data1\" content=\"7 minutos\" \/>\n<script type=\"application\/ld+json\" class=\"yoast-schema-graph\">{\"@context\":\"https:\/\/schema.org\",\"@graph\":[{\"@type\":\"WebPage\",\"@id\":\"https:\/\/adoa.es\/gl\/aviso-legal\/\",\"url\":\"https:\/\/adoa.es\/gl\/aviso-legal\/\",\"name\":\"Aviso Legal - Adoa\",\"isPartOf\":{\"@id\":\"https:\/\/adoa.es\/gl\/#website\"},\"datePublished\":\"2018-02-06T10:48:46+00:00\",\"dateModified\":\"2018-02-08T16:53:48+00:00\",\"breadcrumb\":{\"@id\":\"https:\/\/adoa.es\/gl\/aviso-legal\/#breadcrumb\"},\"inLanguage\":\"gl-ES\",\"potentialAction\":[{\"@type\":\"ReadAction\",\"target\":[\"https:\/\/adoa.es\/gl\/aviso-legal\/\"]}]},{\"@type\":\"BreadcrumbList\",\"@id\":\"https:\/\/adoa.es\/gl\/aviso-legal\/#breadcrumb\",\"itemListElement\":[{\"@type\":\"ListItem\",\"position\":1,\"name\":\"Portada\",\"item\":\"https:\/\/adoa.es\/gl\/\"},{\"@type\":\"ListItem\",\"position\":2,\"name\":\"Aviso Legal\"}]},{\"@type\":\"WebSite\",\"@id\":\"https:\/\/adoa.es\/gl\/#website\",\"url\":\"https:\/\/adoa.es\/gl\/\",\"name\":\"Adoa\",\"description\":\"Centros de Xardiner\u00eda\",\"potentialAction\":[{\"@type\":\"SearchAction\",\"target\":{\"@type\":\"EntryPoint\",\"urlTemplate\":\"https:\/\/adoa.es\/gl\/?s={search_term_string}\"},\"query-input\":{\"@type\":\"PropertyValueSpecification\",\"valueRequired\":true,\"valueName\":\"search_term_string\"}}],\"inLanguage\":\"gl-ES\"}]}<\/script>\n<!-- \/ Yoast SEO plugin. -->","yoast_head_json":{"title":"Aviso Legal - Adoa","robots":{"index":"index","follow":"follow","max-snippet":"max-snippet:-1","max-image-preview":"max-image-preview:large","max-video-preview":"max-video-preview:-1"},"canonical":"https:\/\/adoa.es\/gl\/aviso-legal\/","twitter_misc":{"Tempo de lectura":"7 minutos"},"schema":{"@context":"https:\/\/schema.org","@graph":[{"@type":"WebPage","@id":"https:\/\/adoa.es\/gl\/aviso-legal\/","url":"https:\/\/adoa.es\/gl\/aviso-legal\/","name":"Aviso Legal - Adoa","isPartOf":{"@id":"https:\/\/adoa.es\/gl\/#website"},"datePublished":"2018-02-06T10:48:46+00:00","dateModified":"2018-02-08T16:53:48+00:00","breadcrumb":{"@id":"https:\/\/adoa.es\/gl\/aviso-legal\/#breadcrumb"},"inLanguage":"gl-ES","potentialAction":[{"@type":"ReadAction","target":["https:\/\/adoa.es\/gl\/aviso-legal\/"]}]},{"@type":"BreadcrumbList","@id":"https:\/\/adoa.es\/gl\/aviso-legal\/#breadcrumb","itemListElement":[{"@type":"ListItem","position":1,"name":"Portada","item":"https:\/\/adoa.es\/gl\/"},{"@type":"ListItem","position":2,"name":"Aviso Legal"}]},{"@type":"WebSite","@id":"https:\/\/adoa.es\/gl\/#website","url":"https:\/\/adoa.es\/gl\/","name":"Adoa","description":"Centros de Xardiner\u00eda","potentialAction":[{"@type":"SearchAction","target":{"@type":"EntryPoint","urlTemplate":"https:\/\/adoa.es\/gl\/?s={search_term_string}"},"query-input":{"@type":"PropertyValueSpecification","valueRequired":true,"valueName":"search_term_string"}}],"inLanguage":"gl-ES"}]}},"_links":{"self":[{"href":"https:\/\/adoa.es\/gl\/wp-json\/wp\/v2\/pages\/1468","targetHints":{"allow":["GET"]}}],"collection":[{"href":"https:\/\/adoa.es\/gl\/wp-json\/wp\/v2\/pages"}],"about":[{"href":"https:\/\/adoa.es\/gl\/wp-json\/wp\/v2\/types\/page"}],"author":[{"embeddable":true,"href":"https:\/\/adoa.es\/gl\/wp-json\/wp\/v2\/users\/1"}],"replies":[{"embeddable":true,"href":"https:\/\/adoa.es\/gl\/wp-json\/wp\/v2\/comments?post=1468"}],"version-history":[{"count":2,"href":"https:\/\/adoa.es\/gl\/wp-json\/wp\/v2\/pages\/1468\/revisions"}],"predecessor-version":[{"id":1634,"href":"https:\/\/adoa.es\/gl\/wp-json\/wp\/v2\/pages\/1468\/revisions\/1634"}],"wp:attachment":[{"href":"https:\/\/adoa.es\/gl\/wp-json\/wp\/v2\/media?parent=1468"}],"curies":[{"name":"wp","href":"https:\/\/api.w.org\/{rel}","templated":true}]}}